{"id":754990,"date":"2025-08-28T06:27:23","date_gmt":"2025-08-28T03:27:23","guid":{"rendered":"https:\/\/roveyayinevi.com.tr\/index.php\/urun\/akasyanin-bilim-gunlugu\/"},"modified":"2026-04-16T03:08:18","modified_gmt":"2026-04-16T00:08:18","slug":"akasyanin-bilim-gunlugu","status":"publish","type":"product","link":"https:\/\/roveyayinevi.com.tr\/index.php\/urun\/akasyanin-bilim-gunlugu\/","title":{"rendered":"Akasya\u2019n\u0131n Bilim G\u00fcnl\u00fc\u011f\u00fc"},"content":{"rendered":"<p>Akasya\u2019n\u0131n akl\u0131n\u0131 kurcalayan baz\u0131 sorular var: Bah\u00e7edeki yaban mersinleri neden olgunla\u015ft\u0131k\u00e7a ortadan kayboluyor? Yaz\u0131n g\u00fcne\u015f neden \u00e7ok erken do\u011fuyor? \u00d6zenle yapt\u0131\u011f\u0131 kumdan kaleleri bozan bu gelgit de neyin nesi? Akasya, bu sorular\u0131n yan\u0131t\u0131n\u0131 bilimsel y\u00f6ntemi kullanarak bulmaya karar verdi. G\u00f6zlem yapt\u0131, merak etti, sorular sordu, hipotezler geli\u015ftirdi ve bunlar\u0131 deneyler yaparak s\u0131nad\u0131. T\u00fcm ya\u015fad\u0131klar\u0131n\u0131 da bilim g\u00fcnl\u00fc\u011f\u00fcne yazd\u0131. Bilimsel metodu ya\u015famdan \u00f6rneklerle a\u00e7\u0131klayan bu kitab\u0131 okurken hem e\u011flenecek hem yeni \u015feyler \u00f6\u011freneceksiniz.<\/p>\n","protected":false},"excerpt":{"rendered":"<p>Akasya\u2019n\u0131n akl\u0131n\u0131 kurcalayan baz\u0131 sorular var: Bah\u00e7edeki yaban mersinleri neden olgunla\u015ft\u0131k\u00e7a ortadan kayboluyor? Yaz\u0131n g\u00fcne\u015f neden \u00e7ok erken do\u011fuyor? \u00d6zenle yapt\u0131\u011f\u0131 kumdan kaleleri bozan bu gelgit<span class=\"excerpt-hellip\"> [\u2026]<\/span><\/p>\n","protected":false},"featured_media":0,"template":"","meta":{"_monsterinsights_skip_tracking":false,"_monsterinsights_sitenote_active":false,"_monsterinsights_sitenote_note":"","_monsterinsights_sitenote_category":0},"product_brand":[],"product_cat":[12274,12284],"product_tag":[],"class_list":{"0":"post-754990","1":"product","2":"type-product","3":"status-publish","5":"product_cat-cocuk-ve-genclik-kitaplari","6":"product_cat-hikayeler","7":"pa_cilt-ciltsiz","8":"pa_tur-kitap","9":"pa_yayinevi-is-bankasi-kultur-yayinlari","10":"pa_yazar-katie-coppens","12":"first","13":"instock","14":"sale","15":"shipping-taxable","16":"purchasable","17":"product-type-simple"},"_links":{"self":[{"href":"https:\/\/roveyayinevi.com.tr\/index.php\/wp-json\/wp\/v2\/product\/754990","targetHints":{"allow":["GET"]}}],"collection":[{"href":"https:\/\/roveyayinevi.com.tr\/index.php\/wp-json\/wp\/v2\/product"}],"about":[{"href":"https:\/\/roveyayinevi.com.tr\/index.php\/wp-json\/wp\/v2\/types\/product"}],"wp:attachment":[{"href":"https:\/\/roveyayinevi.com.tr\/index.php\/wp-json\/wp\/v2\/media?parent=754990"}],"wp:term":[{"taxonomy":"product_brand","embeddable":true,"href":"https:\/\/roveyayinevi.com.tr\/index.php\/wp-json\/wp\/v2\/product_brand?post=754990"},{"taxonomy":"product_cat","embeddable":true,"href":"https:\/\/roveyayinevi.com.tr\/index.php\/wp-json\/wp\/v2\/product_cat?post=754990"},{"taxonomy":"product_tag","embeddable":true,"href":"https:\/\/roveyayinevi.com.tr\/index.php\/wp-json\/wp\/v2\/product_tag?post=754990"}],"curies":[{"name":"wp","href":"https:\/\/api.w.org\/{rel}","templated":true}]}}