{"id":754986,"date":"2025-08-28T06:27:15","date_gmt":"2025-08-28T03:27:15","guid":{"rendered":"https:\/\/roveyayinevi.com.tr\/index.php\/urun\/minecraft-kaza\/"},"modified":"2026-04-16T03:08:18","modified_gmt":"2026-04-16T00:08:18","slug":"minecraft-kaza","status":"publish","type":"product","link":"https:\/\/roveyayinevi.com.tr\/index.php\/urun\/minecraft-kaza\/","title":{"rendered":"Minecraft &#8211; Kaza"},"content":{"rendered":"<p>Bianca asla sonu\u00e7lar\u0131 d\u00fc\u015f\u00fcnerek hareket eden biri olmam\u0131\u015ft\u0131. Ama sonu\u00e7lardan sonsuza dek ka\u00e7amazd\u0131 ve bunu en iyi dostuyla birlikte ge\u00e7irdi\u011fi korkun\u00e7 araba kazas\u0131nda \u00f6\u011frenecekti. Neredeyse fel\u00e7 olmu\u015f bir halde hastanede uyand\u0131\u011f\u0131nda Minecraft\u2019\u0131n yeni sanal ger\u00e7eklik s\u00fcr\u00fcm\u00fc ona yepyeni bir d\u00fcnyan\u0131n kap\u0131lar\u0131n\u0131 a\u00e7t\u0131. Bu d\u00fcnyada hayalleri ger\u00e7ekle\u015firken, en korkun\u00e7 kabuslar\u0131yla da y\u00fczle\u015fmesi gerekecekti! <\/p>\n","protected":false},"excerpt":{"rendered":"<p>Bianca asla sonu\u00e7lar\u0131 d\u00fc\u015f\u00fcnerek hareket eden biri olmam\u0131\u015ft\u0131. Ama sonu\u00e7lardan sonsuza dek ka\u00e7amazd\u0131 ve bunu en iyi dostuyla birlikte ge\u00e7irdi\u011fi korkun\u00e7 araba kazas\u0131nda \u00f6\u011frenecekti. Neredeyse fel\u00e7<span class=\"excerpt-hellip\"> [\u2026]<\/span><\/p>\n","protected":false},"featured_media":0,"template":"","meta":{"_monsterinsights_skip_tracking":false,"_monsterinsights_sitenote_active":false,"_monsterinsights_sitenote_note":"","_monsterinsights_sitenote_category":0},"product_brand":[],"product_cat":[12291,12711],"product_tag":[],"class_list":{"0":"post-754986","1":"product","2":"type-product","3":"status-publish","5":"product_cat-edebiyat","6":"product_cat-roman-oyku","7":"pa_cilt-ciltsiz","8":"pa_tur-kitap","9":"pa_yayinevi-x-libris","10":"pa_yazar-tracey-baptiste","12":"first","13":"instock","14":"sale","15":"shipping-taxable","16":"purchasable","17":"product-type-simple"},"_links":{"self":[{"href":"https:\/\/roveyayinevi.com.tr\/index.php\/wp-json\/wp\/v2\/product\/754986","targetHints":{"allow":["GET"]}}],"collection":[{"href":"https:\/\/roveyayinevi.com.tr\/index.php\/wp-json\/wp\/v2\/product"}],"about":[{"href":"https:\/\/roveyayinevi.com.tr\/index.php\/wp-json\/wp\/v2\/types\/product"}],"wp:attachment":[{"href":"https:\/\/roveyayinevi.com.tr\/index.php\/wp-json\/wp\/v2\/media?parent=754986"}],"wp:term":[{"taxonomy":"product_brand","embeddable":true,"href":"https:\/\/roveyayinevi.com.tr\/index.php\/wp-json\/wp\/v2\/product_brand?post=754986"},{"taxonomy":"product_cat","embeddable":true,"href":"https:\/\/roveyayinevi.com.tr\/index.php\/wp-json\/wp\/v2\/product_cat?post=754986"},{"taxonomy":"product_tag","embeddable":true,"href":"https:\/\/roveyayinevi.com.tr\/index.php\/wp-json\/wp\/v2\/product_tag?post=754986"}],"curies":[{"name":"wp","href":"https:\/\/api.w.org\/{rel}","templated":true}]}}