{"id":754985,"date":"2025-08-28T06:27:13","date_gmt":"2025-08-28T03:27:13","guid":{"rendered":"https:\/\/roveyayinevi.com.tr\/index.php\/urun\/minecraft-kayip-gunluk\/"},"modified":"2026-04-16T03:08:17","modified_gmt":"2026-04-16T00:08:17","slug":"minecraft-kayip-gunluk","status":"publish","type":"product","link":"https:\/\/roveyayinevi.com.tr\/index.php\/urun\/minecraft-kayip-gunluk\/","title":{"rendered":"Minecraft &#8211; Kay\u0131p G\u00fcnl\u00fck"},"content":{"rendered":"<p>Yepyeni Minecraft maceras\u0131yla bilinmeze yolculuk ba\u015fl\u0131yor!   Minecraft d\u00fcnyas\u0131nda ya\u015fayan Alison\u2019la Max, bulduklar\u0131 \u015fifreli g\u00fcnl\u00fc\u011f\u00fcn talimatlar\u0131n\u0131 izlediklerinde, g\u00fcvenli ana d\u00fcnyay\u0131 geride b\u0131rak\u0131p bilinmezlerle dolu Nether \u00e2lemine ad\u0131m at\u0131yorlar. Burada tan\u0131\u015ft\u0131klar\u0131 yeni arkada\u015flar\u0131 Freya ve onun \u00f6dlek k\u00f6pe\u011fiyle birlikte g\u00fcnl\u00fc\u011f\u00fcn gizemli sahibini bulmaya \u00e7al\u0131\u015f\u0131yorlar. Ama \u00f6nce g\u00fcnl\u00fc\u011f\u00fcn \u015fifrelerini \u00e7\u00f6zmek ve tehlikeli d\u00fc\u015fmanlarla \u00e7arp\u0131\u015fmak zorundalar! <\/p>\n","protected":false},"excerpt":{"rendered":"<p>Yepyeni Minecraft maceras\u0131yla bilinmeze yolculuk ba\u015fl\u0131yor! Minecraft d\u00fcnyas\u0131nda ya\u015fayan Alison\u2019la Max, bulduklar\u0131 \u015fifreli g\u00fcnl\u00fc\u011f\u00fcn talimatlar\u0131n\u0131 izlediklerinde, g\u00fcvenli ana d\u00fcnyay\u0131 geride b\u0131rak\u0131p bilinmezlerle dolu Nether \u00e2lemine ad\u0131m<span class=\"excerpt-hellip\"> [\u2026]<\/span><\/p>\n","protected":false},"featured_media":0,"template":"","meta":{"_monsterinsights_skip_tracking":false,"_monsterinsights_sitenote_active":false,"_monsterinsights_sitenote_note":"","_monsterinsights_sitenote_category":0},"product_brand":[],"product_cat":[12291,12711],"product_tag":[],"class_list":{"0":"post-754985","1":"product","2":"type-product","3":"status-publish","5":"product_cat-edebiyat","6":"product_cat-roman-oyku","7":"pa_cilt-ciltsiz","8":"pa_tur-kitap","9":"pa_yayinevi-x-libris","10":"pa_yazar-mur-lafferty","12":"first","13":"instock","14":"sale","15":"shipping-taxable","16":"purchasable","17":"product-type-simple"},"_links":{"self":[{"href":"https:\/\/roveyayinevi.com.tr\/index.php\/wp-json\/wp\/v2\/product\/754985","targetHints":{"allow":["GET"]}}],"collection":[{"href":"https:\/\/roveyayinevi.com.tr\/index.php\/wp-json\/wp\/v2\/product"}],"about":[{"href":"https:\/\/roveyayinevi.com.tr\/index.php\/wp-json\/wp\/v2\/types\/product"}],"wp:attachment":[{"href":"https:\/\/roveyayinevi.com.tr\/index.php\/wp-json\/wp\/v2\/media?parent=754985"}],"wp:term":[{"taxonomy":"product_brand","embeddable":true,"href":"https:\/\/roveyayinevi.com.tr\/index.php\/wp-json\/wp\/v2\/product_brand?post=754985"},{"taxonomy":"product_cat","embeddable":true,"href":"https:\/\/roveyayinevi.com.tr\/index.php\/wp-json\/wp\/v2\/product_cat?post=754985"},{"taxonomy":"product_tag","embeddable":true,"href":"https:\/\/roveyayinevi.com.tr\/index.php\/wp-json\/wp\/v2\/product_tag?post=754985"}],"curies":[{"name":"wp","href":"https:\/\/api.w.org\/{rel}","templated":true}]}}