{"id":754983,"date":"2025-08-28T06:27:08","date_gmt":"2025-08-28T03:27:08","guid":{"rendered":"https:\/\/roveyayinevi.com.tr\/index.php\/urun\/minecraft-dag\/"},"modified":"2026-04-16T03:08:17","modified_gmt":"2026-04-16T00:08:17","slug":"minecraft-dag","status":"publish","type":"product","link":"https:\/\/roveyayinevi.com.tr\/index.php\/urun\/minecraft-dag\/","title":{"rendered":"Minecraft- Da\u011f"},"content":{"rendered":"<p>Kendini geli\u015ftirmek istiyorsan g\u00fcvenli alan\u0131ndan \u00e7\u0131kmal\u0131s\u0131n! G\u00fcne\u015f batar, g\u00f6k karar\u0131r ve \u015fekli benim adam\u0131 and\u0131ran soluk bir hilal ard\u0131mda y\u00fckselirken, tuhaf bir s\u0131la \u00f6zlemiyle bu s\u00f6z\u00fc kafamda ne kadar tekrarlad\u0131\u011f\u0131m\u0131 bilmiyorum. O ana dek tan\u0131y\u0131p bildi\u011fim her \u015fey arkamda yok olup gitti\u011fi s\u0131rada akl\u0131mda yaln\u0131zca \u015fu soru yank\u0131lan\u0131yordu: Uzaklarda beni ne bekliyor? <\/p>\n","protected":false},"excerpt":{"rendered":"<p>Kendini geli\u015ftirmek istiyorsan g\u00fcvenli alan\u0131ndan \u00e7\u0131kmal\u0131s\u0131n! G\u00fcne\u015f batar, g\u00f6k karar\u0131r ve \u015fekli benim adam\u0131 and\u0131ran soluk bir hilal ard\u0131mda y\u00fckselirken, tuhaf bir s\u0131la \u00f6zlemiyle bu s\u00f6z\u00fc<span class=\"excerpt-hellip\"> [\u2026]<\/span><\/p>\n","protected":false},"featured_media":0,"template":"","meta":{"_monsterinsights_skip_tracking":false,"_monsterinsights_sitenote_active":false,"_monsterinsights_sitenote_note":"","_monsterinsights_sitenote_category":0},"product_brand":[],"product_cat":[12291,12711],"product_tag":[],"class_list":{"0":"post-754983","1":"product","2":"type-product","3":"status-publish","5":"product_cat-edebiyat","6":"product_cat-roman-oyku","7":"pa_cilt-ciltsiz","8":"pa_tur-kitap","9":"pa_yayinevi-x-libris","10":"pa_yazar-max-brooks","12":"first","13":"instock","14":"sale","15":"shipping-taxable","16":"purchasable","17":"product-type-simple"},"_links":{"self":[{"href":"https:\/\/roveyayinevi.com.tr\/index.php\/wp-json\/wp\/v2\/product\/754983","targetHints":{"allow":["GET"]}}],"collection":[{"href":"https:\/\/roveyayinevi.com.tr\/index.php\/wp-json\/wp\/v2\/product"}],"about":[{"href":"https:\/\/roveyayinevi.com.tr\/index.php\/wp-json\/wp\/v2\/types\/product"}],"wp:attachment":[{"href":"https:\/\/roveyayinevi.com.tr\/index.php\/wp-json\/wp\/v2\/media?parent=754983"}],"wp:term":[{"taxonomy":"product_brand","embeddable":true,"href":"https:\/\/roveyayinevi.com.tr\/index.php\/wp-json\/wp\/v2\/product_brand?post=754983"},{"taxonomy":"product_cat","embeddable":true,"href":"https:\/\/roveyayinevi.com.tr\/index.php\/wp-json\/wp\/v2\/product_cat?post=754983"},{"taxonomy":"product_tag","embeddable":true,"href":"https:\/\/roveyayinevi.com.tr\/index.php\/wp-json\/wp\/v2\/product_tag?post=754983"}],"curies":[{"name":"wp","href":"https:\/\/api.w.org\/{rel}","templated":true}]}}