{"id":754982,"date":"2025-08-28T06:27:05","date_gmt":"2025-08-28T03:27:05","guid":{"rendered":"https:\/\/roveyayinevi.com.tr\/index.php\/urun\/magnus-chase-ve-asgard-tanrilari-1-yaz-kilici\/"},"modified":"2026-04-16T03:08:17","modified_gmt":"2026-04-16T00:08:17","slug":"magnus-chase-ve-asgard-tanrilari-1-yaz-kilici","status":"publish","type":"product","link":"https:\/\/roveyayinevi.com.tr\/index.php\/urun\/magnus-chase-ve-asgard-tanrilari-1-yaz-kilici\/","title":{"rendered":"Magnus Chase ve Asgard Tanr\u0131lar\u0131 1 &#8211; Yaz K\u0131l\u0131c\u0131"},"content":{"rendered":"<p>MAGNUS CHASE\u2019in ba\u015f\u0131na o g\u00fcne dek yeterince i\u015f a\u00e7\u0131lm\u0131\u015ft\u0131. \u0130ki y\u0131l \u00f6nce annesinin kendisine ka\u00e7mas\u0131n\u0131 s\u00f6yledi\u011fi o korkun\u00e7 geceden beri Boston\u2019da sokaklarda ya\u015f\u0131yor, polisten ve sosyal hizmetlerden yaln\u0131zca kafas\u0131n\u0131 kullanarak kurtuluyordu. Magnus bir g\u00fcn pe\u015fine bir ba\u015fkas\u0131n\u0131n d\u00fc\u015ft\u00fc\u011f\u00fcn\u00fc \u00f6\u011frendi: Annesinin kendisini tembihleyerek uzak durmas\u0131n\u0131 s\u00f6yledi\u011fi day\u0131s\u0131 Randolph. Ancak Magnus, day\u0131s\u0131ndan ka\u00e7mak isterken onun avucunun i\u00e7ine d\u00fc\u015f\u00fcverdi. Randolph ise \u0130skandinav tarihiyle ilgili bir \u015feyler geveleyip Magnus\u2019a bir yerlerde do\u011fu\u015ftan hak etti\u011fi bir \u015fey oldu\u011funu s\u00f6yledi: Binlerce y\u0131ld\u0131r kay\u0131p olan bir silah. Randolph konu\u015ftuk\u00e7a eksik par\u00e7alar bir bir tamamland\u0131. Asgard tanr\u0131lar\u0131, kurtlar ve K\u0131yamet G\u00fcn\u00fc hakk\u0131ndaki efsaneler Magnus\u2019un haf\u0131zas\u0131nda yeniden \u015fekillendi. Ancak fazla vakti yoktu, \u00e7\u00fcnk\u00fc o an bir ate\u015f devi Boston\u2019a sald\u0131rmakta ve Magnus\u2019u kendi g\u00fcvenli\u011fi ile binlerce masum insan\u0131n ya\u015fam\u0131 aras\u0131nda bir se\u00e7im yapmaya zorlamaktayd\u0131\u2026 Bazen yeni bir ya\u015fama ba\u015flaman\u0131n tek yolu, \u00f6lmektir <\/p>\n","protected":false},"excerpt":{"rendered":"<p>MAGNUS CHASE\u2019in ba\u015f\u0131na o g\u00fcne dek yeterince i\u015f a\u00e7\u0131lm\u0131\u015ft\u0131. \u0130ki y\u0131l \u00f6nce annesinin kendisine ka\u00e7mas\u0131n\u0131 s\u00f6yledi\u011fi o korkun\u00e7 geceden beri Boston\u2019da sokaklarda ya\u015f\u0131yor, polisten ve sosyal<span class=\"excerpt-hellip\"> [\u2026]<\/span><\/p>\n","protected":false},"featured_media":0,"template":"","meta":{"_monsterinsights_skip_tracking":false,"_monsterinsights_sitenote_active":false,"_monsterinsights_sitenote_note":"","_monsterinsights_sitenote_category":0},"product_brand":[],"product_cat":[12291,12711],"product_tag":[],"class_list":{"0":"post-754982","1":"product","2":"type-product","3":"status-publish","5":"product_cat-edebiyat","6":"product_cat-roman-oyku","7":"pa_cilt-ciltsiz","8":"pa_tur-kitap","9":"pa_yayinevi-x-libris","10":"pa_yazar-rick-riordan","12":"first","13":"instock","14":"sale","15":"shipping-taxable","16":"purchasable","17":"product-type-simple"},"_links":{"self":[{"href":"https:\/\/roveyayinevi.com.tr\/index.php\/wp-json\/wp\/v2\/product\/754982","targetHints":{"allow":["GET"]}}],"collection":[{"href":"https:\/\/roveyayinevi.com.tr\/index.php\/wp-json\/wp\/v2\/product"}],"about":[{"href":"https:\/\/roveyayinevi.com.tr\/index.php\/wp-json\/wp\/v2\/types\/product"}],"wp:attachment":[{"href":"https:\/\/roveyayinevi.com.tr\/index.php\/wp-json\/wp\/v2\/media?parent=754982"}],"wp:term":[{"taxonomy":"product_brand","embeddable":true,"href":"https:\/\/roveyayinevi.com.tr\/index.php\/wp-json\/wp\/v2\/product_brand?post=754982"},{"taxonomy":"product_cat","embeddable":true,"href":"https:\/\/roveyayinevi.com.tr\/index.php\/wp-json\/wp\/v2\/product_cat?post=754982"},{"taxonomy":"product_tag","embeddable":true,"href":"https:\/\/roveyayinevi.com.tr\/index.php\/wp-json\/wp\/v2\/product_tag?post=754982"}],"curies":[{"name":"wp","href":"https:\/\/api.w.org\/{rel}","templated":true}]}}