{"id":754981,"date":"2025-08-28T06:27:03","date_gmt":"2025-08-28T03:27:03","guid":{"rendered":"https:\/\/roveyayinevi.com.tr\/index.php\/urun\/kane-gunceleri-3-yilanin-golgesi\/"},"modified":"2026-04-16T03:08:17","modified_gmt":"2026-04-16T00:08:17","slug":"kane-gunceleri-3-yilanin-golgesi","status":"publish","type":"product","link":"https:\/\/roveyayinevi.com.tr\/index.php\/urun\/kane-gunceleri-3-yilanin-golgesi\/","title":{"rendered":"Kane G\u00fcnceleri 3 &#8211; Y\u0131lan\u0131n G\u00f6lgesi"},"content":{"rendered":"<p>Antik M\u0131s\u0131r tanr\u0131lar\u0131n\u0131n izinden gitmeyi \u00f6\u011frenen Carter ve Sadie, d\u00fcnyan\u0131n d\u00fczenini yeniden sa\u011flamak i\u00e7in art\u0131k haz\u0131rlar. Ancak Kaos y\u0131lan\u0131 Apep, serbest kald\u0131 ve yery\u00fcz\u00fcn\u00fc yok etmeye kararl\u0131. B\u00fcy\u00fcc\u00fclerse iki gruba ayr\u0131lm\u0131\u015f halde. Tanr\u0131lar birer birer kaybolmakta, geride kalanlarsa g\u00fc\u00e7 bak\u0131m\u0131ndan \u00e7ok zay\u0131f. \u0130ki karde\u015fin en yetenekli yanda\u015flar\u0131 Walt, \u00fczerindeki lanet y\u00fcz\u00fcnden g\u00fcnden g\u00fcne eriyor. Zia, g\u00fcne\u015f tanr\u0131s\u0131 Ra\u2019n\u0131n bak\u0131c\u0131l\u0131\u011f\u0131n\u0131 \u00fcstlenmi\u015f durumda. Birka\u00e7 gen\u00e7ten ve acemi \u00f6\u011frenciden olu\u015fan bu ekip, Apep kar\u015f\u0131s\u0131nda her \u015feye ra\u011fmen zafer umudunu koruyor. Antik M\u0131s\u0131r\u2019\u0131 yeniden aya\u011fa kald\u0131ran Kane G\u00fcnceleri efsanesi Y\u0131lan\u0131n G\u00f6lgesi ile son buluyor. Sava\u015f, a\u015fk ve doludizgin bir macera, Carter ve Sadie Kane\u2019in inan\u0131lmaz hikayesine yara\u015f\u0131r bir finalle bu kitapta. \u00c7ok satan Percy Jackson ve Olimposlular serisinin yazar\u0131 Rick Riordan, M\u0131s\u0131r Mitolojisi \u00fczerine kurgulad\u0131\u011f\u0131 Kane G\u00fcnceleri\u2019nin son kitab\u0131 Y\u0131lan\u0131n G\u00f6lgesi\u2019nde bizi yeni karakterlerle tan\u0131\u015ft\u0131r\u0131p unutulmaz bir seriyi daha tamaml\u0131yor. <\/p>\n","protected":false},"excerpt":{"rendered":"<p>Antik M\u0131s\u0131r tanr\u0131lar\u0131n\u0131n izinden gitmeyi \u00f6\u011frenen Carter ve Sadie, d\u00fcnyan\u0131n d\u00fczenini yeniden sa\u011flamak i\u00e7in art\u0131k haz\u0131rlar. Ancak Kaos y\u0131lan\u0131 Apep, serbest kald\u0131 ve yery\u00fcz\u00fcn\u00fc yok etmeye<span class=\"excerpt-hellip\"> [\u2026]<\/span><\/p>\n","protected":false},"featured_media":0,"template":"","meta":{"_monsterinsights_skip_tracking":false,"_monsterinsights_sitenote_active":false,"_monsterinsights_sitenote_note":"","_monsterinsights_sitenote_category":0},"product_brand":[],"product_cat":[12291,12711],"product_tag":[],"class_list":{"0":"post-754981","1":"product","2":"type-product","3":"status-publish","5":"product_cat-edebiyat","6":"product_cat-roman-oyku","7":"pa_cilt-ciltsiz","8":"pa_tur-kitap","9":"pa_yayinevi-x-libris","10":"pa_yazar-rick-riordan","12":"first","13":"instock","14":"sale","15":"shipping-taxable","16":"purchasable","17":"product-type-simple"},"_links":{"self":[{"href":"https:\/\/roveyayinevi.com.tr\/index.php\/wp-json\/wp\/v2\/product\/754981","targetHints":{"allow":["GET"]}}],"collection":[{"href":"https:\/\/roveyayinevi.com.tr\/index.php\/wp-json\/wp\/v2\/product"}],"about":[{"href":"https:\/\/roveyayinevi.com.tr\/index.php\/wp-json\/wp\/v2\/types\/product"}],"wp:attachment":[{"href":"https:\/\/roveyayinevi.com.tr\/index.php\/wp-json\/wp\/v2\/media?parent=754981"}],"wp:term":[{"taxonomy":"product_brand","embeddable":true,"href":"https:\/\/roveyayinevi.com.tr\/index.php\/wp-json\/wp\/v2\/product_brand?post=754981"},{"taxonomy":"product_cat","embeddable":true,"href":"https:\/\/roveyayinevi.com.tr\/index.php\/wp-json\/wp\/v2\/product_cat?post=754981"},{"taxonomy":"product_tag","embeddable":true,"href":"https:\/\/roveyayinevi.com.tr\/index.php\/wp-json\/wp\/v2\/product_tag?post=754981"}],"curies":[{"name":"wp","href":"https:\/\/api.w.org\/{rel}","templated":true}]}}