{"id":754980,"date":"2025-08-28T06:27:01","date_gmt":"2025-08-28T03:27:01","guid":{"rendered":"https:\/\/roveyayinevi.com.tr\/index.php\/urun\/kane-gunceleri-2-ates-tahti\/"},"modified":"2026-04-16T03:08:17","modified_gmt":"2026-04-16T00:08:17","slug":"kane-gunceleri-2-ates-tahti","status":"publish","type":"product","link":"https:\/\/roveyayinevi.com.tr\/index.php\/urun\/kane-gunceleri-2-ates-tahti\/","title":{"rendered":"Kane G\u00fcnceleri 2 &#8211; Ate\u015f Taht\u0131"},"content":{"rendered":"<p>Antik M\u0131s\u0131r tanr\u0131lar\u0131 yery\u00fcz\u00fcne indi\u011finden beri Carter Kane ve k\u0131zkarde\u015fi Sadie\u2019nin ba\u015f\u0131 beladan kurtulmad\u0131. \u0130ki karde\u015f, soylar\u0131 gere\u011fi b\u00fcy\u00fck g\u00fc\u00e7lere sahip; ancak hen\u00fcz haz\u0131r de\u011fillerken baz\u0131 hain tanr\u0131lar Brooklyn Evi\u2019ne sald\u0131r\u0131ya ge\u00e7iyor. \u015eimdiyse en b\u00fcy\u00fck d\u00fc\u015fmanlar\u0131, Kaos\u2019un y\u0131lan\u0131 Apep y\u00fckseli\u015fte. Apep\u2019in serbest kalmas\u0131 birka\u00e7 g\u00fcn i\u00e7erisinde \u00f6nlenemezse d\u00fcnyan\u0131n sonu gelecek. Ba\u015fka bir deyi\u015fle bu, Kane ailesi i\u00e7in son derece s\u0131radan bir g\u00fcn. Carter ve Sadie, Kaos g\u00fc\u00e7leriyle sava\u015fabilmek i\u00e7in G\u00fcne\u015f Tanr\u0131s\u0131 Ra\u2019y\u0131 uyand\u0131rmal\u0131. Fakat bunu tabii ki bug\u00fcne dek hi\u00e7bir b\u00fcy\u00fcc\u00fc ba\u015faramad\u0131. \u00d6nce b\u00fct\u00fcn d\u00fcnyada Ra\u2019n\u0131n Kitab\u0131\u2019n\u0131 aramalar\u0131, sonra da \u2013bulurlarsa\u2013 kitaptaki b\u00fcy\u00fcleri \u00e7\u00f6zmeleri gerekecek. Ah, Ra\u2019n\u0131n nerede oldu\u011funu kimse bilmiyor bu arada, s\u00f6ylemi\u015f miydik? Antik M\u0131s\u0131r tanr\u0131lar\u0131yla verilen sava\u015f k\u0131ran k\u0131rana devam ediyor! B\u00fct\u00fcn y\u00fck, iki karde\u015fin omzunda.   \u00c7ok satan Percy Jackson ve Olimposlular serisinin yazar\u0131 Rick Riordan, M\u0131s\u0131r Mitolojisi \u00fczerine kurgulad\u0131\u011f\u0131 Kane G\u00fcnceleri serisinin ikinci kitab\u0131 Ate\u015f Taht\u0131 \u2019nda yine unutulmaz karakterler yarat\u0131yor ve soluk solu\u011fa bir macera sunuyor. <\/p>\n","protected":false},"excerpt":{"rendered":"<p>Antik M\u0131s\u0131r tanr\u0131lar\u0131 yery\u00fcz\u00fcne indi\u011finden beri Carter Kane ve k\u0131zkarde\u015fi Sadie\u2019nin ba\u015f\u0131 beladan kurtulmad\u0131. \u0130ki karde\u015f, soylar\u0131 gere\u011fi b\u00fcy\u00fck g\u00fc\u00e7lere sahip; ancak hen\u00fcz haz\u0131r de\u011fillerken baz\u0131<span class=\"excerpt-hellip\"> [\u2026]<\/span><\/p>\n","protected":false},"featured_media":0,"template":"","meta":{"_monsterinsights_skip_tracking":false,"_monsterinsights_sitenote_active":false,"_monsterinsights_sitenote_note":"","_monsterinsights_sitenote_category":0},"product_brand":[],"product_cat":[12291,12711],"product_tag":[],"class_list":{"0":"post-754980","1":"product","2":"type-product","3":"status-publish","5":"product_cat-edebiyat","6":"product_cat-roman-oyku","7":"pa_cilt-ciltsiz","8":"pa_tur-kitap","9":"pa_yayinevi-x-libris","10":"pa_yazar-rick-riordan","12":"first","13":"instock","14":"sale","15":"shipping-taxable","16":"purchasable","17":"product-type-simple"},"_links":{"self":[{"href":"https:\/\/roveyayinevi.com.tr\/index.php\/wp-json\/wp\/v2\/product\/754980","targetHints":{"allow":["GET"]}}],"collection":[{"href":"https:\/\/roveyayinevi.com.tr\/index.php\/wp-json\/wp\/v2\/product"}],"about":[{"href":"https:\/\/roveyayinevi.com.tr\/index.php\/wp-json\/wp\/v2\/types\/product"}],"wp:attachment":[{"href":"https:\/\/roveyayinevi.com.tr\/index.php\/wp-json\/wp\/v2\/media?parent=754980"}],"wp:term":[{"taxonomy":"product_brand","embeddable":true,"href":"https:\/\/roveyayinevi.com.tr\/index.php\/wp-json\/wp\/v2\/product_brand?post=754980"},{"taxonomy":"product_cat","embeddable":true,"href":"https:\/\/roveyayinevi.com.tr\/index.php\/wp-json\/wp\/v2\/product_cat?post=754980"},{"taxonomy":"product_tag","embeddable":true,"href":"https:\/\/roveyayinevi.com.tr\/index.php\/wp-json\/wp\/v2\/product_tag?post=754980"}],"curies":[{"name":"wp","href":"https:\/\/api.w.org\/{rel}","templated":true}]}}