{"id":754977,"date":"2025-08-28T06:26:56","date_gmt":"2025-08-28T03:26:56","guid":{"rendered":"https:\/\/roveyayinevi.com.tr\/index.php\/urun\/benim-kisisel-alanim-evim-mahremiyet-serisi-2-ciltli\/"},"modified":"2026-04-16T03:08:17","modified_gmt":"2026-04-16T00:08:17","slug":"benim-kisisel-alanim-evim-mahremiyet-serisi-2-ciltli","status":"publish","type":"product","link":"https:\/\/roveyayinevi.com.tr\/index.php\/urun\/benim-kisisel-alanim-evim-mahremiyet-serisi-2-ciltli\/","title":{"rendered":"Benim Ki\u015fisel Alan\u0131m Evim &#8211; Mahremiyet Serisi 2 (Ciltli)"},"content":{"rendered":"<p>\u00c7ocuklar\u0131m\u0131zda sa\u011fl\u0131kl\u0131 bir mahremiyet alg\u0131s\u0131n\u0131n temeli \u00e7ocu\u011fun kendi bedeni ve cinsiyetler aras\u0131 farkl\u0131l\u0131klar\u0131 do\u011fru tan\u0131mas\u0131yla at\u0131l\u0131r. \u0130kinci ad\u0131mda ise en g\u00fcvenli liman olan evimizde s\u0131n\u0131rlar\u0131 do\u011fru \u00e7izmek vard\u0131r. \u00c7ocuklar\u0131m\u0131za mahremiyeti, kar\u015f\u0131m\u0131za al\u0131p bedeninin sadece belli k\u0131s\u0131mlar\u0131yla ilgili konu\u015farak de\u011fil, \u00f6nce evimizde ve \u00f6nce kendi ki\u015fisel alan\u0131m\u0131z\u0131 koruyarak \u00f6\u011fretebiliriz. Mahremiyet serimizin ikinci kitab\u0131 olan bu kitap evinizde do\u011fru s\u0131n\u0131rlar\u0131 \u00e7izmek konusunda size yol g\u00f6sterecek. &#8211; Uzm. Psk. Irmak Kerimo\u011flu <\/p>\n","protected":false},"excerpt":{"rendered":"<p>\u00c7ocuklar\u0131m\u0131zda sa\u011fl\u0131kl\u0131 bir mahremiyet alg\u0131s\u0131n\u0131n temeli \u00e7ocu\u011fun kendi bedeni ve cinsiyetler aras\u0131 farkl\u0131l\u0131klar\u0131 do\u011fru tan\u0131mas\u0131yla at\u0131l\u0131r. \u0130kinci ad\u0131mda ise en g\u00fcvenli liman olan evimizde s\u0131n\u0131rlar\u0131 do\u011fru<span class=\"excerpt-hellip\"> [\u2026]<\/span><\/p>\n","protected":false},"featured_media":0,"template":"","meta":{"_monsterinsights_skip_tracking":false,"_monsterinsights_sitenote_active":false,"_monsterinsights_sitenote_note":"","_monsterinsights_sitenote_category":0},"product_brand":[],"product_cat":[12274,15842],"product_tag":[],"class_list":{"0":"post-754977","1":"product","2":"type-product","3":"status-publish","5":"product_cat-cocuk-ve-genclik-kitaplari","6":"product_cat-egitici-kitaplar","7":"pa_cilt-ciltli","8":"pa_tur-kitap","9":"pa_yayinevi-ucan-fil-yayinlari","10":"pa_yazar-irmak-kerimoglu","12":"first","13":"instock","14":"sale","15":"shipping-taxable","16":"purchasable","17":"product-type-simple"},"_links":{"self":[{"href":"https:\/\/roveyayinevi.com.tr\/index.php\/wp-json\/wp\/v2\/product\/754977","targetHints":{"allow":["GET"]}}],"collection":[{"href":"https:\/\/roveyayinevi.com.tr\/index.php\/wp-json\/wp\/v2\/product"}],"about":[{"href":"https:\/\/roveyayinevi.com.tr\/index.php\/wp-json\/wp\/v2\/types\/product"}],"wp:attachment":[{"href":"https:\/\/roveyayinevi.com.tr\/index.php\/wp-json\/wp\/v2\/media?parent=754977"}],"wp:term":[{"taxonomy":"product_brand","embeddable":true,"href":"https:\/\/roveyayinevi.com.tr\/index.php\/wp-json\/wp\/v2\/product_brand?post=754977"},{"taxonomy":"product_cat","embeddable":true,"href":"https:\/\/roveyayinevi.com.tr\/index.php\/wp-json\/wp\/v2\/product_cat?post=754977"},{"taxonomy":"product_tag","embeddable":true,"href":"https:\/\/roveyayinevi.com.tr\/index.php\/wp-json\/wp\/v2\/product_tag?post=754977"}],"curies":[{"name":"wp","href":"https:\/\/api.w.org\/{rel}","templated":true}]}}