{"id":754976,"date":"2025-08-28T06:26:54","date_gmt":"2025-08-28T03:26:54","guid":{"rendered":"https:\/\/roveyayinevi.com.tr\/index.php\/urun\/benim-kisisel-alanim-sosyal-hayatim-mahremiyet-serisi-3-ciltli\/"},"modified":"2026-04-16T03:08:17","modified_gmt":"2026-04-16T00:08:17","slug":"benim-kisisel-alanim-sosyal-hayatim-mahremiyet-serisi-3-ciltli","status":"publish","type":"product","link":"https:\/\/roveyayinevi.com.tr\/index.php\/urun\/benim-kisisel-alanim-sosyal-hayatim-mahremiyet-serisi-3-ciltli\/","title":{"rendered":"Benim Ki\u015fisel Alan\u0131m Sosyal Hayat\u0131m &#8211;  Mahremiyet Serisi 3 (Ciltli)"},"content":{"rendered":"<p>\u00c7ocuklar\u0131m\u0131z ke\u015ffe \u00f6nce kendilerinden ba\u015flar. Beden fark\u0131ndal\u0131\u011f\u0131 kazanan \u00e7ocuk, mahremiyeti tan\u0131mlamaya en yak\u0131n\u0131ndakilerle yani ebeveynleriyle devam eder. Evinde hem kendisinin hem de anne baba ve varsa karde\u015flerinin ki\u015fisel alan s\u0131n\u0131rlar\u0131n\u0131 \u00f6\u011frenir, kendi s\u0131n\u0131rlar\u0131n\u0131 \u015fekillendirir. Sonras\u0131nda sosyal \u00e7evreye giri\u015f ve uyum zaman\u0131 gelir. Sosyal hayata ilk ad\u0131mlar\u0131ndan itibaren \u00e7ocuklar\u0131m\u0131z\u0131 kayg\u0131land\u0131rmadan, do\u011fru bilgiyi vererek ilerlemek gerekir. Mahremiyet serimizin \u00fc\u00e7\u00fcnc\u00fc kitab\u0131 olan bu kitap, \u00e7ocuklar\u0131n\u0131za ev d\u0131\u015fnda ki\u015fisel alan s\u0131n\u0131rlar\u0131n\u0131 \u00e7izmeyi ve korumay\u0131 \u00f6\u011fretebilmeniz i\u00e7in size rehberlik edecek.- Uzm. Psk. Irmak Kerimo\u011flu<\/p>\n","protected":false},"excerpt":{"rendered":"<p>\u00c7ocuklar\u0131m\u0131z ke\u015ffe \u00f6nce kendilerinden ba\u015flar. Beden fark\u0131ndal\u0131\u011f\u0131 kazanan \u00e7ocuk, mahremiyeti tan\u0131mlamaya en yak\u0131n\u0131ndakilerle yani ebeveynleriyle devam eder. Evinde hem kendisinin hem de anne baba ve varsa<span class=\"excerpt-hellip\"> [\u2026]<\/span><\/p>\n","protected":false},"featured_media":0,"template":"","meta":{"_monsterinsights_skip_tracking":false,"_monsterinsights_sitenote_active":false,"_monsterinsights_sitenote_note":"","_monsterinsights_sitenote_category":0},"product_brand":[],"product_cat":[12274,15842],"product_tag":[],"class_list":{"0":"post-754976","1":"product","2":"type-product","3":"status-publish","5":"product_cat-cocuk-ve-genclik-kitaplari","6":"product_cat-egitici-kitaplar","7":"pa_cilt-ciltli","8":"pa_tur-kitap","9":"pa_yayinevi-ucan-fil-yayinlari","10":"pa_yazar-irmak-kerimoglu","12":"first","13":"instock","14":"sale","15":"shipping-taxable","16":"purchasable","17":"product-type-simple"},"_links":{"self":[{"href":"https:\/\/roveyayinevi.com.tr\/index.php\/wp-json\/wp\/v2\/product\/754976","targetHints":{"allow":["GET"]}}],"collection":[{"href":"https:\/\/roveyayinevi.com.tr\/index.php\/wp-json\/wp\/v2\/product"}],"about":[{"href":"https:\/\/roveyayinevi.com.tr\/index.php\/wp-json\/wp\/v2\/types\/product"}],"wp:attachment":[{"href":"https:\/\/roveyayinevi.com.tr\/index.php\/wp-json\/wp\/v2\/media?parent=754976"}],"wp:term":[{"taxonomy":"product_brand","embeddable":true,"href":"https:\/\/roveyayinevi.com.tr\/index.php\/wp-json\/wp\/v2\/product_brand?post=754976"},{"taxonomy":"product_cat","embeddable":true,"href":"https:\/\/roveyayinevi.com.tr\/index.php\/wp-json\/wp\/v2\/product_cat?post=754976"},{"taxonomy":"product_tag","embeddable":true,"href":"https:\/\/roveyayinevi.com.tr\/index.php\/wp-json\/wp\/v2\/product_tag?post=754976"}],"curies":[{"name":"wp","href":"https:\/\/api.w.org\/{rel}","templated":true}]}}