{"id":754972,"date":"2025-08-28T06:26:48","date_gmt":"2025-08-28T03:26:48","guid":{"rendered":"https:\/\/roveyayinevi.com.tr\/index.php\/urun\/savasta-ve-barista-buyuk-stratejiler-2\/"},"modified":"2026-04-16T03:08:17","modified_gmt":"2026-04-16T00:08:17","slug":"savasta-ve-barista-buyuk-stratejiler-2","status":"publish","type":"product","link":"https:\/\/roveyayinevi.com.tr\/index.php\/urun\/savasta-ve-barista-buyuk-stratejiler-2\/","title":{"rendered":"Sava\u015fta ve Bar\u0131\u015fta B\u00fcy\u00fck Stratejiler"},"content":{"rendered":"<p>Bu \u00f6nemli kitapta, sayg\u0131n uzmanlar sava\u015f ve bar\u0131\u015f zamanlar\u0131nda uzun vadeli \u00e7\u0131karlar\u0131n\u0131 korumak i\u00e7in siyasi, ekonomik ve askeri hedeflerini nas\u0131l entegre etmeye \u00e7al\u0131\u015ft\u0131klar\u0131n\u0131 tart\u0131\u015fmaktad\u0131r. Paul Kennedy&#8217;nin iki b\u00f6l\u00fcm\u00fcn\u00fc yazd\u0131\u011f\u0131 ve edit\u00f6rl\u00fc\u011f\u00fcn\u00fc yapt\u0131\u011f\u0131 kitap, Avrupa&#8217;n\u0131n klasik \u00f6rneklerini analiz ederek ve ABD&#8217;nin bug\u00fcn ger\u00e7ekle\u015ftirmesi gereken \u00f6nceliklerin uygun dengesini sunarak b\u00fcy\u00fck strateji kavram\u0131n\u0131 ele almaktad\u0131r. Kitap, Kennedy taraf\u0131ndan ba\u015flat\u0131lan bir b\u00f6l\u00fcmle ba\u015flar; bu b\u00f6l\u00fcm, b\u00fcy\u00fck strateji kavram\u0131n\u0131n sava\u015f alan\u0131 operasyonlar\u0131ndan milli kaynaklar\u0131n y\u00f6netimine, diplomasinin \u00f6nemli rol\u00fcne ve genel halk\u0131n sava\u015f\u0131n y\u00fcklerini veya bar\u0131\u015f zamanlar\u0131nda b\u00fcy\u00fck savunma kuvvetlerinin maliyetini desteklemeye isteklili\u011fine kadar \u00e7e\u015fitli fakt\u00f6rleri d\u00fc\u015f\u00fcnmeye geni\u015fledi\u011fini g\u00f6stermektedir. Sonraki b\u00f6l\u00fcmlerde, John Hattendorf, Michael Howard ve Eliot Cohen, \u0130spanyol Veraset Sava\u015f\u0131 ve her iki d\u00fcnya sava\u015f\u0131nda \u0130ngiliz b\u00fcy\u00fck stratejilerini analiz ederken, Arther Ferrill, J. H. Elliott, Dennis E. Showalter, Douglas Porch ve Condoleeza Rice ise Roma \u0130mparatorlu\u011fu, \u0130mparatorluk \u0130spanyas\u0131, Almanya, Fransa ve Sovyetler Birli\u011fi&#8217;ndeki b\u00fcy\u00fck stratejiyi ele al\u0131yorlar. Kennedy&#8217;nin bug\u00fcnk\u00fc ve gelecekteki Amerikan b\u00fcy\u00fck stratejisi \u00fczerine d\u00fc\u015f\u00fcnceleriyle kitap sona erer. \u015e\u00f6yle ki; Amerika n\u00fckleer sava\u015flardan ka\u00e7\u0131nmal\u0131 ancak \u00e7e\u015fitli olas\u0131 sava\u015f senaryolar\u0131yla ba\u015fa \u00e7\u0131kabilecek esnek bir silahl\u0131 kuvvet de yaratmal\u0131d\u0131r. \u0130ttifak sistemini korumal\u0131d\u0131r. Yine de kar\u015f\u0131l\u0131k d\u00fcnya \u00fczerindeki \u00fcst\u00fcn konumunu zay\u0131flatan ekonomik ve sosyal e\u011filimleri tersine \u00e7evirmek i\u00e7in ciddi \u00f6nlemler almad\u0131r. Ba\u015fka bir deyi\u015fle, Kennedy&#8217;ye g\u00f6re Amerika, erken 21. y\u00fczy\u0131l\u0131n belirsiz ve \u00e7alkant\u0131l\u0131 d\u00fcnyas\u0131n\u0131 kar\u015f\u0131lamak i\u00e7in \u00fcretken, finansal, teknolojik ve e\u011fitimsel g\u00fc\u00e7 rezervini s\u00fcrd\u00fcrmek zorundad\u0131r.<\/p>\n","protected":false},"excerpt":{"rendered":"<p>Bu \u00f6nemli kitapta, sayg\u0131n uzmanlar sava\u015f ve bar\u0131\u015f zamanlar\u0131nda uzun vadeli \u00e7\u0131karlar\u0131n\u0131 korumak i\u00e7in siyasi, ekonomik ve askeri hedeflerini nas\u0131l entegre etmeye \u00e7al\u0131\u015ft\u0131klar\u0131n\u0131 tart\u0131\u015fmaktad\u0131r. Paul Kennedy&#8217;nin<span class=\"excerpt-hellip\"> [\u2026]<\/span><\/p>\n","protected":false},"featured_media":0,"template":"","meta":{"_monsterinsights_skip_tracking":false,"_monsterinsights_sitenote_active":false,"_monsterinsights_sitenote_note":"","_monsterinsights_sitenote_category":0},"product_brand":[],"product_cat":[12337],"product_tag":[],"class_list":{"0":"post-754972","1":"product","2":"type-product","3":"status-publish","5":"product_cat-politika-siyaset","6":"pa_cilt-ciltsiz","7":"pa_tur-kitap","8":"pa_yayinevi-totem-yayinlari","9":"pa_yazar-paul-kennedy","11":"first","12":"instock","13":"sale","14":"shipping-taxable","15":"purchasable","16":"product-type-simple"},"_links":{"self":[{"href":"https:\/\/roveyayinevi.com.tr\/index.php\/wp-json\/wp\/v2\/product\/754972","targetHints":{"allow":["GET"]}}],"collection":[{"href":"https:\/\/roveyayinevi.com.tr\/index.php\/wp-json\/wp\/v2\/product"}],"about":[{"href":"https:\/\/roveyayinevi.com.tr\/index.php\/wp-json\/wp\/v2\/types\/product"}],"wp:attachment":[{"href":"https:\/\/roveyayinevi.com.tr\/index.php\/wp-json\/wp\/v2\/media?parent=754972"}],"wp:term":[{"taxonomy":"product_brand","embeddable":true,"href":"https:\/\/roveyayinevi.com.tr\/index.php\/wp-json\/wp\/v2\/product_brand?post=754972"},{"taxonomy":"product_cat","embeddable":true,"href":"https:\/\/roveyayinevi.com.tr\/index.php\/wp-json\/wp\/v2\/product_cat?post=754972"},{"taxonomy":"product_tag","embeddable":true,"href":"https:\/\/roveyayinevi.com.tr\/index.php\/wp-json\/wp\/v2\/product_tag?post=754972"}],"curies":[{"name":"wp","href":"https:\/\/api.w.org\/{rel}","templated":true}]}}