{"id":754971,"date":"2025-08-28T06:26:47","date_gmt":"2025-08-28T03:26:47","guid":{"rendered":"https:\/\/roveyayinevi.com.tr\/index.php\/urun\/benim-kisisel-alanim-bedenim-mahremiyet-serisi-1-ciltli\/"},"modified":"2026-04-16T03:08:17","modified_gmt":"2026-04-16T00:08:17","slug":"benim-kisisel-alanim-bedenim-mahremiyet-serisi-1-ciltli","status":"publish","type":"product","link":"https:\/\/roveyayinevi.com.tr\/index.php\/urun\/benim-kisisel-alanim-bedenim-mahremiyet-serisi-1-ciltli\/","title":{"rendered":"Benim Ki\u015fisel Alan\u0131m Bedenim &#8211; Mahremiyet Serisi 1 (Ciltli)"},"content":{"rendered":"<p>G\u00fcn\u00fcm\u00fczde \u00e7ocuk geli\u015fimine dair en b\u00fcy\u00fck yan\u0131lg\u0131lardan biri; \u201cmahremiyet\u201d denince bedenin sadece belli k\u0131s\u0131mlar\u0131n\u0131n vurgulanmas\u0131, ve bir di\u011feri de mahremiyeti \u00f6\u011fretmek i\u00e7in \u00e7ocu\u011fumuzu kar\u015f\u0131m\u0131za al\u0131p konu\u015fman\u0131n yeterli olaca\u011f\u0131n\u0131n san\u0131lmas\u0131d\u0131r. Oysa sa\u011fl\u0131kl\u0131 bir mahremiyet alg\u0131s\u0131 ki\u015fisel alanla \u015fekillenir. \u00c7ocu\u011fun \u00f6nce bedenini en do\u011fru haliyle tan\u0131mas\u0131, s\u0131n\u0131rlar\u0131n\u0131 \u00e7izmeyi ve korumay\u0131 \u00f6\u011frenmesi gerekir. Bunun i\u00e7in erken \u00e7ocukluktan itibaren g\u00fcnl\u00fck rutinlerde baz\u0131 ayr\u0131nt\u0131lara dikkat etmek \u00f6nemlidir. Mahremiyet serimizin ilk kitab\u0131 olan bu kitap \u00e7ocu\u011funuzun kendi bedenini ve kar\u015f\u0131 cinsin bedenini sa\u011fl\u0131kl\u0131 s\u0131n\u0131rlar i\u00e7inde tan\u0131mas\u0131na yard\u0131mc\u0131 olacak, do\u011fru ebeveynlik konusunda sizlere rehberlik edecek.                  &#8211; Uzm. Psk. Irmak Kerimo\u011flu <\/p>\n","protected":false},"excerpt":{"rendered":"<p>G\u00fcn\u00fcm\u00fczde \u00e7ocuk geli\u015fimine dair en b\u00fcy\u00fck yan\u0131lg\u0131lardan biri; \u201cmahremiyet\u201d denince bedenin sadece belli k\u0131s\u0131mlar\u0131n\u0131n vurgulanmas\u0131, ve bir di\u011feri de mahremiyeti \u00f6\u011fretmek i\u00e7in \u00e7ocu\u011fumuzu kar\u015f\u0131m\u0131za al\u0131p konu\u015fman\u0131n<span class=\"excerpt-hellip\"> [\u2026]<\/span><\/p>\n","protected":false},"featured_media":0,"template":"","meta":{"_monsterinsights_skip_tracking":false,"_monsterinsights_sitenote_active":false,"_monsterinsights_sitenote_note":"","_monsterinsights_sitenote_category":0},"product_brand":[],"product_cat":[12274,15842],"product_tag":[],"class_list":{"0":"post-754971","1":"product","2":"type-product","3":"status-publish","5":"product_cat-cocuk-ve-genclik-kitaplari","6":"product_cat-egitici-kitaplar","7":"pa_cilt-ciltli","8":"pa_tur-kitap","9":"pa_yayinevi-ucan-fil-yayinlari","10":"pa_yazar-irmak-kerimoglu","12":"first","13":"instock","14":"sale","15":"shipping-taxable","16":"purchasable","17":"product-type-simple"},"_links":{"self":[{"href":"https:\/\/roveyayinevi.com.tr\/index.php\/wp-json\/wp\/v2\/product\/754971","targetHints":{"allow":["GET"]}}],"collection":[{"href":"https:\/\/roveyayinevi.com.tr\/index.php\/wp-json\/wp\/v2\/product"}],"about":[{"href":"https:\/\/roveyayinevi.com.tr\/index.php\/wp-json\/wp\/v2\/types\/product"}],"wp:attachment":[{"href":"https:\/\/roveyayinevi.com.tr\/index.php\/wp-json\/wp\/v2\/media?parent=754971"}],"wp:term":[{"taxonomy":"product_brand","embeddable":true,"href":"https:\/\/roveyayinevi.com.tr\/index.php\/wp-json\/wp\/v2\/product_brand?post=754971"},{"taxonomy":"product_cat","embeddable":true,"href":"https:\/\/roveyayinevi.com.tr\/index.php\/wp-json\/wp\/v2\/product_cat?post=754971"},{"taxonomy":"product_tag","embeddable":true,"href":"https:\/\/roveyayinevi.com.tr\/index.php\/wp-json\/wp\/v2\/product_tag?post=754971"}],"curies":[{"name":"wp","href":"https:\/\/api.w.org\/{rel}","templated":true}]}}