{"id":754968,"date":"2025-08-28T06:26:42","date_gmt":"2025-08-28T03:26:42","guid":{"rendered":"https:\/\/roveyayinevi.com.tr\/index.php\/urun\/en-guzel-kosu-bir-habibi-neccar-romani\/"},"modified":"2026-04-16T03:08:17","modified_gmt":"2026-04-16T00:08:17","slug":"en-guzel-kosu-bir-habibi-neccar-romani","status":"publish","type":"product","link":"https:\/\/roveyayinevi.com.tr\/index.php\/urun\/en-guzel-kosu-bir-habibi-neccar-romani\/","title":{"rendered":"En G\u00fczel Ko\u015fu \/ Bir Habibi Neccar Roman\u0131"},"content":{"rendered":"<p>Ko\u015fmak, \u00d6mer Faruk i\u00e7in \u00e7ok \u00f6nemliydi. Okula gelen yeni \u00f6\u011frenciye kadar da okulun birincisi kendisiydi.\u0130\u00e7inden \u00e7\u0131kamad\u0131\u011f\u0131 tuhafl\u0131klar, k\u00fct\u00fcphanedeki gizemli kitaba; o kitap da Habibi Neccar&#8217;\u0131n hik\u00e2yesine onu ula\u015ft\u0131rd\u0131.Bu tan\u0131\u015fmadan sonra \u00d6mer Faruk art\u0131k h\u0131zl\u0131 ko\u015fman\u0131n yan\u0131nda Habibi Neccar gibi g\u00fczel ko\u015fmak istiyordu.<\/p>\n","protected":false},"excerpt":{"rendered":"<p>Ko\u015fmak, \u00d6mer Faruk i\u00e7in \u00e7ok \u00f6nemliydi. Okula gelen yeni \u00f6\u011frenciye kadar da okulun birincisi kendisiydi.\u0130\u00e7inden \u00e7\u0131kamad\u0131\u011f\u0131 tuhafl\u0131klar, k\u00fct\u00fcphanedeki gizemli kitaba; o kitap da Habibi Neccar&#8217;\u0131n hik\u00e2yesine<span class=\"excerpt-hellip\"> [\u2026]<\/span><\/p>\n","protected":false},"featured_media":0,"template":"","meta":{"_monsterinsights_skip_tracking":false,"_monsterinsights_sitenote_active":false,"_monsterinsights_sitenote_note":"","_monsterinsights_sitenote_category":0},"product_brand":[],"product_cat":[12291,12711],"product_tag":[],"class_list":{"0":"post-754968","1":"product","2":"type-product","3":"status-publish","5":"product_cat-edebiyat","6":"product_cat-roman-oyku","7":"pa_cilt-ciltsiz","8":"pa_tur-kitap","9":"pa_yayinevi-gulce-kitap","10":"pa_yazar-merve-ozcan","12":"first","13":"instock","14":"sale","15":"shipping-taxable","16":"purchasable","17":"product-type-simple"},"_links":{"self":[{"href":"https:\/\/roveyayinevi.com.tr\/index.php\/wp-json\/wp\/v2\/product\/754968","targetHints":{"allow":["GET"]}}],"collection":[{"href":"https:\/\/roveyayinevi.com.tr\/index.php\/wp-json\/wp\/v2\/product"}],"about":[{"href":"https:\/\/roveyayinevi.com.tr\/index.php\/wp-json\/wp\/v2\/types\/product"}],"wp:attachment":[{"href":"https:\/\/roveyayinevi.com.tr\/index.php\/wp-json\/wp\/v2\/media?parent=754968"}],"wp:term":[{"taxonomy":"product_brand","embeddable":true,"href":"https:\/\/roveyayinevi.com.tr\/index.php\/wp-json\/wp\/v2\/product_brand?post=754968"},{"taxonomy":"product_cat","embeddable":true,"href":"https:\/\/roveyayinevi.com.tr\/index.php\/wp-json\/wp\/v2\/product_cat?post=754968"},{"taxonomy":"product_tag","embeddable":true,"href":"https:\/\/roveyayinevi.com.tr\/index.php\/wp-json\/wp\/v2\/product_tag?post=754968"}],"curies":[{"name":"wp","href":"https:\/\/api.w.org\/{rel}","templated":true}]}}