{"id":754963,"date":"2025-08-28T06:26:34","date_gmt":"2025-08-28T03:26:34","guid":{"rendered":"https:\/\/roveyayinevi.com.tr\/index.php\/urun\/gorunmez-baglar\/"},"modified":"2026-04-16T03:08:17","modified_gmt":"2026-04-16T00:08:17","slug":"gorunmez-baglar","status":"publish","type":"product","link":"https:\/\/roveyayinevi.com.tr\/index.php\/urun\/gorunmez-baglar\/","title":{"rendered":"G\u00f6r\u00fcnmez Ba\u011flar"},"content":{"rendered":"<p>O zamanlar\u2026B\u00fcy\u00fck hayalleri olan gen\u00e7 yazar Chani Horowitz \u00e7\u0131kmazdad\u0131r. Eski s\u0131n\u0131f arkada\u015flar\u0131 kitap anla\u015fmalar\u0131 yapar ya da iyi i\u015flere girerken onun yapt\u0131\u011f\u0131 tek \u015fey, birka\u00e7 minik zorlama yaz\u0131 kaleme almakt\u0131r. Sonra \u015fans\u0131 d\u00f6ner ve film y\u0131ld\u0131z\u0131 Gabe Parker hakk\u0131nda bir yaz\u0131 haz\u0131rlamak \u00fczere i\u015fe al\u0131n\u0131r: Chani dahil herkesin \u00e2\u015f\u0131k oldu\u011fu, Hollywood\u2019un son James Bond\u2019u se\u00e7ilen Gabe Parker\u2026  Gen\u00e7 kad\u0131n\u0131n tek iste\u011fi, bu i\u015fi eline y\u00fcz\u00fcne bula\u015ft\u0131rmadan bitirmektir. Ancak r\u00f6portaj birden magazin sayfalar\u0131na d\u00fc\u015fen f\u0131rt\u0131nal\u0131 bir hafta sonu ka\u00e7ama\u011f\u0131na d\u00f6n\u00fc\u015f\u00fcr ve Chani\u2019nin Gabe\u2019e planlad\u0131\u011f\u0131ndan daha fazla yak\u0131nla\u015fmas\u0131yla her \u015fey de\u011fi\u015fir.\u015eimdi\u2026Chani on y\u0131l sonra, hayallerindeki kariyere sahip, ba\u015far\u0131l\u0131 bir yazar olarak Los Angeles\u2019a geri d\u00f6ner. Hayat\u0131nda de\u011fi\u015fmeyen tek \u015fey, Gabe Parker hakk\u0131ndaki sorulard\u0131r. Bu y\u00fczden, halkla ili\u015fkiler ekibi ikinci bir r\u00f6portaj i\u00e7in yeniden bir araya gelmelerini talep etti\u011finde hay\u0131r demek ister. Fakat Chani, y\u0131llar \u00f6nce ge\u00e7irdikleri o iki g\u00fcn\u00fcn Gabe i\u00e7in de unutulmaz olup olmad\u0131\u011f\u0131n\u0131 merak eder ve dayanamay\u0131p teklifi kabul eder.Gabe ve Chani\u2019nin ilk bulu\u015fmalar\u0131 ile on y\u0131l sonra yeniden y\u00fczle\u015fmeleri aras\u0131nda gidip gelen bu kar\u015f\u0131 konulmaz a\u015fk hik\u00e2yesi mutlu sona ula\u015facak m\u0131?  \u201cSussman\u2019\u0131n yeti\u015fkinlere y\u00f6nelik bu ilk roman\u0131 hem komik hem de romantik. Sophie Kinsella hayranlar\u0131n\u0131n ilgisini \u00e7ekecek, bazen seksi bazen de duygusal a\u00e7\u0131dan endi\u015fe verici bir hik\u00e2ye ortaya \u00e7\u0131km\u0131\u015f.\u201d-Booklist<\/p>\n","protected":false},"excerpt":{"rendered":"<p>O zamanlar\u2026B\u00fcy\u00fck hayalleri olan gen\u00e7 yazar Chani Horowitz \u00e7\u0131kmazdad\u0131r. Eski s\u0131n\u0131f arkada\u015flar\u0131 kitap anla\u015fmalar\u0131 yapar ya da iyi i\u015flere girerken onun yapt\u0131\u011f\u0131 tek \u015fey, birka\u00e7 minik<span class=\"excerpt-hellip\"> [\u2026]<\/span><\/p>\n","protected":false},"featured_media":0,"template":"","meta":{"_monsterinsights_skip_tracking":false,"_monsterinsights_sitenote_active":false,"_monsterinsights_sitenote_note":"","_monsterinsights_sitenote_category":0},"product_brand":[],"product_cat":[12291,12711],"product_tag":[],"class_list":{"0":"post-754963","1":"product","2":"type-product","3":"status-publish","5":"product_cat-edebiyat","6":"product_cat-roman-oyku","7":"pa_cilt-ciltsiz","8":"pa_tur-kitap","9":"pa_yayinevi-nemesis-kitap","10":"pa_yazar-elissa-sussman","12":"first","13":"instock","14":"sale","15":"shipping-taxable","16":"purchasable","17":"product-type-simple"},"_links":{"self":[{"href":"https:\/\/roveyayinevi.com.tr\/index.php\/wp-json\/wp\/v2\/product\/754963","targetHints":{"allow":["GET"]}}],"collection":[{"href":"https:\/\/roveyayinevi.com.tr\/index.php\/wp-json\/wp\/v2\/product"}],"about":[{"href":"https:\/\/roveyayinevi.com.tr\/index.php\/wp-json\/wp\/v2\/types\/product"}],"wp:attachment":[{"href":"https:\/\/roveyayinevi.com.tr\/index.php\/wp-json\/wp\/v2\/media?parent=754963"}],"wp:term":[{"taxonomy":"product_brand","embeddable":true,"href":"https:\/\/roveyayinevi.com.tr\/index.php\/wp-json\/wp\/v2\/product_brand?post=754963"},{"taxonomy":"product_cat","embeddable":true,"href":"https:\/\/roveyayinevi.com.tr\/index.php\/wp-json\/wp\/v2\/product_cat?post=754963"},{"taxonomy":"product_tag","embeddable":true,"href":"https:\/\/roveyayinevi.com.tr\/index.php\/wp-json\/wp\/v2\/product_tag?post=754963"}],"curies":[{"name":"wp","href":"https:\/\/api.w.org\/{rel}","templated":true}]}}