{"id":754957,"date":"2025-08-28T06:26:25","date_gmt":"2025-08-28T03:26:25","guid":{"rendered":"https:\/\/roveyayinevi.com.tr\/index.php\/urun\/kudus-dustu\/"},"modified":"2026-04-16T03:08:17","modified_gmt":"2026-04-16T00:08:17","slug":"kudus-dustu","status":"publish","type":"product","link":"https:\/\/roveyayinevi.com.tr\/index.php\/urun\/kudus-dustu\/","title":{"rendered":"Kud\u00fcs D\u00fc\u015ft\u00fc"},"content":{"rendered":"<p>KUD\u00dcS, EL-KUDS,YERU\u015eALAY\u0130M,BARI\u015e \u015eEHR\u0130&#8230;  Her \u015fey Kud\u00fcs\u2019le ba\u015flam\u0131\u015ft\u0131.Tanr\u0131 b\u00f6yle istiyordu. Gidip hac\u0131 olacaklar,g\u00fcnahlar\u0131ndan ar\u0131nacaklard\u0131.Ama Ha\u00e7l\u0131lar bu sefer s\u0131ras\u0131nda, o g\u00fcne kadarg\u00f6r\u00fclmemi\u015f \u00f6l\u00e7\u00fcde bir \u015fiddet uygulad\u0131lar.Kendilerine hizmet edebilecek M\u00fcsl\u00fcmanlar\u0131,Yahudileri hatta H\u0131ristiyanlar\u0131 ac\u0131mas\u0131zca\u00f6ld\u00fcrd\u00fcler. Raimundus Aguilers, Historia Francorum\u2019da\u015f\u00f6yle der: \u201cG\u00f6r\u00fclmeye de\u011fer sahneler ger\u00e7ekle\u015fti. Adamlar\u0131m\u0131z\u0131n baz\u0131lar\u0131 \u2212ki bunlar en merhametlileriydi\u2212 d\u00fc\u015fmanlar\u0131n\u0131 k\u0131l\u0131\u00e7tan ge\u00e7iriyordu. Di\u011ferleri ise daha uzun s\u00fcren i\u015fkenceler yapt\u0131lar. \u015eehrin sokaklar\u0131 cesetlerle doluydu. Ama b\u00fct\u00fcn bunlar, S\u00fcleyman Tap\u0131na\u011f\u0131\u2019nda yap\u0131lanlar\u0131n yan\u0131nda hafif kal\u0131yordu. Orada ne mi oldu? E\u011fer sizeger\u00e7ekleri s\u00f6ylersem, buna inanmakta zorlanabilirsiniz.\u201d\u0130pek Kobaner, Ya\u011fma Ya\u011fmur, Do\u011fma G\u00fcne\u015f: Kud\u00fcs D\u00fc\u015ft\u00fc kitab\u0131nda, bu kadim \u015fehrin kaderini tayin eden kanl\u0131 sava\u015f\u0131 \u00e7arp\u0131c\u0131 detaylar\u0131yla aktar\u0131rken, neredeyse bin y\u0131l \u00f6nce ger\u00e7ekle\u015fen bu s\u00fcrecin hik\u00e2yesiyle bizlere tarihin tekerr\u00fcrden ibaret oldu\u011funu bir kez daha hat\u0131rlat\u0131yor.<\/p>\n","protected":false},"excerpt":{"rendered":"<p>KUD\u00dcS, EL-KUDS,YERU\u015eALAY\u0130M,BARI\u015e \u015eEHR\u0130&#8230; Her \u015fey Kud\u00fcs\u2019le ba\u015flam\u0131\u015ft\u0131.Tanr\u0131 b\u00f6yle istiyordu. Gidip hac\u0131 olacaklar,g\u00fcnahlar\u0131ndan ar\u0131nacaklard\u0131.Ama Ha\u00e7l\u0131lar bu sefer s\u0131ras\u0131nda, o g\u00fcne kadarg\u00f6r\u00fclmemi\u015f \u00f6l\u00e7\u00fcde bir \u015fiddet uygulad\u0131lar.Kendilerine hizmet edebilecek<span class=\"excerpt-hellip\"> [\u2026]<\/span><\/p>\n","protected":false},"featured_media":0,"template":"","meta":{"_monsterinsights_skip_tracking":false,"_monsterinsights_sitenote_active":false,"_monsterinsights_sitenote_note":"","_monsterinsights_sitenote_category":0},"product_brand":[],"product_cat":[12370,12304],"product_tag":[],"class_list":{"0":"post-754957","1":"product","2":"type-product","3":"status-publish","5":"product_cat-arastirma-inceleme","6":"product_cat-tarih","7":"pa_cilt-ciltsiz","8":"pa_tur-kitap","9":"pa_yayinevi-nemesis-kitap","10":"pa_yazar-ipek-kobaner","12":"first","13":"instock","14":"sale","15":"shipping-taxable","16":"purchasable","17":"product-type-simple"},"_links":{"self":[{"href":"https:\/\/roveyayinevi.com.tr\/index.php\/wp-json\/wp\/v2\/product\/754957","targetHints":{"allow":["GET"]}}],"collection":[{"href":"https:\/\/roveyayinevi.com.tr\/index.php\/wp-json\/wp\/v2\/product"}],"about":[{"href":"https:\/\/roveyayinevi.com.tr\/index.php\/wp-json\/wp\/v2\/types\/product"}],"wp:attachment":[{"href":"https:\/\/roveyayinevi.com.tr\/index.php\/wp-json\/wp\/v2\/media?parent=754957"}],"wp:term":[{"taxonomy":"product_brand","embeddable":true,"href":"https:\/\/roveyayinevi.com.tr\/index.php\/wp-json\/wp\/v2\/product_brand?post=754957"},{"taxonomy":"product_cat","embeddable":true,"href":"https:\/\/roveyayinevi.com.tr\/index.php\/wp-json\/wp\/v2\/product_cat?post=754957"},{"taxonomy":"product_tag","embeddable":true,"href":"https:\/\/roveyayinevi.com.tr\/index.php\/wp-json\/wp\/v2\/product_tag?post=754957"}],"curies":[{"name":"wp","href":"https:\/\/api.w.org\/{rel}","templated":true}]}}