{"id":754956,"date":"2025-08-28T06:26:23","date_gmt":"2025-08-28T03:26:23","guid":{"rendered":"https:\/\/roveyayinevi.com.tr\/index.php\/urun\/endise-kavanozundan-cikanlar\/"},"modified":"2026-04-16T03:08:17","modified_gmt":"2026-04-16T00:08:17","slug":"endise-kavanozundan-cikanlar","status":"publish","type":"product","link":"https:\/\/roveyayinevi.com.tr\/index.php\/urun\/endise-kavanozundan-cikanlar\/","title":{"rendered":"Endi\u015fe Kavanozundan \u00c7\u0131kanlar"},"content":{"rendered":"<p>Kavanozun kapa\u011f\u0131 a\u00e7\u0131l\u0131r ve endi\u015fe sinekleri art\u0131k etraf\u0131n\u0131 sarm\u0131\u015ft\u0131r.  Beno, bu sinekler y\u00fcz\u00fcnden ba\u015fka kimseyi, hi\u00e7bir sesi duyam\u0131yordur. Endi\u015fe sinekleri ona f\u0131s\u0131lday\u0131p duruyordur: &#8220;Ya hi\u00e7 arkada\u015f\u0131m olmazsa mahalleden ya da okuldan?&#8221; &#8220;Ya gece belirirse bir canavar yata\u011f\u0131m\u0131n ucunda?&#8221; &#8220;Ya kal\u0131rsam bir ba\u015f\u0131ma d\u00fcnyada?&#8221; &#8220;Ya kimsecikler sevmezse beni bir daha?&#8221; Peki Beno, bu d\u00fc\u015f\u00fcncelerden kurtulup g\u00fczel sesleri duyabilecek mi?  Endi\u015fe Kavanozundan \u00c7\u0131kanlar, k\u00fc\u00e7\u00fck bir \u00e7ocu\u011fun korku ve kayg\u0131lar\u0131 \u00e7ok yo\u011fun ya\u015fad\u0131\u011f\u0131 d\u00f6nemlerde g\u00f6r\u00fclen duygusal de\u011fi\u015fimlerini nahif bir dille anlat\u0131yor. K\u00fc\u00e7\u00fck dinozor Beno, d\u00fc\u015f\u00fcnceleri aras\u0131nda \u00e7\u0131kt\u0131\u011f\u0131 yolculukta endi\u015felerle dolu i\u00e7 sesiyle konu\u015fabilece\u011fini fark ediyor ve endi\u015feli anlarda rahatlamaya nas\u0131l odakl\u0131 kalabilece\u011fini \u00f6\u011freniyor.<\/p>\n","protected":false},"excerpt":{"rendered":"<p>Kavanozun kapa\u011f\u0131 a\u00e7\u0131l\u0131r ve endi\u015fe sinekleri art\u0131k etraf\u0131n\u0131 sarm\u0131\u015ft\u0131r. Beno, bu sinekler y\u00fcz\u00fcnden ba\u015fka kimseyi, hi\u00e7bir sesi duyam\u0131yordur. Endi\u015fe sinekleri ona f\u0131s\u0131lday\u0131p duruyordur: &#8220;Ya hi\u00e7 arkada\u015f\u0131m<span class=\"excerpt-hellip\"> [\u2026]<\/span><\/p>\n","protected":false},"featured_media":0,"template":"","meta":{"_monsterinsights_skip_tracking":false,"_monsterinsights_sitenote_active":false,"_monsterinsights_sitenote_note":"","_monsterinsights_sitenote_category":0},"product_brand":[],"product_cat":[12274,12284],"product_tag":[],"class_list":{"0":"post-754956","1":"product","2":"type-product","3":"status-publish","5":"product_cat-cocuk-ve-genclik-kitaplari","6":"product_cat-hikayeler","7":"pa_cilt-ciltsiz","8":"pa_tur-kitap","9":"pa_yayinevi-timas-cocuk","10":"pa_yazar-veysi-ceri","12":"first","13":"instock","14":"sale","15":"shipping-taxable","16":"purchasable","17":"product-type-simple"},"_links":{"self":[{"href":"https:\/\/roveyayinevi.com.tr\/index.php\/wp-json\/wp\/v2\/product\/754956","targetHints":{"allow":["GET"]}}],"collection":[{"href":"https:\/\/roveyayinevi.com.tr\/index.php\/wp-json\/wp\/v2\/product"}],"about":[{"href":"https:\/\/roveyayinevi.com.tr\/index.php\/wp-json\/wp\/v2\/types\/product"}],"wp:attachment":[{"href":"https:\/\/roveyayinevi.com.tr\/index.php\/wp-json\/wp\/v2\/media?parent=754956"}],"wp:term":[{"taxonomy":"product_brand","embeddable":true,"href":"https:\/\/roveyayinevi.com.tr\/index.php\/wp-json\/wp\/v2\/product_brand?post=754956"},{"taxonomy":"product_cat","embeddable":true,"href":"https:\/\/roveyayinevi.com.tr\/index.php\/wp-json\/wp\/v2\/product_cat?post=754956"},{"taxonomy":"product_tag","embeddable":true,"href":"https:\/\/roveyayinevi.com.tr\/index.php\/wp-json\/wp\/v2\/product_tag?post=754956"}],"curies":[{"name":"wp","href":"https:\/\/api.w.org\/{rel}","templated":true}]}}