{"id":754955,"date":"2025-08-28T06:26:21","date_gmt":"2025-08-28T03:26:21","guid":{"rendered":"https:\/\/roveyayinevi.com.tr\/index.php\/urun\/ben-de-korkuyorum\/"},"modified":"2026-04-16T03:08:17","modified_gmt":"2026-04-16T00:08:17","slug":"ben-de-korkuyorum","status":"publish","type":"product","link":"https:\/\/roveyayinevi.com.tr\/index.php\/urun\/ben-de-korkuyorum\/","title":{"rendered":"Ben de Korkuyorum"},"content":{"rendered":"<p>\u00c7ocuklar bir kararla kar\u015f\u0131 kar\u015f\u0131ya kald\u0131klar\u0131nda ger\u00e7ek cesaretlerini nas\u0131l bulabilirler?Her birimiz hayat\u0131m\u0131z\u0131n bir noktas\u0131nda bir \u015feylerden korkar\u0131z. Bu korkular\u0131n \u00e7o\u011fu bilin\u00e7sizce olu\u015fmu\u015ftur ve temelsizdir. Ya\u015f\u0131m\u0131z ilerledik\u00e7e bu korkular yok olur veya yeni korkulara d\u00f6n\u00fc\u015f\u00fcr. Bu s\u00fcre\u00e7 do\u011fal bir s\u00fcre\u00e7tir. Korkmak do\u011fal bir duygudur. Bu hik\u00e2yedeki k\u00fc\u00e7\u00fck \u00e7ocuk, korkular\u0131n\u0131 ve art\u0131k kendisi i\u00e7in korkutucu olmayanlar\u0131 di\u011fer \u00e7ocuklar i\u00e7in anlat\u0131yor.\u00d6nemli olan, korkunun bizi hayat\u0131m\u0131z\u0131 ya\u015famaktan veya sevdi\u011fimiz \u015feyi yapmaktan al\u0131koymas\u0131na izin vermemek!<\/p>\n","protected":false},"excerpt":{"rendered":"<p>\u00c7ocuklar bir kararla kar\u015f\u0131 kar\u015f\u0131ya kald\u0131klar\u0131nda ger\u00e7ek cesaretlerini nas\u0131l bulabilirler?Her birimiz hayat\u0131m\u0131z\u0131n bir noktas\u0131nda bir \u015feylerden korkar\u0131z. Bu korkular\u0131n \u00e7o\u011fu bilin\u00e7sizce olu\u015fmu\u015ftur ve temelsizdir. Ya\u015f\u0131m\u0131z ilerledik\u00e7e<span class=\"excerpt-hellip\"> [\u2026]<\/span><\/p>\n","protected":false},"featured_media":0,"template":"","meta":{"_monsterinsights_skip_tracking":false,"_monsterinsights_sitenote_active":false,"_monsterinsights_sitenote_note":"","_monsterinsights_sitenote_category":0},"product_brand":[],"product_cat":[12274,12284],"product_tag":[],"class_list":{"0":"post-754955","1":"product","2":"type-product","3":"status-publish","5":"product_cat-cocuk-ve-genclik-kitaplari","6":"product_cat-hikayeler","7":"pa_cilt-ciltsiz","8":"pa_tur-kitap","9":"pa_yayinevi-timas-cocuk","10":"pa_yazar-ghazal-mousavi","12":"first","13":"instock","14":"sale","15":"shipping-taxable","16":"purchasable","17":"product-type-simple"},"_links":{"self":[{"href":"https:\/\/roveyayinevi.com.tr\/index.php\/wp-json\/wp\/v2\/product\/754955","targetHints":{"allow":["GET"]}}],"collection":[{"href":"https:\/\/roveyayinevi.com.tr\/index.php\/wp-json\/wp\/v2\/product"}],"about":[{"href":"https:\/\/roveyayinevi.com.tr\/index.php\/wp-json\/wp\/v2\/types\/product"}],"wp:attachment":[{"href":"https:\/\/roveyayinevi.com.tr\/index.php\/wp-json\/wp\/v2\/media?parent=754955"}],"wp:term":[{"taxonomy":"product_brand","embeddable":true,"href":"https:\/\/roveyayinevi.com.tr\/index.php\/wp-json\/wp\/v2\/product_brand?post=754955"},{"taxonomy":"product_cat","embeddable":true,"href":"https:\/\/roveyayinevi.com.tr\/index.php\/wp-json\/wp\/v2\/product_cat?post=754955"},{"taxonomy":"product_tag","embeddable":true,"href":"https:\/\/roveyayinevi.com.tr\/index.php\/wp-json\/wp\/v2\/product_tag?post=754955"}],"curies":[{"name":"wp","href":"https:\/\/api.w.org\/{rel}","templated":true}]}}