{"id":754952,"date":"2025-08-28T06:26:14","date_gmt":"2025-08-28T03:26:14","guid":{"rendered":"https:\/\/roveyayinevi.com.tr\/index.php\/urun\/catalin-neden-tadi-yoktur\/"},"modified":"2026-04-16T03:08:17","modified_gmt":"2026-04-16T00:08:17","slug":"catalin-neden-tadi-yoktur","status":"publish","type":"product","link":"https:\/\/roveyayinevi.com.tr\/index.php\/urun\/catalin-neden-tadi-yoktur\/","title":{"rendered":"\u00c7atal\u0131n Neden Tad\u0131 Yoktur?"},"content":{"rendered":"<p>\u00c7atal\u0131n neden tad\u0131 yoktur? Su \u015feffafken buz k\u00fcpleri neden beyazd\u0131r? Ya da mikrodalga nas\u0131l yeme\u011fi \u0131s\u0131t\u0131p taba\u011f\u0131 \u0131s\u0131tmaz? Ya\u015fad\u0131\u011f\u0131m\u0131z evde cevaplanmay\u0131 bekleyen bir\u00e7ok soru var. Onlar\u0131n hepsini yan\u0131tlamak, hem de bunu kafan\u0131z\u0131 kar\u0131\u015ft\u0131rmadan yapmak bu kitab\u0131n i\u015fi. Evinizde bir gezintiye \u00e7\u0131kmaya ve yan\u0131tlar\u0131n\u0131 anlayamamaktan \u00e7ekindi\u011finiz i\u00e7in sormaktan korktu\u011funuz sorular\u0131 sormaya haz\u0131r olun!<\/p>\n","protected":false},"excerpt":{"rendered":"<p>\u00c7atal\u0131n neden tad\u0131 yoktur? Su \u015feffafken buz k\u00fcpleri neden beyazd\u0131r? Ya da mikrodalga nas\u0131l yeme\u011fi \u0131s\u0131t\u0131p taba\u011f\u0131 \u0131s\u0131tmaz? Ya\u015fad\u0131\u011f\u0131m\u0131z evde cevaplanmay\u0131 bekleyen bir\u00e7ok soru var. Onlar\u0131n<span class=\"excerpt-hellip\"> [\u2026]<\/span><\/p>\n","protected":false},"featured_media":0,"template":"","meta":{"_monsterinsights_skip_tracking":false,"_monsterinsights_sitenote_active":false,"_monsterinsights_sitenote_note":"","_monsterinsights_sitenote_category":0},"product_brand":[],"product_cat":[13829,12274],"product_tag":[],"class_list":{"0":"post-754952","1":"product","2":"type-product","3":"status-publish","5":"product_cat-bilimsel-kitaplar","6":"product_cat-cocuk-ve-genclik-kitaplari","7":"pa_cilt-ciltsiz","8":"pa_tur-kitap","9":"pa_yayinevi-genc-timas","10":"pa_yazar-devis-bellucci","12":"first","13":"instock","14":"sale","15":"shipping-taxable","16":"purchasable","17":"product-type-simple"},"_links":{"self":[{"href":"https:\/\/roveyayinevi.com.tr\/index.php\/wp-json\/wp\/v2\/product\/754952","targetHints":{"allow":["GET"]}}],"collection":[{"href":"https:\/\/roveyayinevi.com.tr\/index.php\/wp-json\/wp\/v2\/product"}],"about":[{"href":"https:\/\/roveyayinevi.com.tr\/index.php\/wp-json\/wp\/v2\/types\/product"}],"wp:attachment":[{"href":"https:\/\/roveyayinevi.com.tr\/index.php\/wp-json\/wp\/v2\/media?parent=754952"}],"wp:term":[{"taxonomy":"product_brand","embeddable":true,"href":"https:\/\/roveyayinevi.com.tr\/index.php\/wp-json\/wp\/v2\/product_brand?post=754952"},{"taxonomy":"product_cat","embeddable":true,"href":"https:\/\/roveyayinevi.com.tr\/index.php\/wp-json\/wp\/v2\/product_cat?post=754952"},{"taxonomy":"product_tag","embeddable":true,"href":"https:\/\/roveyayinevi.com.tr\/index.php\/wp-json\/wp\/v2\/product_tag?post=754952"}],"curies":[{"name":"wp","href":"https:\/\/api.w.org\/{rel}","templated":true}]}}