{"id":754951,"date":"2025-08-28T06:26:13","date_gmt":"2025-08-28T03:26:13","guid":{"rendered":"https:\/\/roveyayinevi.com.tr\/index.php\/urun\/mbappe-o-bir-dunya-yildizi\/"},"modified":"2026-04-16T03:08:17","modified_gmt":"2026-04-16T00:08:17","slug":"mbappe-o-bir-dunya-yildizi","status":"publish","type":"product","link":"https:\/\/roveyayinevi.com.tr\/index.php\/urun\/mbappe-o-bir-dunya-yildizi\/","title":{"rendered":"Mbappe &#8211; O Bir D\u00fcnya Y\u0131ld\u0131z\u0131"},"content":{"rendered":"<p>Kylian Mbappe\u2019nin muhte\u015fem hik\u00e2yesine ho\u015f geldin. Frans\u0131z futbolunun parlayan y\u0131ld\u0131z\u0131n\u0131n daha \u00e7ok gen\u00e7 ya\u015fta elde etti\u011fi muhte\u015fem ba\u015far\u0131lar\u0131 ve o ba\u015far\u0131lara nas\u0131l ula\u015ft\u0131\u011f\u0131n\u0131 okuyacaks\u0131n. Futbol topuna aya\u011f\u0131n\u0131 de\u011fdirdi\u011fi andan d\u00fcnya kupalar\u0131n\u0131n y\u0131ld\u0131z\u0131 oldu\u011fu bug\u00fcnlere kadar Mbappe\u2019ye dair \u00e7ok \u00f6zel bilgilerle kar\u015f\u0131la\u015faca\u011f\u0131n bu kitapta \u015fu sorular\u0131n cevab\u0131n\u0131 bulacaks\u0131n:*18 ya\u015f\u0131nda kazand\u0131\u011f\u0131 D\u00fcnya Kupas\u0131n\u0131n hik\u00e2yesindeki ilgin\u00e7 detaylar nedir?*Haaland\u2019la rekabet i\u00e7inde mi?*Onu y\u0131ld\u0131z yapan en \u00f6nemli \u00f6zelli\u011fi neydi?*Onun futbol tarihindeki en iyi ilk 11\u2019i kimlerden olu\u015fuyordu?*Hangi futbol y\u0131ld\u0131z\u0131n\u0131 \u00f6rnek ald\u0131?Bunun gibi daha bir\u00e7ok sorunun cevab\u0131n\u0131 Mbappe-O Bir D\u00fcnya Y\u0131ld\u0131z\u0131 kitab\u0131nda bulacaks\u0131n.Haydi kapa\u011f\u0131 \u00e7evir, Fransa\u2019n\u0131n muhte\u015fem y\u0131ld\u0131z\u0131 ellerinde parlas\u0131n!<\/p>\n","protected":false},"excerpt":{"rendered":"<p>Kylian Mbappe\u2019nin muhte\u015fem hik\u00e2yesine ho\u015f geldin. Frans\u0131z futbolunun parlayan y\u0131ld\u0131z\u0131n\u0131n daha \u00e7ok gen\u00e7 ya\u015fta elde etti\u011fi muhte\u015fem ba\u015far\u0131lar\u0131 ve o ba\u015far\u0131lara nas\u0131l ula\u015ft\u0131\u011f\u0131n\u0131 okuyacaks\u0131n. Futbol topuna<span class=\"excerpt-hellip\"> [\u2026]<\/span><\/p>\n","protected":false},"featured_media":0,"template":"","meta":{"_monsterinsights_skip_tracking":false,"_monsterinsights_sitenote_active":false,"_monsterinsights_sitenote_note":"","_monsterinsights_sitenote_category":0},"product_brand":[],"product_cat":[13829,12274],"product_tag":[],"class_list":{"0":"post-754951","1":"product","2":"type-product","3":"status-publish","5":"product_cat-bilimsel-kitaplar","6":"product_cat-cocuk-ve-genclik-kitaplari","7":"pa_cilt-ciltsiz","8":"pa_tur-kitap","9":"pa_yayinevi-eglenceli-bilgi-yayinlari","10":"pa_yazar-cagri-cobanoglu","12":"first","13":"instock","14":"sale","15":"shipping-taxable","16":"purchasable","17":"product-type-simple"},"_links":{"self":[{"href":"https:\/\/roveyayinevi.com.tr\/index.php\/wp-json\/wp\/v2\/product\/754951","targetHints":{"allow":["GET"]}}],"collection":[{"href":"https:\/\/roveyayinevi.com.tr\/index.php\/wp-json\/wp\/v2\/product"}],"about":[{"href":"https:\/\/roveyayinevi.com.tr\/index.php\/wp-json\/wp\/v2\/types\/product"}],"wp:attachment":[{"href":"https:\/\/roveyayinevi.com.tr\/index.php\/wp-json\/wp\/v2\/media?parent=754951"}],"wp:term":[{"taxonomy":"product_brand","embeddable":true,"href":"https:\/\/roveyayinevi.com.tr\/index.php\/wp-json\/wp\/v2\/product_brand?post=754951"},{"taxonomy":"product_cat","embeddable":true,"href":"https:\/\/roveyayinevi.com.tr\/index.php\/wp-json\/wp\/v2\/product_cat?post=754951"},{"taxonomy":"product_tag","embeddable":true,"href":"https:\/\/roveyayinevi.com.tr\/index.php\/wp-json\/wp\/v2\/product_tag?post=754951"}],"curies":[{"name":"wp","href":"https:\/\/api.w.org\/{rel}","templated":true}]}}