{"id":754950,"date":"2025-08-28T06:26:11","date_gmt":"2025-08-28T03:26:11","guid":{"rendered":"https:\/\/roveyayinevi.com.tr\/index.php\/urun\/gul-dediysem-o-kadar-da-degil-neseli-gunluk-2\/"},"modified":"2026-04-16T03:08:17","modified_gmt":"2026-04-16T00:08:17","slug":"gul-dediysem-o-kadar-da-degil-neseli-gunluk-2","status":"publish","type":"product","link":"https:\/\/roveyayinevi.com.tr\/index.php\/urun\/gul-dediysem-o-kadar-da-degil-neseli-gunluk-2\/","title":{"rendered":"G\u00fcl Dediysem O Kadar da De\u011fil! &#8211; Ne\u015feli G\u00fcnl\u00fck 2"},"content":{"rendered":"<p>\u015eu hayatta ka\u00e7 ki\u015fi s\u0131navda kayd\u0131rma yap\u0131p Bo\u011fazi\u00e7i \u00dcniversitesi\u2019ni kazanm\u0131\u015ft\u0131r ki? Evet, ben kazanm\u0131\u015ft\u0131m i\u015fte!Annemin dip bucak temizlik seanslar\u0131, babam\u0131n gardiyanl\u0131\u011f\u0131, Ozan\u2019\u0131n uyuzluklar\u0131, babaannemin kilitlendi\u011fi televizyon programlar\u0131, Nuran Teyze\u2019nin sinir bozucu laf sokmalar\u0131 olmadan dizilerdeki gibi bir gen\u00e7lik ya\u015fayacakt\u0131m nihayet! Yani en az\u0131ndan ben \u00f6yle san\u0131yordum\u2026Babam\u0131n kasap d\u00fckk\u00e2n\u0131nda \u00e7\u0131rakl\u0131k, maaile kamp\u00fcs ziyaretimiz, babaannemle vah\u015fi k\u00f6y maceras\u0131, y\u0131lanlarla yapt\u0131\u011f\u0131m korku dans\u0131 ve daha neler neler!Size tavsiyem, g\u00fclmelik maceram\u0131 okurken g\u00f6lgelik bir yerde oldu\u011funuzdan ve ka\u015flar\u0131n\u0131za oksijenli su s\u00fcrmedi\u011finizden emin olun! \u00c7\u00fcnk\u00fc deniz, kum ve g\u00fcne\u015f hayaliyle \u00e7\u0131k\u0131lan bir tatilde ba\u015f\u0131n\u0131za neler gelece\u011fini bilemezsiniz&#8230;<\/p>\n","protected":false},"excerpt":{"rendered":"<p>\u015eu hayatta ka\u00e7 ki\u015fi s\u0131navda kayd\u0131rma yap\u0131p Bo\u011fazi\u00e7i \u00dcniversitesi\u2019ni kazanm\u0131\u015ft\u0131r ki? Evet, ben kazanm\u0131\u015ft\u0131m i\u015fte!Annemin dip bucak temizlik seanslar\u0131, babam\u0131n gardiyanl\u0131\u011f\u0131, Ozan\u2019\u0131n uyuzluklar\u0131, babaannemin kilitlendi\u011fi televizyon<span class=\"excerpt-hellip\"> [\u2026]<\/span><\/p>\n","protected":false},"featured_media":0,"template":"","meta":{"_monsterinsights_skip_tracking":false,"_monsterinsights_sitenote_active":false,"_monsterinsights_sitenote_note":"","_monsterinsights_sitenote_category":0},"product_brand":[],"product_cat":[12291,14825],"product_tag":[],"class_list":{"0":"post-754950","1":"product","2":"type-product","3":"status-publish","5":"product_cat-edebiyat","6":"product_cat-mizah","7":"pa_cilt-ciltsiz","8":"pa_tur-kitap","9":"pa_yayinevi-carpe-diem-kitaplari","10":"pa_yazar-selcen-yuksel-arvas","12":"first","13":"instock","14":"sale","15":"shipping-taxable","16":"purchasable","17":"product-type-simple"},"_links":{"self":[{"href":"https:\/\/roveyayinevi.com.tr\/index.php\/wp-json\/wp\/v2\/product\/754950","targetHints":{"allow":["GET"]}}],"collection":[{"href":"https:\/\/roveyayinevi.com.tr\/index.php\/wp-json\/wp\/v2\/product"}],"about":[{"href":"https:\/\/roveyayinevi.com.tr\/index.php\/wp-json\/wp\/v2\/types\/product"}],"wp:attachment":[{"href":"https:\/\/roveyayinevi.com.tr\/index.php\/wp-json\/wp\/v2\/media?parent=754950"}],"wp:term":[{"taxonomy":"product_brand","embeddable":true,"href":"https:\/\/roveyayinevi.com.tr\/index.php\/wp-json\/wp\/v2\/product_brand?post=754950"},{"taxonomy":"product_cat","embeddable":true,"href":"https:\/\/roveyayinevi.com.tr\/index.php\/wp-json\/wp\/v2\/product_cat?post=754950"},{"taxonomy":"product_tag","embeddable":true,"href":"https:\/\/roveyayinevi.com.tr\/index.php\/wp-json\/wp\/v2\/product_tag?post=754950"}],"curies":[{"name":"wp","href":"https:\/\/api.w.org\/{rel}","templated":true}]}}