{"id":754949,"date":"2025-08-28T06:26:10","date_gmt":"2025-08-28T03:26:10","guid":{"rendered":"https:\/\/roveyayinevi.com.tr\/index.php\/urun\/tekkede-pismek\/"},"modified":"2026-04-16T03:08:17","modified_gmt":"2026-04-16T00:08:17","slug":"tekkede-pismek","status":"publish","type":"product","link":"https:\/\/roveyayinevi.com.tr\/index.php\/urun\/tekkede-pismek\/","title":{"rendered":"Tekkede Pi\u015fmek"},"content":{"rendered":"<p>\u201cTar\u00eekata girmeyen dervi\u015f olamazd\u0131. Dervi\u015flik dereceleri ge\u00e7ilmeyince \u015feyhlik makam\u0131na y\u00fckselinemezdi. M\u00fcr\u015fit ve m\u00fcrebbi olmak kolay de\u011fildi. Her yerde, her i\u015fte daima do\u011frulu\u011fu telkin etmek, do\u011fruya \u00f6vmek, yalanc\u0131y\u0131 yermek, b\u00fct\u00fcn tarikatlarda ilk dersti ve ba\u015f \u00f6\u011f\u00fctt\u00fc.Tekkenin meydan odas\u0131 sohbetlerinde verilen tar\u00eekat dersleri ve terbiyesi, cemiyete hep bu olgunlukta insan yeti\u015ftiriyordu. Onun i\u00e7indir ki, \u201cTekke g\u00f6rmeyen, tekkeden ge\u00e7meyen meclis adam\u0131 olamaz, insan y\u00fcz\u00fcne \u00e7\u0131kamaz\u2026\u201d derlerdi.Bozuntuya do\u011fru gitti\u011fi zamanlarda bile, b\u00fct\u00fcn terbiye sistemi ile ve her haliyle odunu ipek yapan bir te\u015fekk\u00fcl halinde \u00e7al\u0131\u015fan tekkeler ve tekke \u00e7evresi, son y\u0131llarda ehliyetsiz eller elinde kalmaktan, ulv\u00ee, insan\u00ee ve ictima\u00ee gayesini ve vazifesini, yava\u015f yava\u015f kaybetti.Kap\u0131s\u0131 herkese a\u00e7\u0131k bulundurulan tekkede ise, us\u00fbl ve erk\u00e2n ile uyand\u0131r\u0131lm\u0131\u015f koca bir meydan, ruh\u00ee ve ruh\u00e2n\u00ee konserler veren muhte\u015fem bir mutrib, bunun yan\u0131nda han\u00e7ere ihtil\u00e2li yapan z\u00e2kirler korosu, debdebeli bir nevbe, yer postlar\u0131 \u00fcst\u00fcnde kurulan ve co\u015ftuk\u00e7a co\u015fan bir zikrull\u00e2h \u00e2lemi h\u00e2kimdi. Zikrull\u00e2h, g\u00f6n\u00fcllerde il\u00e2h\u00ee a\u015fk\u0131n \u00e7era\u011f\u0131n\u0131 uyand\u0131r\u0131yor, b\u00fct\u00fcn kalpleri im\u00e2r ve ihy\u00e2 ediyordu.\u201d\u00d6mr\u00fcn\u00fc tasavvuf ve tekke hayat\u0131n\u0131n b\u00fct\u00fcn y\u00f6nleriyle kay\u0131t ve tespitine adam\u0131\u015f me\u015fhur yazar Cemaleddin Server Revnako\u011flu\u2019nun makalelerinden olu\u015fan bu derleme ham ruhlar\u0131n tekkelerde pi\u015fmek suretiyle nas\u0131lda insan-\u0131 k\u00e2mile d\u00f6n\u00fc\u015ft\u00fc\u011f\u00fcne terc\u00fcman oluyor\u2026<\/p>\n","protected":false},"excerpt":{"rendered":"<p>\u201cTar\u00eekata girmeyen dervi\u015f olamazd\u0131. Dervi\u015flik dereceleri ge\u00e7ilmeyince \u015feyhlik makam\u0131na y\u00fckselinemezdi. M\u00fcr\u015fit ve m\u00fcrebbi olmak kolay de\u011fildi. Her yerde, her i\u015fte daima do\u011frulu\u011fu telkin etmek, do\u011fruya \u00f6vmek,<span class=\"excerpt-hellip\"> [\u2026]<\/span><\/p>\n","protected":false},"featured_media":0,"template":"","meta":{"_monsterinsights_skip_tracking":false,"_monsterinsights_sitenote_active":false,"_monsterinsights_sitenote_note":"","_monsterinsights_sitenote_category":0},"product_brand":[],"product_cat":[12718,12719,15238],"product_tag":[],"class_list":{"0":"post-754949","1":"product","2":"type-product","3":"status-publish","5":"product_cat-din","6":"product_cat-islam","7":"product_cat-tasavvuf","8":"pa_cilt-ciltsiz","9":"pa_tur-kitap","10":"pa_yayinevi-sufi-kitap","11":"pa_yazar-cemaleddin-server-revnakoglu","13":"first","14":"instock","15":"sale","16":"shipping-taxable","17":"purchasable","18":"product-type-simple"},"_links":{"self":[{"href":"https:\/\/roveyayinevi.com.tr\/index.php\/wp-json\/wp\/v2\/product\/754949","targetHints":{"allow":["GET"]}}],"collection":[{"href":"https:\/\/roveyayinevi.com.tr\/index.php\/wp-json\/wp\/v2\/product"}],"about":[{"href":"https:\/\/roveyayinevi.com.tr\/index.php\/wp-json\/wp\/v2\/types\/product"}],"wp:attachment":[{"href":"https:\/\/roveyayinevi.com.tr\/index.php\/wp-json\/wp\/v2\/media?parent=754949"}],"wp:term":[{"taxonomy":"product_brand","embeddable":true,"href":"https:\/\/roveyayinevi.com.tr\/index.php\/wp-json\/wp\/v2\/product_brand?post=754949"},{"taxonomy":"product_cat","embeddable":true,"href":"https:\/\/roveyayinevi.com.tr\/index.php\/wp-json\/wp\/v2\/product_cat?post=754949"},{"taxonomy":"product_tag","embeddable":true,"href":"https:\/\/roveyayinevi.com.tr\/index.php\/wp-json\/wp\/v2\/product_tag?post=754949"}],"curies":[{"name":"wp","href":"https:\/\/api.w.org\/{rel}","templated":true}]}}