{"id":754948,"date":"2025-08-28T06:26:09","date_gmt":"2025-08-28T03:26:09","guid":{"rendered":"https:\/\/roveyayinevi.com.tr\/index.php\/urun\/devrana-girip-seyran-edelim\/"},"modified":"2026-04-16T03:08:17","modified_gmt":"2026-04-16T00:08:17","slug":"devrana-girip-seyran-edelim","status":"publish","type":"product","link":"https:\/\/roveyayinevi.com.tr\/index.php\/urun\/devrana-girip-seyran-edelim\/","title":{"rendered":"Devrana Girip Seyran Edelim"},"content":{"rendered":"<p>Tasavvuf; tarihin tozlu sayfalar\u0131na g\u00f6m\u00fcl\u00fc, raf \u00f6mr\u00fcn\u00fc doldurmu\u015f \u00f6l\u00fc bir d\u00fc\u015f\u00fcnce de\u011fil, aksine ya\u015fayan bir evren alg\u0131s\u0131d\u0131r ve meseleleri ge\u00e7mi\u015fe oldu\u011fu kadar g\u00fcn\u00fcm\u00fcze de aittir. Alper \u00c7eker; Halvetiye\u2019nin kollar\u0131ndan olan U\u015f\u015f\u00e2k\u00eelik merkezli bir bak\u0131\u015f a\u00e7\u0131s\u0131ndan \u015famanizm, \u00e7ilecilik, d\u00fc\u015fler, bilgi sosyolojisi, felsefe, hermetizm, gnostisizm, edebiyat ve sanat gibi ba\u015fl\u0131klar\u0131n tasavvufla ili\u015fkisini \u00e7a\u011fda\u015f insan\u0131n alg\u0131s\u0131na hitap eden bir dille kaleme ald\u0131. Kitab\u0131n \u00f6zg\u00fcn taraflar\u0131nda biri de kaynak\u00e7as\u0131n\u0131 ba\u015fka kitaplar\u0131n de\u011fil, yazar\u0131n dinleme talihine erdi\u011fi, \u00e7a\u011fda\u015f sufilere ait sohbetlerin; yani yaz\u0131l\u0131 kaynaklarda kar\u015f\u0131m\u0131za \u00e7\u0131kmayan s\u00f6zl\u00fc k\u00fclt\u00fcr\u00fcn olu\u015fturuyor olmas\u0131. <\/p>\n","protected":false},"excerpt":{"rendered":"<p>Tasavvuf; tarihin tozlu sayfalar\u0131na g\u00f6m\u00fcl\u00fc, raf \u00f6mr\u00fcn\u00fc doldurmu\u015f \u00f6l\u00fc bir d\u00fc\u015f\u00fcnce de\u011fil, aksine ya\u015fayan bir evren alg\u0131s\u0131d\u0131r ve meseleleri ge\u00e7mi\u015fe oldu\u011fu kadar g\u00fcn\u00fcm\u00fcze de aittir. Alper<span class=\"excerpt-hellip\"> [\u2026]<\/span><\/p>\n","protected":false},"featured_media":0,"template":"","meta":{"_monsterinsights_skip_tracking":false,"_monsterinsights_sitenote_active":false,"_monsterinsights_sitenote_note":"","_monsterinsights_sitenote_category":0},"product_brand":[],"product_cat":[12718,12719,15238],"product_tag":[],"class_list":{"0":"post-754948","1":"product","2":"type-product","3":"status-publish","5":"product_cat-din","6":"product_cat-islam","7":"product_cat-tasavvuf","8":"pa_cilt-ciltsiz","9":"pa_tur-kitap","10":"pa_yayinevi-sufi-kitap","11":"pa_yazar-alper-ceker","13":"first","14":"instock","15":"sale","16":"shipping-taxable","17":"purchasable","18":"product-type-simple"},"_links":{"self":[{"href":"https:\/\/roveyayinevi.com.tr\/index.php\/wp-json\/wp\/v2\/product\/754948","targetHints":{"allow":["GET"]}}],"collection":[{"href":"https:\/\/roveyayinevi.com.tr\/index.php\/wp-json\/wp\/v2\/product"}],"about":[{"href":"https:\/\/roveyayinevi.com.tr\/index.php\/wp-json\/wp\/v2\/types\/product"}],"wp:attachment":[{"href":"https:\/\/roveyayinevi.com.tr\/index.php\/wp-json\/wp\/v2\/media?parent=754948"}],"wp:term":[{"taxonomy":"product_brand","embeddable":true,"href":"https:\/\/roveyayinevi.com.tr\/index.php\/wp-json\/wp\/v2\/product_brand?post=754948"},{"taxonomy":"product_cat","embeddable":true,"href":"https:\/\/roveyayinevi.com.tr\/index.php\/wp-json\/wp\/v2\/product_cat?post=754948"},{"taxonomy":"product_tag","embeddable":true,"href":"https:\/\/roveyayinevi.com.tr\/index.php\/wp-json\/wp\/v2\/product_tag?post=754948"}],"curies":[{"name":"wp","href":"https:\/\/api.w.org\/{rel}","templated":true}]}}