{"id":754946,"date":"2025-08-28T06:26:06","date_gmt":"2025-08-28T03:26:06","guid":{"rendered":"https:\/\/roveyayinevi.com.tr\/index.php\/urun\/alemin-nizami\/"},"modified":"2026-04-16T03:08:17","modified_gmt":"2026-04-16T00:08:17","slug":"alemin-nizami","status":"publish","type":"product","link":"https:\/\/roveyayinevi.com.tr\/index.php\/urun\/alemin-nizami\/","title":{"rendered":"Alemin Nizam\u0131"},"content":{"rendered":"<p>\u00dcNL\u00dc \u0130SLAM \u00c2L\u0130M\u0130 ZEMAH\u015eER\u00ce\u2019N\u0130N S\u0130YASETNAMES\u0130 \u0130LK KEZ T\u00dcRK\u00c7EDEKisr\u00e2, zevcesi \u015eirin\u2019e hitaben \u201cAh \u015fu saltanat ne g\u00fczel \u015fey, bir de d\u00e2im olsa\u201d deyince \u015eirin \u015f\u00f6yle kar\u015f\u0131l\u0131kverir: \u201cD\u00e2im olsayd\u0131 bize intikal etmezdi.\u201dSosyal bir varl\u0131k olan insan, tabiat\u0131 gere\u011fi tarih boyunca bir arada ya\u015famaya ihtiya\u00e7 duydu. Topluluklarhalinde ya\u015fayan bireylerin huzurunun sa\u011flanmas\u0131, siyaset kurumunu zorunlu k\u0131ld\u0131. Y\u00f6netim \u015fekillerid\u00f6nemlere g\u00f6re de\u011fi\u015fse de baz\u0131 ilkeler t\u00fcm zamanlarda ge\u00e7erlili\u011fini korudu ve siyasetnamelerlenesilden nesile aktar\u0131ld\u0131.el-Ke\u015f\u015f\u00e2f adl\u0131 tefsiriyle \u0130slam\u00ee ilimler tarihine damgas\u0131n\u0131 vuran Zemah\u015fer\u00ee\u2019nin Reb\u00ee\u00fc\u2019l-Ebr\u00e2r veNus\u00fbsu\u2019l-Ahb\u00e2r isimli eserinin siyasetle ilgili b\u00f6l\u00fcmleri dilimize ilk kez terc\u00fcme ediliyor.\u201c\u00c2LEM\u0130N N\u0130ZAMI\u201d ismiyle \u00e7evrilen eserde saltanat, sultan, adalet, zul\u00fcm, biat, kibir, tevazu, devlettedevaml\u0131l\u0131k gibi temel konular ekseninde \u0130sl\u00e2m medeniyetinin birikimi sunuluyor. Doksan sekiz konuba\u015fl\u0131\u011f\u0131nda sahabilerin, halifelerin, \u00e2limlerin hikmetli s\u00f6zleri ibretli hik\u00e2ye ve \u015fiirlerle i\u015fleniyor. Osmanl\u0131ulem\u00e2s\u0131 taraf\u0131ndan da s\u0131k s\u0131k iktibas edilen eserde aktar\u0131lan rivayetlerin m\u00fctercim K\u00fcbra \u00d6zt\u00fcrktaraf\u0131ndan farkl\u0131 kaynaklar \u0131\u015f\u0131\u011f\u0131nda notland\u0131r\u0131lm\u0131\u015f olmas\u0131, d\u00f6nemin ruhuna daha fazla \u0131\u015f\u0131k tutulmas\u0131n\u0131sa\u011fl\u0131yor.<\/p>\n","protected":false},"excerpt":{"rendered":"<p>\u00dcNL\u00dc \u0130SLAM \u00c2L\u0130M\u0130 ZEMAH\u015eER\u00ce\u2019N\u0130N S\u0130YASETNAMES\u0130 \u0130LK KEZ T\u00dcRK\u00c7EDEKisr\u00e2, zevcesi \u015eirin\u2019e hitaben \u201cAh \u015fu saltanat ne g\u00fczel \u015fey, bir de d\u00e2im olsa\u201d deyince \u015eirin \u015f\u00f6yle kar\u015f\u0131l\u0131kverir: \u201cD\u00e2im<span class=\"excerpt-hellip\"> [\u2026]<\/span><\/p>\n","protected":false},"featured_media":0,"template":"","meta":{"_monsterinsights_skip_tracking":false,"_monsterinsights_sitenote_active":false,"_monsterinsights_sitenote_note":"","_monsterinsights_sitenote_category":0},"product_brand":[],"product_cat":[12370,12304],"product_tag":[],"class_list":{"0":"post-754946","1":"product","2":"type-product","3":"status-publish","5":"product_cat-arastirma-inceleme","6":"product_cat-tarih","7":"pa_cilt-ciltsiz","8":"pa_tur-kitap","9":"pa_yayinevi-timas-akademi-yayinlari","10":"pa_yazar-zemahseri","12":"first","13":"instock","14":"sale","15":"shipping-taxable","16":"purchasable","17":"product-type-simple"},"_links":{"self":[{"href":"https:\/\/roveyayinevi.com.tr\/index.php\/wp-json\/wp\/v2\/product\/754946","targetHints":{"allow":["GET"]}}],"collection":[{"href":"https:\/\/roveyayinevi.com.tr\/index.php\/wp-json\/wp\/v2\/product"}],"about":[{"href":"https:\/\/roveyayinevi.com.tr\/index.php\/wp-json\/wp\/v2\/types\/product"}],"wp:attachment":[{"href":"https:\/\/roveyayinevi.com.tr\/index.php\/wp-json\/wp\/v2\/media?parent=754946"}],"wp:term":[{"taxonomy":"product_brand","embeddable":true,"href":"https:\/\/roveyayinevi.com.tr\/index.php\/wp-json\/wp\/v2\/product_brand?post=754946"},{"taxonomy":"product_cat","embeddable":true,"href":"https:\/\/roveyayinevi.com.tr\/index.php\/wp-json\/wp\/v2\/product_cat?post=754946"},{"taxonomy":"product_tag","embeddable":true,"href":"https:\/\/roveyayinevi.com.tr\/index.php\/wp-json\/wp\/v2\/product_tag?post=754946"}],"curies":[{"name":"wp","href":"https:\/\/api.w.org\/{rel}","templated":true}]}}