{"id":754944,"date":"2025-08-28T06:26:03","date_gmt":"2025-08-28T03:26:03","guid":{"rendered":"https:\/\/roveyayinevi.com.tr\/index.php\/urun\/hayat-dalgalar-gibi-ustumuzden-gececek\/"},"modified":"2026-04-16T03:08:17","modified_gmt":"2026-04-16T00:08:17","slug":"hayat-dalgalar-gibi-ustumuzden-gececek","status":"publish","type":"product","link":"https:\/\/roveyayinevi.com.tr\/index.php\/urun\/hayat-dalgalar-gibi-ustumuzden-gececek\/","title":{"rendered":"Hayat Dalgalar Gibi \u00dcst\u00fcm\u00fczden Ge\u00e7ecek"},"content":{"rendered":"<p>Bir metni \u00f6vmek i\u00e7in onun \u015fiire ne kadar yakla\u015ft\u0131\u011f\u0131na vurgu yapar\u0131z. \u201cHatt\u00e2 Tun\u00e7! Biraz kula\u011f\u0131n\u0131 bana yakla\u015ft\u0131r\u0131r m\u0131s\u0131n, bir \u015fey s\u00f6yliyece\u011fim!\u201d B\u00fclent Ecevit&#8217;in; arkada\u015f\u0131 Tun\u00e7 Yalman&#8217;a yazd\u0131\u011f\u0131 bir mektuptan al\u0131nt\u0131lad\u0131\u011f\u0131m\u0131z bu s\u00f6zlerdeki hayal g\u00fcc\u00fc, \u015fiiri ge\u00e7iyor. Robert Koleji yeni bitirmi\u015f ve Ankara\u2019ya d\u00f6nd\u00fc\u011f\u00fc i\u00e7in arkada\u015flar\u0131ndan uzak kalm\u0131\u015f olan gen\u00e7 B\u00fclent Ecevit, mektuplar\u0131ndan anlad\u0131\u011f\u0131m\u0131z kadar\u0131yla asl\u0131nda ba\u015fkenti \u201cRah\u015fanapoli\u201d olan \u00fctopik bir \u00fclkede ya\u015famaktad\u0131r. Kendisi de bu \u00fclkenin \u015fairidir.Gelecekte T\u00fcrk tiyatrosunun \u00f6nemli isimleri aras\u0131na girecek olan Tun\u00e7 Yalman\u2019a B\u00fclent Ecevit taraf\u0131ndan yaz\u0131lan mektuplar T\u00fcrk edebiyat\u0131n\u0131n e\u015fsiz \u00f6rnekleri aras\u0131nda. Bu niteli\u011finin yan\u0131nda, T\u00fcrk toplumunun siyasi bir fig\u00fcr olarak tan\u0131d\u0131\u011f\u0131 B\u00fclent Ecevit&#8217;in inan\u00e7 d\u00fcnyas\u0131, edebi ki\u015fili\u011fi, gen\u00e7lik heyecanlar\u0131 ve daha bir\u00e7ok bilinmeyen y\u00f6n\u00fc s\u00f6z konusu mektuplar sayesinde okurun ilgisine sunuluyor.<\/p>\n","protected":false},"excerpt":{"rendered":"<p>Bir metni \u00f6vmek i\u00e7in onun \u015fiire ne kadar yakla\u015ft\u0131\u011f\u0131na vurgu yapar\u0131z. \u201cHatt\u00e2 Tun\u00e7! Biraz kula\u011f\u0131n\u0131 bana yakla\u015ft\u0131r\u0131r m\u0131s\u0131n, bir \u015fey s\u00f6yliyece\u011fim!\u201d B\u00fclent Ecevit&#8217;in; arkada\u015f\u0131 Tun\u00e7 Yalman&#8217;a<span class=\"excerpt-hellip\"> [\u2026]<\/span><\/p>\n","protected":false},"featured_media":0,"template":"","meta":{"_monsterinsights_skip_tracking":false,"_monsterinsights_sitenote_active":false,"_monsterinsights_sitenote_note":"","_monsterinsights_sitenote_category":0},"product_brand":[],"product_cat":[13946,12304],"product_tag":[],"class_list":{"0":"post-754944","1":"product","2":"type-product","3":"status-publish","5":"product_cat-biyografi-otobiyografi","6":"product_cat-tarih","7":"pa_cilt-ciltsiz","8":"pa_tur-kitap","9":"pa_yayinevi-timas-yayinlari","10":"pa_yazar-bulent-ecevit","12":"first","13":"instock","14":"sale","15":"shipping-taxable","16":"purchasable","17":"product-type-simple"},"_links":{"self":[{"href":"https:\/\/roveyayinevi.com.tr\/index.php\/wp-json\/wp\/v2\/product\/754944","targetHints":{"allow":["GET"]}}],"collection":[{"href":"https:\/\/roveyayinevi.com.tr\/index.php\/wp-json\/wp\/v2\/product"}],"about":[{"href":"https:\/\/roveyayinevi.com.tr\/index.php\/wp-json\/wp\/v2\/types\/product"}],"wp:attachment":[{"href":"https:\/\/roveyayinevi.com.tr\/index.php\/wp-json\/wp\/v2\/media?parent=754944"}],"wp:term":[{"taxonomy":"product_brand","embeddable":true,"href":"https:\/\/roveyayinevi.com.tr\/index.php\/wp-json\/wp\/v2\/product_brand?post=754944"},{"taxonomy":"product_cat","embeddable":true,"href":"https:\/\/roveyayinevi.com.tr\/index.php\/wp-json\/wp\/v2\/product_cat?post=754944"},{"taxonomy":"product_tag","embeddable":true,"href":"https:\/\/roveyayinevi.com.tr\/index.php\/wp-json\/wp\/v2\/product_tag?post=754944"}],"curies":[{"name":"wp","href":"https:\/\/api.w.org\/{rel}","templated":true}]}}