{"id":754942,"date":"2025-08-28T06:26:01","date_gmt":"2025-08-28T03:26:01","guid":{"rendered":"https:\/\/roveyayinevi.com.tr\/index.php\/urun\/sosyolojik-basiret\/"},"modified":"2026-04-16T03:08:17","modified_gmt":"2026-04-16T00:08:17","slug":"sosyolojik-basiret","status":"publish","type":"product","link":"https:\/\/roveyayinevi.com.tr\/index.php\/urun\/sosyolojik-basiret\/","title":{"rendered":"Sosyolojik Basiret"},"content":{"rendered":"<p>Benim ele\u015ftirilerim genelde do\u011frudan \u015fah\u0131slara, markalara, ideolojilere y\u00f6nelik olmuyor. Meseleyi ki\u015fiselle\u015ftirmemeye ciddi bir \u00f6zen g\u00f6steriyorum. Benim de i\u00e7inde ya\u015fad\u0131\u011f\u0131m, bir par\u00e7as\u0131 oldu\u011fum toplumsal vasata, onun i\u00e7indeki baz\u0131 tipolojilere odaklamaya \u00e7al\u0131\u015f\u0131yorum ele\u015ftirilerimi. Elbette \u00fcslup da \u00e7ok \u00f6nemli benim i\u00e7in. \u201cLe style c\u2019est l\u2019homme m\u00eame.\u201d Yani \u00fcslup ayniyle insand\u0131r. Buffon\u2019un bu s\u00f6z\u00fcn\u00fc \u00e7ok severim. Kurdu\u011funuz c\u00fcmlenin hakikat i\u00e7eri\u011fi, \u00f6tekine n\u00fcfuz kapasitesi asla \u00fcslubunuzdan ba\u011f\u0131ms\u0131z de\u011fildir. Bence i\u015fler b\u00f6yle oldu\u011funda ele\u015ftiri yap\u0131c\u0131, in\u015fa edici, ta\u015f \u00fcst\u00fcne ta\u015f koyan bir role sahip olabiliyor. Bence T\u00fcrkiye\u2019nin en \u00f6nemli eksikliklerinden biri de polemik ve ele\u015ftirinin genelde b\u00f6yle bir i\u015fleve sahip olmamalar\u0131. Besim F. Dellalo\u011flu, Sosyolojik Basiret: Duvar ve Perspektif Yaz\u0131lar\u0131\u2019nda bir sosyolog olarak \u00fczerinde \u00e7ok durulan, tart\u0131\u015f\u0131lan ve \u00e7\u00f6z\u00fclemeyen kavramlar etraf\u0131nda bir T\u00fcrkiye panoramas\u0131 \u00e7iziyor.Dellalo\u011flu bu yaz\u0131lar\u0131nda, fa\u015fizm, toplum, ideoloji, muhafazak\u00e2rl\u0131k, burjuvazi, futbol, k\u00fclt\u00fcr, maarif, kamu, oryantalizm, akademisyenlik, kanon, gelenek, edebiyat, ayd\u0131n, entelekt\u00fcel, okuryazarl\u0131k, ahlak gibi meselelere g\u00fcndelik hayat\u0131 ve siyaseti dahil ederek T\u00fcrkiye merkezli, olgunla\u015ft\u0131r\u0131lm\u0131\u015f, terbiye edilmi\u015f tespitler ve \u201cokumalar\u201d sunuyor. Dellalo\u011flu, Sosyolojik Basiret: Duvar ve Perspektif Yaz\u0131lar\u0131\u2019yla \u201cokuryazar\u201dlar\u0131n zihin masas\u0131nda yer bulmas\u0131 elzem yol haritalar\u0131na bir yenisini ekliyor.<\/p>\n","protected":false},"excerpt":{"rendered":"<p>Benim ele\u015ftirilerim genelde do\u011frudan \u015fah\u0131slara, markalara, ideolojilere y\u00f6nelik olmuyor. Meseleyi ki\u015fiselle\u015ftirmemeye ciddi bir \u00f6zen g\u00f6steriyorum. Benim de i\u00e7inde ya\u015fad\u0131\u011f\u0131m, bir par\u00e7as\u0131 oldu\u011fum toplumsal vasata, onun i\u00e7indeki<span class=\"excerpt-hellip\"> [\u2026]<\/span><\/p>\n","protected":false},"featured_media":0,"template":"","meta":{"_monsterinsights_skip_tracking":false,"_monsterinsights_sitenote_active":false,"_monsterinsights_sitenote_note":"","_monsterinsights_sitenote_category":0},"product_brand":[],"product_cat":[12325,12324],"product_tag":[],"class_list":{"0":"post-754942","1":"product","2":"type-product","3":"status-publish","5":"product_cat-diger-sosyoloji","6":"product_cat-sosyoloji","7":"pa_cilt-ciltsiz","8":"pa_tur-kitap","9":"pa_yayinevi-timas-yayinlari","10":"pa_yazar-besim-f-dellaloglu","12":"first","13":"instock","14":"sale","15":"shipping-taxable","16":"purchasable","17":"product-type-simple"},"_links":{"self":[{"href":"https:\/\/roveyayinevi.com.tr\/index.php\/wp-json\/wp\/v2\/product\/754942","targetHints":{"allow":["GET"]}}],"collection":[{"href":"https:\/\/roveyayinevi.com.tr\/index.php\/wp-json\/wp\/v2\/product"}],"about":[{"href":"https:\/\/roveyayinevi.com.tr\/index.php\/wp-json\/wp\/v2\/types\/product"}],"wp:attachment":[{"href":"https:\/\/roveyayinevi.com.tr\/index.php\/wp-json\/wp\/v2\/media?parent=754942"}],"wp:term":[{"taxonomy":"product_brand","embeddable":true,"href":"https:\/\/roveyayinevi.com.tr\/index.php\/wp-json\/wp\/v2\/product_brand?post=754942"},{"taxonomy":"product_cat","embeddable":true,"href":"https:\/\/roveyayinevi.com.tr\/index.php\/wp-json\/wp\/v2\/product_cat?post=754942"},{"taxonomy":"product_tag","embeddable":true,"href":"https:\/\/roveyayinevi.com.tr\/index.php\/wp-json\/wp\/v2\/product_tag?post=754942"}],"curies":[{"name":"wp","href":"https:\/\/api.w.org\/{rel}","templated":true}]}}