{"id":754940,"date":"2025-08-28T06:25:58","date_gmt":"2025-08-28T03:25:58","guid":{"rendered":"https:\/\/roveyayinevi.com.tr\/index.php\/urun\/dunyanin-yedi-olcusu\/"},"modified":"2026-04-16T03:08:17","modified_gmt":"2026-04-16T00:08:17","slug":"dunyanin-yedi-olcusu","status":"publish","type":"product","link":"https:\/\/roveyayinevi.com.tr\/index.php\/urun\/dunyanin-yedi-olcusu\/","title":{"rendered":"D\u00fcnyan\u0131n Yedi \u00d6l\u00e7\u00fcs\u00fc"},"content":{"rendered":"<p>Tarihin ba\u015flang\u0131c\u0131ndan bu yana yapt\u0131\u011f\u0131m\u0131z \u00f6l\u00e7\u00fcmler, evren, toplum ve do\u011fa\u00fcst\u00fcne dair anlay\u0131\u015f\u0131m\u0131z\u0131 \u015fekillendirerek d\u00fcnya deneyimimizin ayr\u0131lmaz bir par\u00e7as\u0131 haline geldi. \u0130talyan fizik\u00e7i Piero Martin bu kitapta okuru insanl\u0131\u011f\u0131n ortak k\u00fclt\u00fcr hazinelerinden yedi temel \u00f6l\u00e7\u00fcn\u00fcn; metrenin, saniyenin, kilogram\u0131n, kelvinin, amperin, mol\u00fcn ve kandelan\u0131n hik\u00e2yesinin merkezde oldu\u011fu bir yolculu\u011fa \u00e7\u0131kar\u0131yor. Her b\u00f6l\u00fcmde bir \u00f6l\u00e7\u00fcm sisteminin tarih\u00e7esini, i\u015flevini, uygulan\u0131\u015f bi\u00e7imini anlat\u0131rken ayn\u0131 zamanda her bir birimin klasik fizikten kuantum mekani\u011fine, g\u00f6relilikten kimyaya, kozmolojiden temel par\u00e7ac\u0131k fizi\u011fine ve t\u0131ptan modern teknolojiye kadar bilime nas\u0131l katk\u0131da bulundu\u011funu a\u00e7\u0131kl\u0131yor. D\u00fcnya\u2019n\u0131n asl\u0131nda bu \u00f6l\u00e7\u00fclerle ne kadar b\u00fcy\u00fcd\u00fc\u011f\u00fcn\u00fc ve k\u00fc\u00e7\u00fcld\u00fc\u011f\u00fcn\u00fc g\u00f6zler \u00f6n\u00fcne seriyor; sonsuz k\u00fc\u00e7\u00fckten sonsuz b\u00fcy\u00fc\u011fe uzanan bu ser\u00fcvende insan olarak yerimizi bir kez daha d\u00fc\u015f\u00fcnmemizi sa\u011fl\u0131yor. \u201cPiero Martin\u2019in keyifli kitab\u0131, yedi \u00f6l\u00e7\u00fc biriminin geli\u015fimini insan hik\u00e2yeleriyle birle\u015ftiriyor. Her hik\u00e2ye lezzetli bir lokma \u2013ve ben hepsini bir oturu\u015fta silip s\u00fcp\u00fcrd\u00fcm.\u201d \u2013Steven Cowley, Princeton Plazma Fizi\u011fi Laboratuvar\u0131 Direkt\u00f6r\u00fc\u201cD\u00fcnyan\u0131n Yedi \u00d6l\u00e7\u00fcs\u00fc \u015fimdiden rekor k\u0131rd\u0131: Yale University Press, \u00e7eviri haklar\u0131n\u0131 daha kitap \u00e7\u0131kmadan sat\u0131n ald\u0131. Bu g\u00f6z ard\u0131 edilebilecek bir ger\u00e7ek de\u011fil. \u00dcstelik Amerikal\u0131lar\u0131n, bilim insanlar\u0131n\u0131n kapasitesi ve kitaplar\u0131n\u0131 d\u00fcnya genelinde yayma g\u00fc\u00e7leri d\u00fc\u015f\u00fcn\u00fcld\u00fc\u011f\u00fcnde, yabanc\u0131 fizik\u00e7ilerin yazd\u0131\u011f\u0131 kitaplar\u0131 terc\u00fcme etmeleri al\u0131\u015f\u0131lm\u0131\u015f bir durum de\u011fildir. Ama bu sefer hayal ger\u00e7ek oldu.\u201d \u2013Il Gazzettino<\/p>\n","protected":false},"excerpt":{"rendered":"<p>Tarihin ba\u015flang\u0131c\u0131ndan bu yana yapt\u0131\u011f\u0131m\u0131z \u00f6l\u00e7\u00fcmler, evren, toplum ve do\u011fa\u00fcst\u00fcne dair anlay\u0131\u015f\u0131m\u0131z\u0131 \u015fekillendirerek d\u00fcnya deneyimimizin ayr\u0131lmaz bir par\u00e7as\u0131 haline geldi. \u0130talyan fizik\u00e7i Piero Martin bu kitapta<span class=\"excerpt-hellip\"> [\u2026]<\/span><\/p>\n","protected":false},"featured_media":0,"template":"","meta":{"_monsterinsights_skip_tracking":false,"_monsterinsights_sitenote_active":false,"_monsterinsights_sitenote_note":"","_monsterinsights_sitenote_category":0},"product_brand":[],"product_cat":[13005,15998],"product_tag":[],"class_list":{"0":"post-754940","1":"product","2":"type-product","3":"status-publish","5":"product_cat-bilim-muhendislik","6":"product_cat-bilim-tarihi","7":"pa_cilt-ciltsiz","8":"pa_tur-kitap","9":"pa_yayinevi-timas-yayinlari","10":"pa_yazar-piero-martin","12":"first","13":"instock","14":"sale","15":"shipping-taxable","16":"purchasable","17":"product-type-simple"},"_links":{"self":[{"href":"https:\/\/roveyayinevi.com.tr\/index.php\/wp-json\/wp\/v2\/product\/754940","targetHints":{"allow":["GET"]}}],"collection":[{"href":"https:\/\/roveyayinevi.com.tr\/index.php\/wp-json\/wp\/v2\/product"}],"about":[{"href":"https:\/\/roveyayinevi.com.tr\/index.php\/wp-json\/wp\/v2\/types\/product"}],"wp:attachment":[{"href":"https:\/\/roveyayinevi.com.tr\/index.php\/wp-json\/wp\/v2\/media?parent=754940"}],"wp:term":[{"taxonomy":"product_brand","embeddable":true,"href":"https:\/\/roveyayinevi.com.tr\/index.php\/wp-json\/wp\/v2\/product_brand?post=754940"},{"taxonomy":"product_cat","embeddable":true,"href":"https:\/\/roveyayinevi.com.tr\/index.php\/wp-json\/wp\/v2\/product_cat?post=754940"},{"taxonomy":"product_tag","embeddable":true,"href":"https:\/\/roveyayinevi.com.tr\/index.php\/wp-json\/wp\/v2\/product_tag?post=754940"}],"curies":[{"name":"wp","href":"https:\/\/api.w.org\/{rel}","templated":true}]}}