{"id":754938,"date":"2025-08-28T06:25:55","date_gmt":"2025-08-28T03:25:55","guid":{"rendered":"https:\/\/roveyayinevi.com.tr\/index.php\/urun\/kamu-tercihi\/"},"modified":"2026-04-16T03:08:16","modified_gmt":"2026-04-16T00:08:16","slug":"kamu-tercihi","status":"publish","type":"product","link":"https:\/\/roveyayinevi.com.tr\/index.php\/urun\/kamu-tercihi\/","title":{"rendered":"Kamu Tercihi"},"content":{"rendered":"<p>Kamu Tercihi teorisi, i\u015fletme teorisinde epey iyi bilinen bir sorun olan vekalet probleminin (agency problem) Politik ekonomiye uyarlanmas\u0131d\u0131r. Vekalet sorunu, basit\u00e7e bir i\u015f\u00e7i \u2013 i\u015fveren \u00e7\u0131kar \u00e7at\u0131\u015fmas\u0131d\u0131r. Mesela bir lokantac\u0131n\u0131n ana amac\u0131 bir \u00fcr\u00fcnden daha fazla satmakken garsonunki daha \u00e7ok bah\u015fi\u015f almak olabilir. Bu herkesin bildi\u011fi ve fark\u0131nda oldu\u011fu problem nedense refah devleti savunucular\u0131 ve di\u011fer kolektivistlerce g\u00f6z ard\u0131 edilmektedir. Onlar politikac\u0131lar\u0131n ve b\u00fcrokratlar\u0131n \u015fahsi \u00e7\u0131karlar\u0131 i\u00e7in \u00e7al\u0131\u015facaklar\u0131na de\u011fil \u00fclke genelinin \u00e7\u0131karlar\u0131n\u0131n pe\u015fine d\u00fc\u015feceklerine ili\u015fkin naif bir alg\u0131ya sahiptirler.   Halbuki i\u015fletmeciler hakl\u0131d\u0131r: asille vekilin \u00e7\u0131karlar\u0131 s\u0131kl\u0131kla \u00e7at\u0131\u015f\u0131r ve vekil asil i\u00e7in de\u011fil kendisi i\u00e7in \u00e7al\u0131\u015f\u0131r. Bunu yaparken de kendisine m\u00fcttefikler bulur. Milletvekillerinden olu\u015fan Meclislerin Milletlerin de\u011fil vekillerin \u00e7\u0131kar\u0131 i\u00e7in \u00e7al\u0131\u015ft\u0131\u011f\u0131na, bu i\u015fleyi\u015fi bilen baz\u0131 organize \u00e7\u0131kar guruplar\u0131n\u0131n kendilerine \u00e7\u0131kar yonttuklar\u0131na s\u0131kl\u0131kla \u015fahit oluruz.   Eamonn Butler, bu kitapta kamu tercihi teorisinin tarihini \u00f6zetliyor, geli\u015fimini ve dallar\u0131n\u0131 inceliyor, demokrasilerin bu sorundan nas\u0131l korunabilece\u011fine ili\u015fkin \u00e7\u00f6z\u00fcm yollar\u0131 \u00f6neriyor ve konu hakk\u0131nda derinle\u015fmek isteyen okura y\u00f6n g\u00f6steriyor. <\/p>\n","protected":false},"excerpt":{"rendered":"<p>Kamu Tercihi teorisi, i\u015fletme teorisinde epey iyi bilinen bir sorun olan vekalet probleminin (agency problem) Politik ekonomiye uyarlanmas\u0131d\u0131r. Vekalet sorunu, basit\u00e7e bir i\u015f\u00e7i \u2013 i\u015fveren \u00e7\u0131kar<span class=\"excerpt-hellip\"> [\u2026]<\/span><\/p>\n","protected":false},"featured_media":0,"template":"","meta":{"_monsterinsights_skip_tracking":false,"_monsterinsights_sitenote_active":false,"_monsterinsights_sitenote_note":"","_monsterinsights_sitenote_category":0},"product_brand":[],"product_cat":[13059,12337],"product_tag":[],"class_list":{"0":"post-754938","1":"product","2":"type-product","3":"status-publish","5":"product_cat-diger-politika-siyaset","6":"product_cat-politika-siyaset","7":"pa_cilt-ciltsiz","8":"pa_tur-kitap","9":"pa_yayinevi-serbest-kitaplar","10":"pa_yazar-eamonn-butler","12":"first","13":"instock","14":"sale","15":"shipping-taxable","16":"purchasable","17":"product-type-simple"},"_links":{"self":[{"href":"https:\/\/roveyayinevi.com.tr\/index.php\/wp-json\/wp\/v2\/product\/754938","targetHints":{"allow":["GET"]}}],"collection":[{"href":"https:\/\/roveyayinevi.com.tr\/index.php\/wp-json\/wp\/v2\/product"}],"about":[{"href":"https:\/\/roveyayinevi.com.tr\/index.php\/wp-json\/wp\/v2\/types\/product"}],"wp:attachment":[{"href":"https:\/\/roveyayinevi.com.tr\/index.php\/wp-json\/wp\/v2\/media?parent=754938"}],"wp:term":[{"taxonomy":"product_brand","embeddable":true,"href":"https:\/\/roveyayinevi.com.tr\/index.php\/wp-json\/wp\/v2\/product_brand?post=754938"},{"taxonomy":"product_cat","embeddable":true,"href":"https:\/\/roveyayinevi.com.tr\/index.php\/wp-json\/wp\/v2\/product_cat?post=754938"},{"taxonomy":"product_tag","embeddable":true,"href":"https:\/\/roveyayinevi.com.tr\/index.php\/wp-json\/wp\/v2\/product_tag?post=754938"}],"curies":[{"name":"wp","href":"https:\/\/api.w.org\/{rel}","templated":true}]}}