{"id":754937,"date":"2025-08-28T06:25:54","date_gmt":"2025-08-28T03:25:54","guid":{"rendered":"https:\/\/roveyayinevi.com.tr\/index.php\/urun\/adan-zye-astronomi\/"},"modified":"2026-04-16T03:08:16","modified_gmt":"2026-04-16T00:08:16","slug":"adan-zye-astronomi","status":"publish","type":"product","link":"https:\/\/roveyayinevi.com.tr\/index.php\/urun\/adan-zye-astronomi\/","title":{"rendered":"A&#8217;dan Z&#8217;ye Astronomi"},"content":{"rendered":"<p>Uzay; asteroitler, kuyruklu y\u0131ld\u0131zlar, aylar, gezegenler, y\u0131ld\u0131zlar, tak\u0131my\u0131ld\u0131zlar ve galaksilerle dolu. Bunlar hemen g\u00f6ze \u00e7arpanlar. Bir de ancak en ileri teknolojili teleskoplarla g\u00f6r\u00fclebilen ya da alg\u0131lanabilen \u00f6te gezegenler, kara delikler, pulsarlar, kuazarlar, n\u00f6tron y\u0131ld\u0131zlar\u0131, bulutsular ve daha ba\u015fka pek \u00e7ok \u015fey var. Bu kitap, t\u00fcm bu g\u00f6k cisimlerinin nas\u0131l olu\u015ftu\u011funa, t\u00fcm bu kozmolojik olaylar\u0131n nas\u0131l meydana geldi\u011fine dair temel bilgiler i\u00e7eriyor. A\u2019dan Z\u2019ye Astronomi sizi bilim tarihinde bir gezintiye \u00e7\u0131kar\u0131yor, size astronominin \u2013insan\u0131n ta en ba\u015f\u0131ndan beri kozmosu g\u00f6zetlemeye ve s\u0131rlar\u0131n\u0131 \u00e7\u00f6zmeye \u00e7abalay\u0131\u015f\u0131n\u0131n\u2013 \u00f6yk\u00fcs\u00fcn\u00fc anlat\u0131yor. Evren sonlu mu sonsuz mu? \u00d6te gezegenlerde hayat var m\u0131? G\u00f6kcisimleri neden birbirini \u00e7eker? Gama \u0131\u015f\u0131n\u0131 patlamas\u0131 nedir? Astrobiyoloji nedir? gibi sorular\u0131n\u0131za tatmin edici yan\u0131tlar veriyor. Hi\u00e7bir sorunuz yan\u0131ts\u0131z kalmas\u0131n! <\/p>\n","protected":false},"excerpt":{"rendered":"<p>Uzay; asteroitler, kuyruklu y\u0131ld\u0131zlar, aylar, gezegenler, y\u0131ld\u0131zlar, tak\u0131my\u0131ld\u0131zlar ve galaksilerle dolu. Bunlar hemen g\u00f6ze \u00e7arpanlar. Bir de ancak en ileri teknolojili teleskoplarla g\u00f6r\u00fclebilen ya da alg\u0131lanabilen<span class=\"excerpt-hellip\"> [\u2026]<\/span><\/p>\n","protected":false},"featured_media":0,"template":"","meta":{"_monsterinsights_skip_tracking":false,"_monsterinsights_sitenote_active":false,"_monsterinsights_sitenote_note":"","_monsterinsights_sitenote_category":0},"product_brand":[],"product_cat":[43754,13005],"product_tag":[],"class_list":{"0":"post-754937","1":"product","2":"type-product","3":"status-publish","5":"product_cat-astronomi","6":"product_cat-bilim-muhendislik","7":"pa_cilt-ciltsiz","8":"pa_tur-kitap","9":"pa_yayinevi-say-yayinlari","10":"pa_yazar-charles-liu","12":"first","13":"instock","14":"sale","15":"shipping-taxable","16":"purchasable","17":"product-type-simple"},"_links":{"self":[{"href":"https:\/\/roveyayinevi.com.tr\/index.php\/wp-json\/wp\/v2\/product\/754937","targetHints":{"allow":["GET"]}}],"collection":[{"href":"https:\/\/roveyayinevi.com.tr\/index.php\/wp-json\/wp\/v2\/product"}],"about":[{"href":"https:\/\/roveyayinevi.com.tr\/index.php\/wp-json\/wp\/v2\/types\/product"}],"wp:attachment":[{"href":"https:\/\/roveyayinevi.com.tr\/index.php\/wp-json\/wp\/v2\/media?parent=754937"}],"wp:term":[{"taxonomy":"product_brand","embeddable":true,"href":"https:\/\/roveyayinevi.com.tr\/index.php\/wp-json\/wp\/v2\/product_brand?post=754937"},{"taxonomy":"product_cat","embeddable":true,"href":"https:\/\/roveyayinevi.com.tr\/index.php\/wp-json\/wp\/v2\/product_cat?post=754937"},{"taxonomy":"product_tag","embeddable":true,"href":"https:\/\/roveyayinevi.com.tr\/index.php\/wp-json\/wp\/v2\/product_tag?post=754937"}],"curies":[{"name":"wp","href":"https:\/\/api.w.org\/{rel}","templated":true}]}}