{"id":754931,"date":"2025-08-28T06:25:43","date_gmt":"2025-08-28T03:25:43","guid":{"rendered":"https:\/\/roveyayinevi.com.tr\/index.php\/urun\/k-pop-sirlari\/"},"modified":"2026-04-16T03:08:16","modified_gmt":"2026-04-16T00:08:16","slug":"k-pop-sirlari","status":"publish","type":"product","link":"https:\/\/roveyayinevi.com.tr\/index.php\/urun\/k-pop-sirlari\/","title":{"rendered":"K-Pop S\u0131rlar\u0131"},"content":{"rendered":"<p>T\u00dcM ZAMANLARIN EN POP\u00dcLER M\u00dcZ\u0130K GRUBUNDA YER ALMAK \u0130\u00c7\u0130N, ARKADA\u015eLARINI, GELECE\u011e\u0130N\u0130 VE \u0130NANDI\u011eIN HER \u015eEY\u0130 TEHL\u0130KEYE ATMAYA DE\u011eER M\u0130? Hayat\u0131n\u0131 Kore as\u0131ll\u0131 Amerikal\u0131 k\u0131z rol\u00fc\u0308 oynayarak ge\u00e7iren Candace Park\u2019\u0131n ola\u011fan\u00fcst\u00fc\u0308 bir yetene\u011fi vard\u0131r. \u00c7ok iyi \u015fark\u0131 s\u00f6yleyebilen Candace Park, binlerce ki\u015fi aras\u0131ndan d\u00fcnyan\u0131n en b\u00fcy\u00fck K-pop \u015firketinin ilk k\u0131z grubuna se\u00e7ilmeyi ba\u015far\u0131r. Ancak bir K-pop aday\u0131n\u0131n hayat\u0131 Candace\u2019\u0131n sand\u0131\u011f\u0131 kadar kolay ve konforlu de\u011fildir maalesef. \u015eirketin Seul \u2019deki ana merkezinde i\u015fler hi\u00e7 de kolay y\u00fcr\u00fcmez. Bu i\u015fin katlan\u0131lmas\u0131 zor say\u0131s\u0131z kural\u0131 vard\u0131r. En kat\u0131 yasaklardan biri de a\u015fkt\u0131r&#8230; \u00c2\u015eIK OLMAK YASAK! Fakat a\u015fktan ka\u00e7mak Candace i\u00e7in zamanla uygulamas\u0131 imk\u00e2ns\u0131z bir kurala d\u00f6n\u00fc\u015fecek ve bu durum K-pop d\u00fcnyas\u0131nda b\u00fcy\u00fck bir skandal\u0131n patlamas\u0131na neden olacakt\u0131r. <\/p>\n","protected":false},"excerpt":{"rendered":"<p>T\u00dcM ZAMANLARIN EN POP\u00dcLER M\u00dcZ\u0130K GRUBUNDA YER ALMAK \u0130\u00c7\u0130N, ARKADA\u015eLARINI, GELECE\u011e\u0130N\u0130 VE \u0130NANDI\u011eIN HER \u015eEY\u0130 TEHL\u0130KEYE ATMAYA DE\u011eER M\u0130? Hayat\u0131n\u0131 Kore as\u0131ll\u0131 Amerikal\u0131 k\u0131z rol\u00fc\u0308 oynayarak<span class=\"excerpt-hellip\"> [\u2026]<\/span><\/p>\n","protected":false},"featured_media":0,"template":"","meta":{"_monsterinsights_skip_tracking":false,"_monsterinsights_sitenote_active":false,"_monsterinsights_sitenote_note":"","_monsterinsights_sitenote_category":0},"product_brand":[],"product_cat":[12416,12291],"product_tag":[],"class_list":{"0":"post-754931","1":"product","2":"type-product","3":"status-publish","5":"product_cat-cizgi-roman","6":"product_cat-edebiyat","7":"pa_cilt-ciltsiz","8":"pa_tur-kitap","9":"pa_yayinevi-athica-yayinlari","10":"pa_yazar-stephan-lee","12":"first","13":"instock","14":"sale","15":"shipping-taxable","16":"purchasable","17":"product-type-simple"},"_links":{"self":[{"href":"https:\/\/roveyayinevi.com.tr\/index.php\/wp-json\/wp\/v2\/product\/754931","targetHints":{"allow":["GET"]}}],"collection":[{"href":"https:\/\/roveyayinevi.com.tr\/index.php\/wp-json\/wp\/v2\/product"}],"about":[{"href":"https:\/\/roveyayinevi.com.tr\/index.php\/wp-json\/wp\/v2\/types\/product"}],"wp:attachment":[{"href":"https:\/\/roveyayinevi.com.tr\/index.php\/wp-json\/wp\/v2\/media?parent=754931"}],"wp:term":[{"taxonomy":"product_brand","embeddable":true,"href":"https:\/\/roveyayinevi.com.tr\/index.php\/wp-json\/wp\/v2\/product_brand?post=754931"},{"taxonomy":"product_cat","embeddable":true,"href":"https:\/\/roveyayinevi.com.tr\/index.php\/wp-json\/wp\/v2\/product_cat?post=754931"},{"taxonomy":"product_tag","embeddable":true,"href":"https:\/\/roveyayinevi.com.tr\/index.php\/wp-json\/wp\/v2\/product_tag?post=754931"}],"curies":[{"name":"wp","href":"https:\/\/api.w.org\/{rel}","templated":true}]}}