{"id":754929,"date":"2025-08-28T06:25:40","date_gmt":"2025-08-28T03:25:40","guid":{"rendered":"https:\/\/roveyayinevi.com.tr\/index.php\/urun\/iktisat-ve-toplumsal-cinsiyet-2\/"},"modified":"2026-04-16T03:08:16","modified_gmt":"2026-04-16T00:08:16","slug":"iktisat-ve-toplumsal-cinsiyet-2","status":"publish","type":"product","link":"https:\/\/roveyayinevi.com.tr\/index.php\/urun\/iktisat-ve-toplumsal-cinsiyet-2\/","title":{"rendered":"\u0130ktisat ve Toplumsal Cinsiyet"},"content":{"rendered":"<p>Egemenin iktidar\u0131n\u0131 per\u00e7inlemek i\u00e7in en s\u0131k ba\u015fvurdu\u011fu yol kar\u015f\u0131tl\u0131klar kurgulama, bu kar\u015f\u0131tl\u0131klar aras\u0131nda hiyerar\u015fik ili\u015fkiler kurma ve bu temelde kurgulanan \u2018\u2018birini di\u011ferine \u00fcst\u00fcn k\u0131lma\u2019\u2019 pratikleriyle \u00f6tekiler yaratmakt\u0131r. Bu yolda son derece kullan\u0131\u015fl\u0131 bir ara\u00e7 olan eril toplumsal cinsiyet\u00e7i normlar, i\u015fte tam da bu nedenle, egemenin iktidar\u0131n\u0131 g\u00fc\u00e7 ili\u015fkileri arac\u0131l\u0131\u011f\u0131yla in\u015fa etmekte ve b\u00f6ylece \u00f6tekile\u015ftirme pratiklerini her durumda yeniden \u00fcreterek iktidar\u0131n s\u00fcreklili\u011finin sa\u011flanmas\u0131 amac\u0131na hizmet etmektedir. Egemen iktisat (ana-ak\u0131m ya da feminist literat\u00fcrdeki adland\u0131rmas\u0131yla adam-ak\u0131m iktisat) anlay\u0131\u015flar\u0131n\u0131n \u2018\u2018toplumsal cinsiyet\u2019\u2019 e olduk\u00e7a mesafeli duru\u015flar\u0131n\u0131n ard\u0131nda da s\u00f6z\u00fc edilen g\u00fc\u00e7 ve iktidar ili\u015fkileri yatmaktad\u0131r. Bu kitaptaki \u00e7al\u0131\u015fmalar\u0131n ortak y\u00f6n\u00fc, adam-ak\u0131m iktisad\u0131n iktidar\u0131n\u0131 yerinden etmek i\u00e7in toplumsal cinsiyetin analitik bir kategori olarak iktisada d\u00e2hil edili\u015f ser\u00fcvenine ili\u015fkin tart\u0131\u015fma ve ara\u015ft\u0131rmalara odaklanmalar\u0131d\u0131r. Bu \u00e7al\u0131\u015fmalar, T\u00fcrkiye\u2019de \u2018\u2018kad\u0131n\u2019\u2019, \u2018\u2018akademisyen\u2019\u2019, \u2018\u2018iktisat\u00e7\u0131\u2019\u2019 kimliklerini birbirlerinden ayr\u0131\u015ft\u0131ran, kompartmanla\u015ft\u0131ran s\u0131n\u0131rlar\u0131 a\u015fmaya \u00e7al\u0131\u015fan; bunun ise \u2018\u2018toplumsal cinsiyet fark\u0131ndal\u0131\u011f\u0131\u2019\u2019 ile iktisada yakla\u015farak m\u00fcmk\u00fcn olabilece\u011fini g\u00f6ren, feminist iktisat alan\u0131nda \u00fcr\u00fcnler ortaya koyan kad\u0131n akademisyenlerin, \u00f6zellikle feminist iktisat yaz\u0131n\u0131ndaki kuramsal ve felsefi tart\u0131\u015fmalara odaklanan, \u00fcr\u00fcnlerini \u00f6rneklemektedir.  <\/p>\n","protected":false},"excerpt":{"rendered":"<p>Egemenin iktidar\u0131n\u0131 per\u00e7inlemek i\u00e7in en s\u0131k ba\u015fvurdu\u011fu yol kar\u015f\u0131tl\u0131klar kurgulama, bu kar\u015f\u0131tl\u0131klar aras\u0131nda hiyerar\u015fik ili\u015fkiler kurma ve bu temelde kurgulanan \u2018\u2018birini di\u011ferine \u00fcst\u00fcn k\u0131lma\u2019\u2019 pratikleriyle \u00f6tekiler<span class=\"excerpt-hellip\"> [\u2026]<\/span><\/p>\n","protected":false},"featured_media":0,"template":"","meta":{"_monsterinsights_skip_tracking":false,"_monsterinsights_sitenote_active":false,"_monsterinsights_sitenote_note":"","_monsterinsights_sitenote_category":0},"product_brand":[],"product_cat":[13043],"product_tag":[],"class_list":{"0":"post-754929","1":"product","2":"type-product","3":"status-publish","5":"product_cat-ekonomi","6":"pa_cilt-ciltsiz","7":"pa_tur-kitap","8":"pa_yayinevi-heretik-yayincilik","9":"pa_yazar-kolektif","11":"first","12":"instock","13":"sale","14":"shipping-taxable","15":"purchasable","16":"product-type-simple"},"_links":{"self":[{"href":"https:\/\/roveyayinevi.com.tr\/index.php\/wp-json\/wp\/v2\/product\/754929","targetHints":{"allow":["GET"]}}],"collection":[{"href":"https:\/\/roveyayinevi.com.tr\/index.php\/wp-json\/wp\/v2\/product"}],"about":[{"href":"https:\/\/roveyayinevi.com.tr\/index.php\/wp-json\/wp\/v2\/types\/product"}],"wp:attachment":[{"href":"https:\/\/roveyayinevi.com.tr\/index.php\/wp-json\/wp\/v2\/media?parent=754929"}],"wp:term":[{"taxonomy":"product_brand","embeddable":true,"href":"https:\/\/roveyayinevi.com.tr\/index.php\/wp-json\/wp\/v2\/product_brand?post=754929"},{"taxonomy":"product_cat","embeddable":true,"href":"https:\/\/roveyayinevi.com.tr\/index.php\/wp-json\/wp\/v2\/product_cat?post=754929"},{"taxonomy":"product_tag","embeddable":true,"href":"https:\/\/roveyayinevi.com.tr\/index.php\/wp-json\/wp\/v2\/product_tag?post=754929"}],"curies":[{"name":"wp","href":"https:\/\/api.w.org\/{rel}","templated":true}]}}