{"id":754927,"date":"2025-08-28T06:25:36","date_gmt":"2025-08-28T03:25:36","guid":{"rendered":"https:\/\/roveyayinevi.com.tr\/index.php\/urun\/denemeler-ciltli\/"},"modified":"2026-04-16T03:08:16","modified_gmt":"2026-04-16T00:08:16","slug":"denemeler-ciltli","status":"publish","type":"product","link":"https:\/\/roveyayinevi.com.tr\/index.php\/urun\/denemeler-ciltli\/","title":{"rendered":"Denemeler (Ciltli)"},"content":{"rendered":"<p>\u201cEy okur! Bu d\u00fcnyada sayg\u0131nl\u0131k kazanma pe\u015finde olsayd\u0131m, kendimi e\u011freti ve uydurma g\u00fczelliklerle donat\u0131rd\u0131m. Aksine istedi\u011fim, beni b\u00fct\u00fcn sadeli\u011fim, do\u011fall\u0131\u011f\u0131m, s\u0131radanl\u0131\u011f\u0131m i\u00e7inde g\u00f6rmeleri, hi\u00e7bir \u00f6zenti ve yapayl\u0131k pe\u015finde olmad\u0131\u011f\u0131m\u0131 anlamalar\u0131d\u0131r, \u00e7\u00fcnk\u00fc ben kendimi anlat\u0131yorum burada.\u201d   Frans\u0131z edebiyat\u0131n\u0131n en eski, ama ayn\u0131 zamanda en modern eserlerinden biri olan Denemeler\u2019de (1595) Montaigne okuru, eserinin \u00f6znelli\u011fini belirterek selaml\u0131yor. Arkada\u015f\u0131 La Bo\u00e9tie \u00f6ld\u00fckten sonra, birlikte tart\u0131\u015ft\u0131klar\u0131 konular\u0131 t\u00fcm d\u00fcnyaya a\u00e7maya karar verip eline kalemi al\u0131yor. Arkada\u015fl\u0131ktan e\u011fitime, felsefeden kitap okumaya, dinden \u00f6l\u00fcme kadar \u00e7e\u015fitli alanlarda d\u00fc\u015f\u00fcncelerini yaz\u0131yor. Kendinden yola \u00e7\u0131karak insanl\u0131k ve buna ba\u011fl\u0131 kavramlar \u00fczerinde geziniyor; insan\u0131n d\u00fcnyadaki yerine ve d\u00fc\u015f\u00fcncelerine, eylemlerine dair k\u00f6kl\u00fc \u00f6nermeler sunuyor.   Ele ald\u0131\u011f\u0131 evrensel ve zamans\u0131z konularla Denemeler, yaz\u0131ld\u0131\u011f\u0131 ilk d\u00f6nemden g\u00fcn\u00fcm\u00fcz modern d\u00fcnyas\u0131na dek ge\u00e7erlili\u011fini h\u00e2l\u00e2 s\u00fcrd\u00fcr\u00fcyor; ki\u015fisel yaz\u0131m ve felsefi an\u0131t aras\u0131ndaki dokunulmaz yerini korumaya devam ediyor.   Alfa Yay\u0131nlar\u0131 olarak Montaigne\u2019in eksiksiz t\u00fcm Denemeler\u2019ini yay\u0131mlam\u0131\u015f olmaktan gurur duyuyoruz.<\/p>\n","protected":false},"excerpt":{"rendered":"<p>\u201cEy okur! Bu d\u00fcnyada sayg\u0131nl\u0131k kazanma pe\u015finde olsayd\u0131m, kendimi e\u011freti ve uydurma g\u00fczelliklerle donat\u0131rd\u0131m. Aksine istedi\u011fim, beni b\u00fct\u00fcn sadeli\u011fim, do\u011fall\u0131\u011f\u0131m, s\u0131radanl\u0131\u011f\u0131m i\u00e7inde g\u00f6rmeleri, hi\u00e7bir \u00f6zenti ve<span class=\"excerpt-hellip\"> [\u2026]<\/span><\/p>\n","protected":false},"featured_media":0,"template":"","meta":{"_monsterinsights_skip_tracking":false,"_monsterinsights_sitenote_active":false,"_monsterinsights_sitenote_note":"","_monsterinsights_sitenote_category":0},"product_brand":[],"product_cat":[12777,12291],"product_tag":[],"class_list":{"0":"post-754927","1":"product","2":"type-product","3":"status-publish","5":"product_cat-deneme","6":"product_cat-edebiyat","7":"pa_cilt-ciltli","8":"pa_tur-kitap","9":"pa_yayinevi-alfa-yayinlari","10":"pa_yazar-michel-de-montaigne","12":"first","13":"instock","14":"sale","15":"shipping-taxable","16":"purchasable","17":"product-type-simple"},"_links":{"self":[{"href":"https:\/\/roveyayinevi.com.tr\/index.php\/wp-json\/wp\/v2\/product\/754927","targetHints":{"allow":["GET"]}}],"collection":[{"href":"https:\/\/roveyayinevi.com.tr\/index.php\/wp-json\/wp\/v2\/product"}],"about":[{"href":"https:\/\/roveyayinevi.com.tr\/index.php\/wp-json\/wp\/v2\/types\/product"}],"wp:attachment":[{"href":"https:\/\/roveyayinevi.com.tr\/index.php\/wp-json\/wp\/v2\/media?parent=754927"}],"wp:term":[{"taxonomy":"product_brand","embeddable":true,"href":"https:\/\/roveyayinevi.com.tr\/index.php\/wp-json\/wp\/v2\/product_brand?post=754927"},{"taxonomy":"product_cat","embeddable":true,"href":"https:\/\/roveyayinevi.com.tr\/index.php\/wp-json\/wp\/v2\/product_cat?post=754927"},{"taxonomy":"product_tag","embeddable":true,"href":"https:\/\/roveyayinevi.com.tr\/index.php\/wp-json\/wp\/v2\/product_tag?post=754927"}],"curies":[{"name":"wp","href":"https:\/\/api.w.org\/{rel}","templated":true}]}}