{"id":754926,"date":"2025-08-28T06:25:35","date_gmt":"2025-08-28T03:25:35","guid":{"rendered":"https:\/\/roveyayinevi.com.tr\/index.php\/urun\/sayilarin-iktidari\/"},"modified":"2026-04-16T03:08:16","modified_gmt":"2026-04-16T00:08:16","slug":"sayilarin-iktidari","status":"publish","type":"product","link":"https:\/\/roveyayinevi.com.tr\/index.php\/urun\/sayilarin-iktidari\/","title":{"rendered":"Say\u0131lar\u0131n \u0130ktidar\u0131"},"content":{"rendered":"<p>Michael Brooks, Say\u0131lar\u0131n \u0130ktidar\u0131: Matematik D\u00fcnyam\u0131z\u0131 Nas\u0131l \u015eekillendirdi? ad\u0131n\u0131 verdi\u011fi kitab\u0131nda \u00e7a\u011flar boyunca bizim rehberimiz oluyor. Matemati\u011fin, insanl\u0131\u011f\u0131 g\u00f6\u00e7ebelikten medeniyete f\u0131rlatan temel yeniliklerden biri oldu\u011funu ve o zamandan bu yana insanl\u0131\u011f\u0131n her b\u00fcy\u00fck s\u0131\u00e7ray\u0131\u015f\u0131nda etkili oldu\u011funu g\u00f6zler \u00f6n\u00fcne seriyor. Bu kitapta eski M\u0131s\u0131rl\u0131 rahipler, Babilli b\u00fcrokratlar, orta\u00e7a\u011f mimarlar\u0131, d\u00fcello yapan \u0130svi\u00e7reli karde\u015fler, R\u00f6nesans ressamlar\u0131 ve \u00e7evrimi\u00e7i d\u00fcnyan\u0131n altyap\u0131s\u0131n\u0131 icat eden tuhaf bir profes\u00f6r var. Onlar\u0131n hik\u00e2yeleri matemati\u011fin icad\u0131n\u0131n, en az ate\u015fin ke\u015ffi kadar \u00f6nemli oldu\u011funu a\u00e7\u0131k\u00e7a ortaya koyuyor. Say\u0131lar\u0131n \u0130ktidar\u0131, ilk sayfas\u0131ndan son sayfas\u0131na kadar matemati\u011fi insan olman\u0131n anlam\u0131n\u0131n \u00f6z\u00fcne kadar didik didik ediyor. \u201cMatemati\u011fi seviyorsan\u0131z bu kitaptan fazlas\u0131yla keyif alacaksan\u0131z. Ama siz de matematikten biraz olsun korkuyorsan\u0131z (benim gibi), bu kitaba bay\u0131lacaks\u0131n\u0131z!\u201d Andrea Wulf, Do\u011fan\u0131n Ke\u015ffi\u2019nin yazar\u0131 \u201cMatemati\u011fin insan uygarl\u0131\u011f\u0131 \u00fczerindeki devasa etkisine dair samimi, ak\u0131c\u0131 bir anlat\u0131m.\u201d Ian Stewart, What\u2019s the Use kitab\u0131n\u0131n yazar\u0131 \u201cMichael Brooks hem medeniyetin canl\u0131 tarihini kaleme ald\u0131 hem de matemati\u011fin iktidar\u0131na dair enfes bir giri\u015f yazd\u0131. Bunlardan herhangi birini yapmak bile bir ba\u015far\u0131 say\u0131lacakken ikisini ayn\u0131 anda yapmak mucizeyle e\u015fde\u011fer.\u201d Tim Harford, The Data Detective\u2019in yazar\u0131 \u201cMatematik \u00f6ylesine e\u015fsiz bir alan ki \u00e7ok daha \u00f6nceki sonu\u00e7lar bile zaman i\u00e7inde de\u011fi\u015fmiyor. Bu kitap yaln\u0131zca matemati\u011fe bir sevda mektubundan ibaret de\u011fil, ayn\u0131 zamanda matemati\u011fin de\u011ferinin anla\u015f\u0131lmas\u0131na dair \u00f6nemli bir ders veriyor ve matemati\u011fin insanl\u0131k tarihindeki k\u0131ymetli rol\u00fcn\u00fc g\u00f6zler \u00f6n\u00fcne seriyor.\u201d Mario Livio, astrofizik\u00e7i ve Galileo and the Science Deniers\u2019\u0131n yazar\u0131<\/p>\n","protected":false},"excerpt":{"rendered":"<p>Michael Brooks, Say\u0131lar\u0131n \u0130ktidar\u0131: Matematik D\u00fcnyam\u0131z\u0131 Nas\u0131l \u015eekillendirdi? ad\u0131n\u0131 verdi\u011fi kitab\u0131nda \u00e7a\u011flar boyunca bizim rehberimiz oluyor. Matemati\u011fin, insanl\u0131\u011f\u0131 g\u00f6\u00e7ebelikten medeniyete f\u0131rlatan temel yeniliklerden biri oldu\u011funu ve<span class=\"excerpt-hellip\"> [\u2026]<\/span><\/p>\n","protected":false},"featured_media":0,"template":"","meta":{"_monsterinsights_skip_tracking":false,"_monsterinsights_sitenote_active":false,"_monsterinsights_sitenote_note":"","_monsterinsights_sitenote_category":0},"product_brand":[],"product_cat":[13005],"product_tag":[],"class_list":{"0":"post-754926","1":"product","2":"type-product","3":"status-publish","5":"product_cat-bilim-muhendislik","6":"pa_cilt-ciltsiz","7":"pa_tur-kitap","8":"pa_yayinevi-dusbaz-kitaplar","9":"pa_yazar-michael-brooks","11":"first","12":"instock","13":"sale","14":"shipping-taxable","15":"purchasable","16":"product-type-simple"},"_links":{"self":[{"href":"https:\/\/roveyayinevi.com.tr\/index.php\/wp-json\/wp\/v2\/product\/754926","targetHints":{"allow":["GET"]}}],"collection":[{"href":"https:\/\/roveyayinevi.com.tr\/index.php\/wp-json\/wp\/v2\/product"}],"about":[{"href":"https:\/\/roveyayinevi.com.tr\/index.php\/wp-json\/wp\/v2\/types\/product"}],"wp:attachment":[{"href":"https:\/\/roveyayinevi.com.tr\/index.php\/wp-json\/wp\/v2\/media?parent=754926"}],"wp:term":[{"taxonomy":"product_brand","embeddable":true,"href":"https:\/\/roveyayinevi.com.tr\/index.php\/wp-json\/wp\/v2\/product_brand?post=754926"},{"taxonomy":"product_cat","embeddable":true,"href":"https:\/\/roveyayinevi.com.tr\/index.php\/wp-json\/wp\/v2\/product_cat?post=754926"},{"taxonomy":"product_tag","embeddable":true,"href":"https:\/\/roveyayinevi.com.tr\/index.php\/wp-json\/wp\/v2\/product_tag?post=754926"}],"curies":[{"name":"wp","href":"https:\/\/api.w.org\/{rel}","templated":true}]}}