{"id":754924,"date":"2025-08-28T06:25:32","date_gmt":"2025-08-28T03:25:32","guid":{"rendered":"https:\/\/roveyayinevi.com.tr\/index.php\/urun\/oncu-kadinlar-ajandasi-2024\/"},"modified":"2026-04-16T03:08:16","modified_gmt":"2026-04-16T00:08:16","slug":"oncu-kadinlar-ajandasi-2024","status":"publish","type":"product","link":"https:\/\/roveyayinevi.com.tr\/index.php\/urun\/oncu-kadinlar-ajandasi-2024\/","title":{"rendered":"\u00d6nc\u00fc Kad\u0131nlar Ajandas\u0131 2024"},"content":{"rendered":"<p>Cem Yay\u0131nevi\u2019nin 2024 Ajandas\u0131 ge\u00e7mi\u015f y\u0131llardan farkl\u0131. Ajandam\u0131z bu y\u0131l tek ki\u015fi \u00fczerine de\u011fil pek \u00e7ok ki\u015fi \u00fczerine kuruldu. Kad\u0131n\u0131n toplumdaki yerinin neredeyse sadece k\u00e2\u011f\u0131t \u00fczerinde kalm\u0131\u015f hukuki metinler zemininde tart\u0131\u015f\u0131ld\u0131\u011f\u0131 bir d\u00f6nemdeyiz. B\u00f6yle bir d\u00f6nemde, tarihe bakmak istedik. Kimi \u00e7arp\u0131t\u0131lm\u0131\u015f bir imgeyle hat\u0131rlansa, kimi unutulsa, hatta kimileri bile isteye g\u00f6rmezden gelinse de kad\u0131nlar tarihte var oldular. Dahas\u0131 var, kad\u0131nlar \u00f6nc\u00fcl\u00fck ettiler. 2024 Ajandam\u0131z \u00f6nc\u00fc kad\u0131nlara bir sayg\u0131 duru\u015fudur. <\/p>\n","protected":false},"excerpt":{"rendered":"<p>Cem Yay\u0131nevi\u2019nin 2024 Ajandas\u0131 ge\u00e7mi\u015f y\u0131llardan farkl\u0131. Ajandam\u0131z bu y\u0131l tek ki\u015fi \u00fczerine de\u011fil pek \u00e7ok ki\u015fi \u00fczerine kuruldu. Kad\u0131n\u0131n toplumdaki yerinin neredeyse sadece k\u00e2\u011f\u0131t \u00fczerinde<span class=\"excerpt-hellip\"> [\u2026]<\/span><\/p>\n","protected":false},"featured_media":0,"template":"","meta":{"_monsterinsights_skip_tracking":false,"_monsterinsights_sitenote_active":false,"_monsterinsights_sitenote_note":"","_monsterinsights_sitenote_category":0},"product_brand":[],"product_cat":[28265,15563],"product_tag":[],"class_list":{"0":"post-754924","1":"product","2":"type-product","3":"status-publish","5":"product_cat-diger-hobi","6":"product_cat-hobi","7":"pa_cilt-ciltsiz","8":"pa_tur-kitap","9":"pa_yayinevi-cem-yayinevi","10":"pa_yazar-kolektif","12":"first","13":"instock","14":"sale","15":"shipping-taxable","16":"purchasable","17":"product-type-simple"},"_links":{"self":[{"href":"https:\/\/roveyayinevi.com.tr\/index.php\/wp-json\/wp\/v2\/product\/754924","targetHints":{"allow":["GET"]}}],"collection":[{"href":"https:\/\/roveyayinevi.com.tr\/index.php\/wp-json\/wp\/v2\/product"}],"about":[{"href":"https:\/\/roveyayinevi.com.tr\/index.php\/wp-json\/wp\/v2\/types\/product"}],"wp:attachment":[{"href":"https:\/\/roveyayinevi.com.tr\/index.php\/wp-json\/wp\/v2\/media?parent=754924"}],"wp:term":[{"taxonomy":"product_brand","embeddable":true,"href":"https:\/\/roveyayinevi.com.tr\/index.php\/wp-json\/wp\/v2\/product_brand?post=754924"},{"taxonomy":"product_cat","embeddable":true,"href":"https:\/\/roveyayinevi.com.tr\/index.php\/wp-json\/wp\/v2\/product_cat?post=754924"},{"taxonomy":"product_tag","embeddable":true,"href":"https:\/\/roveyayinevi.com.tr\/index.php\/wp-json\/wp\/v2\/product_tag?post=754924"}],"curies":[{"name":"wp","href":"https:\/\/api.w.org\/{rel}","templated":true}]}}