{"id":754918,"date":"2025-08-28T06:25:21","date_gmt":"2025-08-28T03:25:21","guid":{"rendered":"https:\/\/roveyayinevi.com.tr\/index.php\/urun\/bacagini-arayan-sandalye\/"},"modified":"2026-04-16T03:08:16","modified_gmt":"2026-04-16T00:08:16","slug":"bacagini-arayan-sandalye","status":"publish","type":"product","link":"https:\/\/roveyayinevi.com.tr\/index.php\/urun\/bacagini-arayan-sandalye\/","title":{"rendered":"Baca\u011f\u0131n\u0131 Arayan Sandalye"},"content":{"rendered":"<p>Ayn\u0131 sessiz hik\u00e2ye defalarca okunabilir. Her seferinde yeni detaylar, f\u0131rsatlar ve ilhamlar ortaya \u00e7\u0131kar. K\u0131saca, sessiz kitaplarda anlat\u0131c\u0131, hik\u00e2yenin kendisidir. Ana karakter, bir baca\u011f\u0131 eksik olan eski bir sandalyedir. Bu, son derece \u00f6zg\u00fcn ve e\u011flenceli bir hik\u00e2ye, mizah ve sevgi dolu anlar i\u00e7erirken, bir dizi karakterin sandalyeye bir bacak ekleme \u00e7abalar\u0131, komik ve \u00e7eli\u015fkili durumlar olu\u015fturmakta. \u201cBaca\u011f\u0131n\u0131 Arayan Sandalye\u201d sessiz kitap olma \u00f6zelli\u011fiyle sade \u00e7izimleri ve olduk\u00e7a etkileyici bir hik\u00e2ye anlat\u0131c\u0131s\u0131d\u0131r. Farkl\u0131 bir \u00e7\u00f6z\u00fcm arayan her ya\u015ftan okuyucu i\u00e7in harika bir sessiz kitap!<\/p>\n","protected":false},"excerpt":{"rendered":"<p>Ayn\u0131 sessiz hik\u00e2ye defalarca okunabilir. Her seferinde yeni detaylar, f\u0131rsatlar ve ilhamlar ortaya \u00e7\u0131kar. K\u0131saca, sessiz kitaplarda anlat\u0131c\u0131, hik\u00e2yenin kendisidir. Ana karakter, bir baca\u011f\u0131 eksik olan<span class=\"excerpt-hellip\"> [\u2026]<\/span><\/p>\n","protected":false},"featured_media":0,"template":"","meta":{"_monsterinsights_skip_tracking":false,"_monsterinsights_sitenote_active":false,"_monsterinsights_sitenote_note":"","_monsterinsights_sitenote_category":0},"product_brand":[],"product_cat":[12274,12284],"product_tag":[],"class_list":{"0":"post-754918","1":"product","2":"type-product","3":"status-publish","5":"product_cat-cocuk-ve-genclik-kitaplari","6":"product_cat-hikayeler","7":"pa_cilt-ciltsiz","8":"pa_tur-kitap","9":"pa_yayinevi-ucanfil-ozel-urun","10":"pa_yazar-irene-frigo","12":"first","13":"instock","14":"sale","15":"shipping-taxable","16":"purchasable","17":"product-type-simple"},"_links":{"self":[{"href":"https:\/\/roveyayinevi.com.tr\/index.php\/wp-json\/wp\/v2\/product\/754918","targetHints":{"allow":["GET"]}}],"collection":[{"href":"https:\/\/roveyayinevi.com.tr\/index.php\/wp-json\/wp\/v2\/product"}],"about":[{"href":"https:\/\/roveyayinevi.com.tr\/index.php\/wp-json\/wp\/v2\/types\/product"}],"wp:attachment":[{"href":"https:\/\/roveyayinevi.com.tr\/index.php\/wp-json\/wp\/v2\/media?parent=754918"}],"wp:term":[{"taxonomy":"product_brand","embeddable":true,"href":"https:\/\/roveyayinevi.com.tr\/index.php\/wp-json\/wp\/v2\/product_brand?post=754918"},{"taxonomy":"product_cat","embeddable":true,"href":"https:\/\/roveyayinevi.com.tr\/index.php\/wp-json\/wp\/v2\/product_cat?post=754918"},{"taxonomy":"product_tag","embeddable":true,"href":"https:\/\/roveyayinevi.com.tr\/index.php\/wp-json\/wp\/v2\/product_tag?post=754918"}],"curies":[{"name":"wp","href":"https:\/\/api.w.org\/{rel}","templated":true}]}}