{"id":754917,"date":"2025-08-28T06:25:20","date_gmt":"2025-08-28T03:25:20","guid":{"rendered":"https:\/\/roveyayinevi.com.tr\/index.php\/urun\/yuksek-enflasyon-donemlerinde-finansal-tablolarin-enflasyona-gore-duzeltilmesi\/"},"modified":"2026-04-16T03:08:16","modified_gmt":"2026-04-16T00:08:16","slug":"yuksek-enflasyon-donemlerinde-finansal-tablolarin-enflasyona-gore-duzeltilmesi","status":"publish","type":"product","link":"https:\/\/roveyayinevi.com.tr\/index.php\/urun\/yuksek-enflasyon-donemlerinde-finansal-tablolarin-enflasyona-gore-duzeltilmesi\/","title":{"rendered":"Y\u00fcksek Enflasyon D\u00f6nemlerinde Finansal Tablolar\u0131n Enflasyona G\u00f6re D\u00fczeltilmesi"},"content":{"rendered":"<p>\u0130\u00e7indekiler     B\u0130R\u0130NC\u0130 B\u00d6L\u00dcM: F\u0130NANSAL TABLOLARIN ENFLASYONA G\u00d6RE D\u00dcZELT\u0130LMES\u0130NDE MUHASEBE STANDARTLARI VE VUK YAKLA\u015eIMINDAK\u0130 UYGULAMA ESASLARINA TOPLU BAKI\u015e   \u0130K\u0130NC\u0130 B\u00d6L\u00dcM: ANKARA YEM\u0130NL\u0130 MAL\u0130 M\u00dc\u015eAV\u0130R ODASI BA\u015eKANININ ENFLASYON D\u00dcZELTMES\u0130 \u0130LE \u0130LG\u0130L\u0130 G\u00d6R\u00dc\u015e VE DE\u011eERLEND\u0130RMELER\u0130   \u00dc\u00c7\u00dcNC\u00dc B\u00d6L\u00dcM: STOKLARIN ENFLASYONA G\u00d6RE D\u00dcZELT\u0130LMES\u0130NE \u0130L\u0130\u015eK\u0130N \u00d6RNEKLER   D\u00d6RD\u00dcNC\u00dc B\u00d6L\u00dcM: AMORT\u0130SMANA TAB\u0130 VARLIKLARIN ENFLASYONA G\u00d6RE D\u00dcZELT\u0130LMES\u0130NE \u0130L\u0130\u015eK\u0130N \u00d6RNEKLER     BE\u015e\u0130NC\u0130 B\u00d6L\u00dcM: GEL\u0130R TABLOSUNUN ENFLASYONA G\u00d6RE D\u00dcZELT\u0130LMES\u0130NE \u0130L\u0130\u015eK\u0130N \u00d6RNEKLER   ALTINCI B\u00d6L\u00dcM: KUR FARKLARI VE FA\u0130Z G\u0130DERLER\u0130N\u0130N ENFLASYONA G\u00d6RE D\u00dcZELT\u0130LMES\u0130NE \u0130L\u0130\u015eK\u0130N \u00d6RNEKLER   YED\u0130NC\u0130 B\u00d6L\u00dcM: YILLARA YAYGIN \u0130N\u015eAAT \u0130\u015eLETMELER\u0130NDE YILLARA YAYGIN \u0130N\u015eAAT MAL\u0130YETLER\u0130N\u0130N VE ALINAN HAKED\u0130\u015eLER\u0130N ENFLASYONA G\u00d6RE D\u00dcZELT\u0130LMES\u0130NE \u0130L\u0130\u015eK\u0130N \u00d6RNEKLER   SEK\u0130Z\u0130NC\u0130 B\u00d6L\u00dcM: 5024 SAYILI YASA KAPSAMINDA VUK\u2019UN M\u00dcKERRER 298. MADDE H\u00dcK\u00dcMLER\u0130NE G\u00d6RE ENFLASYON D\u00dcZELTMES\u0130 \u00d6RNE\u011e\u0130 <\/p>\n","protected":false},"excerpt":{"rendered":"<p>\u0130\u00e7indekiler B\u0130R\u0130NC\u0130 B\u00d6L\u00dcM: F\u0130NANSAL TABLOLARIN ENFLASYONA G\u00d6RE D\u00dcZELT\u0130LMES\u0130NDE MUHASEBE STANDARTLARI VE VUK YAKLA\u015eIMINDAK\u0130 UYGULAMA ESASLARINA TOPLU BAKI\u015e \u0130K\u0130NC\u0130 B\u00d6L\u00dcM: ANKARA YEM\u0130NL\u0130 MAL\u0130 M\u00dc\u015eAV\u0130R ODASI BA\u015eKANININ ENFLASYON<span class=\"excerpt-hellip\"> [\u2026]<\/span><\/p>\n","protected":false},"featured_media":0,"template":"","meta":{"_monsterinsights_skip_tracking":false,"_monsterinsights_sitenote_active":false,"_monsterinsights_sitenote_note":"","_monsterinsights_sitenote_category":0},"product_brand":[],"product_cat":[13043],"product_tag":[],"class_list":{"0":"post-754917","1":"product","2":"type-product","3":"status-publish","5":"product_cat-ekonomi","6":"pa_cilt-ciltsiz","7":"pa_tur-kitap","8":"pa_yayinevi-gazi-kitabevi","9":"pa_yazar-kolektif","11":"first","12":"instock","13":"sale","14":"shipping-taxable","15":"purchasable","16":"product-type-simple"},"_links":{"self":[{"href":"https:\/\/roveyayinevi.com.tr\/index.php\/wp-json\/wp\/v2\/product\/754917","targetHints":{"allow":["GET"]}}],"collection":[{"href":"https:\/\/roveyayinevi.com.tr\/index.php\/wp-json\/wp\/v2\/product"}],"about":[{"href":"https:\/\/roveyayinevi.com.tr\/index.php\/wp-json\/wp\/v2\/types\/product"}],"wp:attachment":[{"href":"https:\/\/roveyayinevi.com.tr\/index.php\/wp-json\/wp\/v2\/media?parent=754917"}],"wp:term":[{"taxonomy":"product_brand","embeddable":true,"href":"https:\/\/roveyayinevi.com.tr\/index.php\/wp-json\/wp\/v2\/product_brand?post=754917"},{"taxonomy":"product_cat","embeddable":true,"href":"https:\/\/roveyayinevi.com.tr\/index.php\/wp-json\/wp\/v2\/product_cat?post=754917"},{"taxonomy":"product_tag","embeddable":true,"href":"https:\/\/roveyayinevi.com.tr\/index.php\/wp-json\/wp\/v2\/product_tag?post=754917"}],"curies":[{"name":"wp","href":"https:\/\/api.w.org\/{rel}","templated":true}]}}