{"id":754915,"date":"2025-08-28T06:25:17","date_gmt":"2025-08-28T03:25:17","guid":{"rendered":"https:\/\/roveyayinevi.com.tr\/index.php\/urun\/kurtulus-1923\/"},"modified":"2026-04-16T03:08:16","modified_gmt":"2026-04-16T00:08:16","slug":"kurtulus-1923","status":"publish","type":"product","link":"https:\/\/roveyayinevi.com.tr\/index.php\/urun\/kurtulus-1923\/","title":{"rendered":"Kurtulu\u015f 1923"},"content":{"rendered":"<p>\u201cB\u00fct\u00fcn cihan bilsin ki benim i\u00e7in bir tarafl\u0131l\u0131k vard\u0131r: Cumhuriyet taraftarl\u0131\u011f\u0131, fikri ve i\u00e7timai ink\u0131lap taraftarl\u0131\u011f\u0131\u2026 Bu noktada yeni T\u00fcrkiye camias\u0131nda bir ferdi, hari\u00e7 tasavvur etmek istemiyorum.\u201d Mustafa Kemal Atat\u00fcrk \u2013 1924   Kayna\u011f\u0131n\u0131 ulusal egemenlikten, e\u015fitlikten, tam ba\u011f\u0131ms\u0131zl\u0131ktan, laiklikten, bilimsel d\u00fc\u015f\u00fcnce ve de\u011fi\u015fen d\u00fcnyaya g\u00f6re s\u00fcrekli devrimden alan cumhuriyet rejimi T\u00fcrk milletinin esaret zincirlerini k\u0131rd\u0131\u011f\u0131 b\u00fcy\u00fck T\u00fcrk ihtilalinin neticesiydi. Y\u00fczy\u0131llar boyu Bat\u0131\u2019n\u0131n ku\u015fat\u0131c\u0131 emperyalizminin alt\u0131nda siyasi, iktisadi, diplomatik, sosyok\u00fclt\u00fcrel, milli onur ve haysiyet bak\u0131m\u0131ndan hor g\u00f6r\u00fcl\u00fcp ezilen T\u00fcrk milletinin kurtulu\u015fu b\u00fcy\u00fck Milli M\u00fccadele ve cumhuriyet rejimi ile elde edilmi\u015ftir. Kapit\u00fclasyonlar\u0131n, b\u00fcy\u00fck sava\u015flar\u0131n, ayr\u0131l\u0131k\u00e7\u0131 hareketlerin, tarikat ve cemaatlerin, gerici g\u00f6r\u00fc\u015f ve yap\u0131lanmalar\u0131n k\u0131skac\u0131ndaki bir T\u00fcrkiye\u2019nin kurtulu\u015fu yaz\u0131ld\u0131\u2026   B\u00fcy\u00fck T\u00fcrk devrimi ve Cumhuriyet\u2019in hikayesi T\u00fcrk ayd\u0131nlar\u0131 taraf\u0131ndan kaleme al\u0131nd\u0131\u2026 1.        Prof. Dr. Ru\u015fen Kele\u015f  &#8211; Cumhuriyet, Atat\u00fcrk ve Ba\u015fkent Ankara 2.        Prof. Dr. Ergun T\u00fcrkcan &#8211; T\u00fcrk Bilim Politikas\u0131, Ge\u00e7mi\u015f ve Gelecek 3.        Prof. Dr. \u00c7etin Yetkin &#8211; Atat\u00fcrk ve Hukuk 4.        Prof. Dr. Korkut Boratav &#8211; T\u00fcrkiye Cumhuriyeti \u0130ktisad\u0131: Baz\u0131 Ana \u00c7izgiler 5.        Prof. Dr. Sina Ak\u015fin &#8211; Atat\u00fcrk D\u00f6neminde Demokrasi 6.        Prof. Dr. \u00d6zer Ozankaya &#8211; T\u00fcrk Devrimi\u2019nin Demokrasi Kavram\u0131na Katk\u0131lar\u0131 7.        Prof. Dr. Semih G\u00fcneri &#8211; Cumhuriyet D\u00f6nemi Bilimsel Ara\u015ft\u0131rmalar S\u00fcrecinin Alevden \u0130ki Topu: Ord. Prof. Dr. Sedat Alp ve Ord. Prof. Dr. Ekrem Akurgal 8.        Cem G\u00fcrdeniz &#8211; Atat\u00fcrk ve Cumhuriyet Donanmas\u0131 9.        Nihat Gen\u00e7 &#8211; Cumhuriyet Nas\u0131l Yenildi? 10.      Onur \u00d6ymen &#8211; Erken Cumhuriyet D\u00f6neminin \u0130lke ve Uygulamalar\u0131 11.      Osman Selim Kocahano\u011flu \u2013 Hilafet Nas\u0131l ve Ni\u00e7in Kald\u0131r\u0131ld\u0131? 12.      Yavuz Alogan &#8211; Cumhuriyet Devrimi ve Sosyalist Sol 13.      Dr. Altu\u011f Yal\u00e7\u0131nta\u015f &#8211; Modernle\u015fme ve \u0130ktisat D\u00fc\u015f\u00fcn\u00fc: Cumhuriyet D\u00f6nemi \u0130ktisadi D\u00fc\u015f\u00fcnceler Tarihi Yaz\u0131m\u0131 \u00dczerine Bir Deneme 14.      Serdar \u015eahinkaya &#8211; Cumhuriyet\u2019in \u0130ktisadiyat\u0131: Kurulu\u015f ve Gelecek 15.      Murat Kato\u011flu &#8211; Cumhuriyet Devrimlerinin Sanat Boyutuna De\u011finmeler <\/p>\n","protected":false},"excerpt":{"rendered":"<p>\u201cB\u00fct\u00fcn cihan bilsin ki benim i\u00e7in bir tarafl\u0131l\u0131k vard\u0131r: Cumhuriyet taraftarl\u0131\u011f\u0131, fikri ve i\u00e7timai ink\u0131lap taraftarl\u0131\u011f\u0131\u2026 Bu noktada yeni T\u00fcrkiye camias\u0131nda bir ferdi, hari\u00e7 tasavvur etmek<span class=\"excerpt-hellip\"> [\u2026]<\/span><\/p>\n","protected":false},"featured_media":0,"template":"","meta":{"_monsterinsights_skip_tracking":false,"_monsterinsights_sitenote_active":false,"_monsterinsights_sitenote_note":"","_monsterinsights_sitenote_category":0},"product_brand":[],"product_cat":[12304],"product_tag":[],"class_list":{"0":"post-754915","1":"product","2":"type-product","3":"status-publish","5":"product_cat-tarih","6":"pa_cilt-ciltsiz","7":"pa_tur-kitap","8":"pa_yayinevi-pankus-yayinlari","9":"pa_yazar-kolektif","11":"first","12":"instock","13":"sale","14":"shipping-taxable","15":"purchasable","16":"product-type-simple"},"_links":{"self":[{"href":"https:\/\/roveyayinevi.com.tr\/index.php\/wp-json\/wp\/v2\/product\/754915","targetHints":{"allow":["GET"]}}],"collection":[{"href":"https:\/\/roveyayinevi.com.tr\/index.php\/wp-json\/wp\/v2\/product"}],"about":[{"href":"https:\/\/roveyayinevi.com.tr\/index.php\/wp-json\/wp\/v2\/types\/product"}],"wp:attachment":[{"href":"https:\/\/roveyayinevi.com.tr\/index.php\/wp-json\/wp\/v2\/media?parent=754915"}],"wp:term":[{"taxonomy":"product_brand","embeddable":true,"href":"https:\/\/roveyayinevi.com.tr\/index.php\/wp-json\/wp\/v2\/product_brand?post=754915"},{"taxonomy":"product_cat","embeddable":true,"href":"https:\/\/roveyayinevi.com.tr\/index.php\/wp-json\/wp\/v2\/product_cat?post=754915"},{"taxonomy":"product_tag","embeddable":true,"href":"https:\/\/roveyayinevi.com.tr\/index.php\/wp-json\/wp\/v2\/product_tag?post=754915"}],"curies":[{"name":"wp","href":"https:\/\/api.w.org\/{rel}","templated":true}]}}