{"id":754913,"date":"2025-08-28T06:25:12","date_gmt":"2025-08-28T03:25:12","guid":{"rendered":"https:\/\/roveyayinevi.com.tr\/index.php\/urun\/kirmizi-sevenler-dernegi\/"},"modified":"2026-04-16T03:08:16","modified_gmt":"2026-04-16T00:08:16","slug":"kirmizi-sevenler-dernegi","status":"publish","type":"product","link":"https:\/\/roveyayinevi.com.tr\/index.php\/urun\/kirmizi-sevenler-dernegi\/","title":{"rendered":"K\u0131rm\u0131z\u0131 Sevenler Derne\u011fi"},"content":{"rendered":"<p>\u201cBabam \u00f6ld\u00fc\u011f\u00fcnde, koca bir k\u00fct\u00fcphane yan\u0131p k\u00fcl olmu\u015ftu adeta.\u201d LAURIE ANDERSON  (Ugly one with the jewels\u2019dan)   Bizi bir araya getiren neydi? Bunu anlamak i\u00e7in zaman ge\u00e7irdik ve g\u00f6rd\u00fck ki yollar\u0131m\u0131z\u0131 birle\u015ftiren, haf\u0131zayd\u0131. Ben b\u00f6yle hat\u0131rl\u0131yorum. Zamanda ileri geri volta atarken bulu\u015fmu\u015ftuk. Birimiz \u00e7ok ama \u00e7ok ge\u00e7 kalm\u0131\u015ft\u0131, di\u011feri belki d\u00fc\u015f\u00fcnd\u00fc\u011f\u00fcnden erken gelmi\u015fti. Ba\u015fka biri kendisini dakik san\u0131yordu ama dakik olan sadece zamand\u0131. Bu sayede bulu\u015ftuk. Y\u00fckl\u00fcyd\u00fck. \u0130ri, hantal; k\u00fc\u00e7\u00fck omuzlar\u0131m\u0131z i\u00e7in insafs\u0131zca a\u011f\u0131r y\u00fckler. Biz birer derin kay\u0131tt\u0131k. Haf\u0131zam\u0131z\u0131 yoklarken, zaten birer haf\u0131za oldu\u011fumuzu fark ettik. Y\u00fck\u00fcm\u00fcz\u00fc hafifletmeye kalk\u0131\u015ft\u0131k. Eski foto\u011fraflara yeti\u015fememi\u015f ads\u0131z, \u015fekilsiz, kokusuz atalar\u0131m\u0131z\u0131n ta r\u00fcyalar\u0131m\u0131za kadar g\u00f6md\u00fc\u011f\u00fc, t\u0131ka basa doldurdu\u011fu binbir kimyevi, u\u00e7ucu, yamal\u0131, \u00f6rselenmi\u015f hat\u0131ray\u0131 ortal\u0131\u011fa d\u00f6kmek, kendi g\u00fcn\u00fcm\u00fcze yer a\u00e7mak, bunu gerekirse hoyrat\u00e7a yapmak, belki de \u015fimdiden ba\u015fkalar\u0131n\u0131n akl\u0131na y\u00fck olmak istedik. Bizi hat\u0131rlamasan\u0131z da olur ama hat\u0131rlad\u0131klar\u0131m\u0131z\u0131 hat\u0131rlay\u0131n diye yapt\u0131k b\u00fct\u00fcn bunlar\u0131. \u201cHat\u0131rlad\u0131klar\u0131m\u0131z\u0131 hat\u0131rlayan birileri olsun\u201d diye. Bir zamanlar, bunu diyen biri olmu\u015f besbelli. Ama neden demi\u015f? Bunu hat\u0131rlayan yok. S\u0131ra geldi bunu bulmaya. S\u0131ra geldi bunu, neden unutman\u0131n \u00f6l\u00fcm kadar g\u00f6rkemli oldu\u011funu hat\u0131rlamaya. ORHAN CEM \u00c7ET\u0130N<\/p>\n","protected":false},"excerpt":{"rendered":"<p>\u201cBabam \u00f6ld\u00fc\u011f\u00fcnde, koca bir k\u00fct\u00fcphane yan\u0131p k\u00fcl olmu\u015ftu adeta.\u201d LAURIE ANDERSON (Ugly one with the jewels\u2019dan) Bizi bir araya getiren neydi? Bunu anlamak i\u00e7in zaman ge\u00e7irdik<span class=\"excerpt-hellip\"> [\u2026]<\/span><\/p>\n","protected":false},"featured_media":0,"template":"","meta":{"_monsterinsights_skip_tracking":false,"_monsterinsights_sitenote_active":false,"_monsterinsights_sitenote_note":"","_monsterinsights_sitenote_category":0},"product_brand":[],"product_cat":[12291,12711],"product_tag":[],"class_list":{"0":"post-754913","1":"product","2":"type-product","3":"status-publish","5":"product_cat-edebiyat","6":"product_cat-roman-oyku","7":"pa_cilt-ciltsiz","8":"pa_tur-kitap","9":"pa_yayinevi-alfa-yayinlari","10":"pa_yazar-altar-kaplan","12":"first","13":"instock","14":"sale","15":"shipping-taxable","16":"purchasable","17":"product-type-simple"},"_links":{"self":[{"href":"https:\/\/roveyayinevi.com.tr\/index.php\/wp-json\/wp\/v2\/product\/754913","targetHints":{"allow":["GET"]}}],"collection":[{"href":"https:\/\/roveyayinevi.com.tr\/index.php\/wp-json\/wp\/v2\/product"}],"about":[{"href":"https:\/\/roveyayinevi.com.tr\/index.php\/wp-json\/wp\/v2\/types\/product"}],"wp:attachment":[{"href":"https:\/\/roveyayinevi.com.tr\/index.php\/wp-json\/wp\/v2\/media?parent=754913"}],"wp:term":[{"taxonomy":"product_brand","embeddable":true,"href":"https:\/\/roveyayinevi.com.tr\/index.php\/wp-json\/wp\/v2\/product_brand?post=754913"},{"taxonomy":"product_cat","embeddable":true,"href":"https:\/\/roveyayinevi.com.tr\/index.php\/wp-json\/wp\/v2\/product_cat?post=754913"},{"taxonomy":"product_tag","embeddable":true,"href":"https:\/\/roveyayinevi.com.tr\/index.php\/wp-json\/wp\/v2\/product_tag?post=754913"}],"curies":[{"name":"wp","href":"https:\/\/api.w.org\/{rel}","templated":true}]}}