{"id":754912,"date":"2025-08-28T06:25:11","date_gmt":"2025-08-28T03:25:11","guid":{"rendered":"https:\/\/roveyayinevi.com.tr\/index.php\/urun\/sufilerin-saadet-tasavvuru-imam-gazali-ornegi\/"},"modified":"2026-04-16T03:08:16","modified_gmt":"2026-04-16T00:08:16","slug":"sufilerin-saadet-tasavvuru-imam-gazali-ornegi","status":"publish","type":"product","link":"https:\/\/roveyayinevi.com.tr\/index.php\/urun\/sufilerin-saadet-tasavvuru-imam-gazali-ornegi\/","title":{"rendered":"Sufilerin Saadet Tasavvuru \u0130mam Gazali \u00d6rne\u011fi"},"content":{"rendered":"<p>\u0130mam Gazali&#8217;ye g\u00f6re  bir ilmin de\u011feri, o ilme konu olan malumun de\u011feriyle do\u011fru orant\u0131l\u0131d\u0131r. Kainatta Allah Teala&#8217;dan daha de\u011ferli bir varl\u0131k olmad\u0131\u011f\u0131na g\u00f6re en y\u00fcce ilim Allah&#8217;\u0131, s\u0131fatlar\u0131 ve fiilleriyle birlikte tan\u0131may\u0131 ifade eden marifetullaht\u0131r. \u0130nsan, marifetullah sayesinde kemale erer; kemali oran\u0131nda da saadete ve Allah&#8217;a yak\u0131nl\u0131k derecesine y\u00fckselir. Marifetullah\u0131n elde edilmesi, insan\u0131n as\u0131l yarat\u0131l\u0131\u015f gayesini te\u015fkil eder. Bu itibarla insan\u0131n, yarat\u0131l\u0131\u015f gayesinden uzakla\u015f\u0131p yaln\u0131zca hayvanlarla ortak oldu\u011fu d\u00fcnyevi me\u015fguliyetlere dalmas\u0131, onun i\u00e7in en b\u00fcy\u00fck zillet say\u0131l\u0131r. Zira bu durumda insan, Allah&#8217;a yak\u0131n olan  &#8220;mukarreb\u00fbn&#8221; melekleriyle payla\u015ft\u0131\u011f\u0131 marifetullah makam\u0131ndan uzakla\u015farak hayvanl\u0131k seviyesine d\u00fc\u015fm\u00fc\u015f, b\u00f6ylece insanl\u0131k onurunu ayaklar alt\u0131na alm\u0131\u015f olur. Bu nedenle insana yak\u0131\u015fan, kendisini saadete eri\u015ftirecek olan marifetullah ile donan\u0131p asli \u015ferefini muhafaza etmektir. <\/p>\n","protected":false},"excerpt":{"rendered":"<p>\u0130mam Gazali&#8217;ye g\u00f6re bir ilmin de\u011feri, o ilme konu olan malumun de\u011feriyle do\u011fru orant\u0131l\u0131d\u0131r. Kainatta Allah Teala&#8217;dan daha de\u011ferli bir varl\u0131k olmad\u0131\u011f\u0131na g\u00f6re en y\u00fcce ilim<span class=\"excerpt-hellip\"> [\u2026]<\/span><\/p>\n","protected":false},"featured_media":0,"template":"","meta":{"_monsterinsights_skip_tracking":false,"_monsterinsights_sitenote_active":false,"_monsterinsights_sitenote_note":"","_monsterinsights_sitenote_category":0},"product_brand":[],"product_cat":[12718,12719],"product_tag":[],"class_list":{"0":"post-754912","1":"product","2":"type-product","3":"status-publish","5":"product_cat-din","6":"product_cat-islam","7":"pa_cilt-ciltsiz","8":"pa_tur-kitap","9":"pa_yayinevi-soncag-akademik-kitaplar","10":"pa_yazar-mevlut-ozcelik","12":"first","13":"instock","14":"sale","15":"shipping-taxable","16":"purchasable","17":"product-type-simple"},"_links":{"self":[{"href":"https:\/\/roveyayinevi.com.tr\/index.php\/wp-json\/wp\/v2\/product\/754912","targetHints":{"allow":["GET"]}}],"collection":[{"href":"https:\/\/roveyayinevi.com.tr\/index.php\/wp-json\/wp\/v2\/product"}],"about":[{"href":"https:\/\/roveyayinevi.com.tr\/index.php\/wp-json\/wp\/v2\/types\/product"}],"wp:attachment":[{"href":"https:\/\/roveyayinevi.com.tr\/index.php\/wp-json\/wp\/v2\/media?parent=754912"}],"wp:term":[{"taxonomy":"product_brand","embeddable":true,"href":"https:\/\/roveyayinevi.com.tr\/index.php\/wp-json\/wp\/v2\/product_brand?post=754912"},{"taxonomy":"product_cat","embeddable":true,"href":"https:\/\/roveyayinevi.com.tr\/index.php\/wp-json\/wp\/v2\/product_cat?post=754912"},{"taxonomy":"product_tag","embeddable":true,"href":"https:\/\/roveyayinevi.com.tr\/index.php\/wp-json\/wp\/v2\/product_tag?post=754912"}],"curies":[{"name":"wp","href":"https:\/\/api.w.org\/{rel}","templated":true}]}}