{"id":754911,"date":"2025-08-28T06:25:10","date_gmt":"2025-08-28T03:25:10","guid":{"rendered":"https:\/\/roveyayinevi.com.tr\/index.php\/urun\/uretken-kentler-icin-endustri-mekansal-planlama-ve-tasarim\/"},"modified":"2026-04-16T03:08:16","modified_gmt":"2026-04-16T00:08:16","slug":"uretken-kentler-icin-endustri-mekansal-planlama-ve-tasarim","status":"publish","type":"product","link":"https:\/\/roveyayinevi.com.tr\/index.php\/urun\/uretken-kentler-icin-endustri-mekansal-planlama-ve-tasarim\/","title":{"rendered":"\u00dcretken Kentler \u0130\u00e7in End\u00fcstri Mekansal Planlama ve Tasar\u0131m"},"content":{"rendered":"<p>Son yirmi y\u0131lda yo\u011fun bi\u00e7imde ya\u015fanan sanayisizle\u015fme s\u00fcrecine kar\u015f\u0131n, y\u00fcz\u00fcnc\u00fc ya\u015f\u0131n\u0131 kutlayacak olan cumhuriyetimiz, farkl\u0131 \u00f6l\u00e7eklerde ciddi bir sanayi altyap\u0131s\u0131n\u0131 ikinci y\u00fczy\u0131la devrediyor. Cumhuriyetin ilk yar\u0131s\u0131nda devlet eliyle y\u00fcr\u00fct\u00fclm\u00fc\u015f olan b\u00fcy\u00fck sanayi yat\u0131r\u0131mlar\u0131ndan sonra 1960\u2019larda kurulmaya ba\u015flanan Organize Sanayi B\u00f6lgeleri, sanayinin daha geni\u015f bir tabana yay\u0131lmas\u0131n katk\u0131 vererek ciddi bir bilgi ve deneyim birikimini beraberinde getirdi. Bug\u00fcn ise \u00f6n\u00fcm\u00fczde, mevcut \u00fcretim kapasitesinin y\u00fcksek teknoloji ile ekonomik ve ekolojik a\u00e7\u0131dan s\u00fcrd\u00fcr\u00fclebilir niteli\u011fe kavu\u015fturmak gibi bir \u00f6dev var. S\u00f6z konusu geli\u015fimin sa\u011flanmas\u0131 ise ancak, mevcut fiziksel altyap\u0131n\u0131n niteliksel d\u00f6n\u00fc\u015f\u00fcm\u00fc ile olanakl\u0131. Bu ko\u015ful, siyasa-planlama-tasar\u0131m b\u00fct\u00fcnl\u00fc\u011f\u00fcn\u00fcn sa\u011flanabilmesini ka\u00e7\u0131n\u0131lmaz k\u0131l\u0131yor. Elinizdeki kitap, T\u00fcrkiye planlama yaz\u0131n\u0131nda ihmal edile gelen sanayinin mekansal tasar\u0131m\u0131 sorunsal\u0131n\u0131 konu edinmekte. Bu \u00e7er\u00e7evede, d\u00f6rt \u00fclkeden on d\u00f6rt yazar, kent ve sanayi ili\u015fkisini kentsel siyasa ve planlama ekseninde, mimari ve kentsel tasar\u0131m ba\u011flam\u0131nda tart\u0131\u015fmaya a\u00e7makta. Sonras\u0131nda, 2019-2022 y\u0131llar\u0131 aras\u0131nda ODT\u00dc Kentsel Tasar\u0131m ve Mimarl\u0131k Y\u00fcksek Lisans Programlar\u0131n\u0131n G\u00fcz d\u00f6neminde y\u00fcr\u00fctt\u00fc\u011f\u00fc \u2018End\u00fcstriyel \u015eehircilik\u2019 ortak st\u00fcdyosu \u00e7al\u0131\u015fmalar\u0131 se\u00e7kisi okuyucuyla payla\u015f\u0131lmakta.<\/p>\n","protected":false},"excerpt":{"rendered":"<p>Son yirmi y\u0131lda yo\u011fun bi\u00e7imde ya\u015fanan sanayisizle\u015fme s\u00fcrecine kar\u015f\u0131n, y\u00fcz\u00fcnc\u00fc ya\u015f\u0131n\u0131 kutlayacak olan cumhuriyetimiz, farkl\u0131 \u00f6l\u00e7eklerde ciddi bir sanayi altyap\u0131s\u0131n\u0131 ikinci y\u00fczy\u0131la devrediyor. Cumhuriyetin ilk yar\u0131s\u0131nda<span class=\"excerpt-hellip\"> [\u2026]<\/span><\/p>\n","protected":false},"featured_media":0,"template":"","meta":{"_monsterinsights_skip_tracking":false,"_monsterinsights_sitenote_active":false,"_monsterinsights_sitenote_note":"","_monsterinsights_sitenote_category":0},"product_brand":[],"product_cat":[52477],"product_tag":[],"class_list":{"0":"post-754911","1":"product","2":"type-product","3":"status-publish","5":"product_cat-arastirma","6":"pa_cilt-ciltsiz","7":"pa_tur-kitap","8":"pa_yayinevi-idealkent-yayincilik","9":"pa_yazar-kolektif","11":"first","12":"instock","13":"sale","14":"shipping-taxable","15":"purchasable","16":"product-type-simple"},"_links":{"self":[{"href":"https:\/\/roveyayinevi.com.tr\/index.php\/wp-json\/wp\/v2\/product\/754911","targetHints":{"allow":["GET"]}}],"collection":[{"href":"https:\/\/roveyayinevi.com.tr\/index.php\/wp-json\/wp\/v2\/product"}],"about":[{"href":"https:\/\/roveyayinevi.com.tr\/index.php\/wp-json\/wp\/v2\/types\/product"}],"wp:attachment":[{"href":"https:\/\/roveyayinevi.com.tr\/index.php\/wp-json\/wp\/v2\/media?parent=754911"}],"wp:term":[{"taxonomy":"product_brand","embeddable":true,"href":"https:\/\/roveyayinevi.com.tr\/index.php\/wp-json\/wp\/v2\/product_brand?post=754911"},{"taxonomy":"product_cat","embeddable":true,"href":"https:\/\/roveyayinevi.com.tr\/index.php\/wp-json\/wp\/v2\/product_cat?post=754911"},{"taxonomy":"product_tag","embeddable":true,"href":"https:\/\/roveyayinevi.com.tr\/index.php\/wp-json\/wp\/v2\/product_tag?post=754911"}],"curies":[{"name":"wp","href":"https:\/\/api.w.org\/{rel}","templated":true}]}}