{"id":754907,"date":"2025-08-28T06:25:01","date_gmt":"2025-08-28T03:25:01","guid":{"rendered":"https:\/\/roveyayinevi.com.tr\/index.php\/urun\/seyre-dalan-ruhum\/"},"modified":"2026-04-16T03:08:16","modified_gmt":"2026-04-16T00:08:16","slug":"seyre-dalan-ruhum","status":"publish","type":"product","link":"https:\/\/roveyayinevi.com.tr\/index.php\/urun\/seyre-dalan-ruhum\/","title":{"rendered":"Seyre Dalan Ruhum"},"content":{"rendered":"<p>Damla damla akar g\u00fcn, seyre dalan ruhuma, Maviler birle\u015fir de yol olur umutlara. Sevgi ile bak\u0131n\u0131r g\u00f6kte g\u00fcne\u015f yar\u0131na, Sar\u0131 y\u00fcrekli \u00fcmit, kayna\u015f\u0131r duygulara.   Baki olan tek \u015fey ruhtur! Ve as\u0131l mutluluk, ruhu doyurmakt\u0131r. Kalbin dinginli\u011fini hisseden ruh, doygunlu\u011fa eri\u015fir. Ruhun huzuru, her iki d\u00fcnyada da saadete kap\u0131 a\u00e7ar. \u015eiirle bulu\u015fan t\u00fcm duygular\u0131n sevgiyle, umutla yol almas\u0131 dile\u011fiyle. <\/p>\n","protected":false},"excerpt":{"rendered":"<p>Damla damla akar g\u00fcn, seyre dalan ruhuma, Maviler birle\u015fir de yol olur umutlara. Sevgi ile bak\u0131n\u0131r g\u00f6kte g\u00fcne\u015f yar\u0131na, Sar\u0131 y\u00fcrekli \u00fcmit, kayna\u015f\u0131r duygulara. Baki olan<span class=\"excerpt-hellip\"> [\u2026]<\/span><\/p>\n","protected":false},"featured_media":0,"template":"","meta":{"_monsterinsights_skip_tracking":false,"_monsterinsights_sitenote_active":false,"_monsterinsights_sitenote_note":"","_monsterinsights_sitenote_category":0},"product_brand":[],"product_cat":[12291,12509],"product_tag":[],"class_list":{"0":"post-754907","1":"product","2":"type-product","3":"status-publish","5":"product_cat-edebiyat","6":"product_cat-siir","7":"pa_cilt-ciltsiz","8":"pa_tur-kitap","9":"pa_yayinevi-gulnar-yayinlari","10":"pa_yazar-ahu-kazan","12":"first","13":"instock","14":"sale","15":"shipping-taxable","16":"purchasable","17":"product-type-simple"},"_links":{"self":[{"href":"https:\/\/roveyayinevi.com.tr\/index.php\/wp-json\/wp\/v2\/product\/754907","targetHints":{"allow":["GET"]}}],"collection":[{"href":"https:\/\/roveyayinevi.com.tr\/index.php\/wp-json\/wp\/v2\/product"}],"about":[{"href":"https:\/\/roveyayinevi.com.tr\/index.php\/wp-json\/wp\/v2\/types\/product"}],"wp:attachment":[{"href":"https:\/\/roveyayinevi.com.tr\/index.php\/wp-json\/wp\/v2\/media?parent=754907"}],"wp:term":[{"taxonomy":"product_brand","embeddable":true,"href":"https:\/\/roveyayinevi.com.tr\/index.php\/wp-json\/wp\/v2\/product_brand?post=754907"},{"taxonomy":"product_cat","embeddable":true,"href":"https:\/\/roveyayinevi.com.tr\/index.php\/wp-json\/wp\/v2\/product_cat?post=754907"},{"taxonomy":"product_tag","embeddable":true,"href":"https:\/\/roveyayinevi.com.tr\/index.php\/wp-json\/wp\/v2\/product_tag?post=754907"}],"curies":[{"name":"wp","href":"https:\/\/api.w.org\/{rel}","templated":true}]}}