{"id":754906,"date":"2025-08-28T06:25:00","date_gmt":"2025-08-28T03:25:00","guid":{"rendered":"https:\/\/roveyayinevi.com.tr\/index.php\/urun\/mucizem-dogdu\/"},"modified":"2026-04-16T03:08:16","modified_gmt":"2026-04-16T00:08:16","slug":"mucizem-dogdu","status":"publish","type":"product","link":"https:\/\/roveyayinevi.com.tr\/index.php\/urun\/mucizem-dogdu\/","title":{"rendered":"Mucizem Do\u011fdu"},"content":{"rendered":"<p>De\u011ferli anne babalar yery\u00fcz\u00fcnde e\u015fi benzeri olmayan yani mucizevi bir varl\u0131k olan bebe\u011finizle ya tan\u0131\u015ft\u0131n\u0131z ya da tan\u0131\u015fmak \u00fczeresiniz. Bu yolculu\u011fa \u00e7\u0131kmak cesaret gerektiren, bu nedenle korkular\u0131n\u0131z\u0131 a\u015f\u0131p yeterli ebeveynlik yapabilmeniz i\u00e7in bilgi gerektiren bir eylemdir. Bebe\u011fin ilk y\u0131l\u0131n\u0131 ele alan bir rehber olarak haz\u0131rlad\u0131\u011f\u0131m bu kitapta a\u011f\u0131rl\u0131kl\u0131 olarak bebe\u011fin ilk y\u0131l\u0131nda en \u00e7ok yapt\u0131\u011f\u0131n\u0131z ve bebe\u011finizi hayata haz\u0131rlayan en \u00f6nemli faaliyet olan, dolays\u0131yla en iyi bilmemiz gereken konu olan emzirmeye yer verdim. Umar\u0131m mucizenizle ya\u015fayaca\u011f\u0131n\u0131z g\u00fczel g\u00fcnlere katk\u0131s\u0131 olacak bu kitab\u0131 be\u011fenir ve yeni annelere veya anne adaylar\u0131na hediye edersiniz. Unutmayal\u0131m ki bilgi de sevgi gibi payla\u015ft\u0131k\u00e7a \u00e7o\u011fal\u0131r. Umar\u0131m bu kitab\u0131n rehberli\u011finde mucizenizin her an\u0131n\u0131 kayg\u0131s\u0131zca doya doya ya\u015fama f\u0131rsat\u0131 bulursunuz. Sevgiyle kal\u0131n&#8230; <\/p>\n","protected":false},"excerpt":{"rendered":"<p>De\u011ferli anne babalar yery\u00fcz\u00fcnde e\u015fi benzeri olmayan yani mucizevi bir varl\u0131k olan bebe\u011finizle ya tan\u0131\u015ft\u0131n\u0131z ya da tan\u0131\u015fmak \u00fczeresiniz. Bu yolculu\u011fa \u00e7\u0131kmak cesaret gerektiren, bu nedenle<span class=\"excerpt-hellip\"> [\u2026]<\/span><\/p>\n","protected":false},"featured_media":0,"template":"","meta":{"_monsterinsights_skip_tracking":false,"_monsterinsights_sitenote_active":false,"_monsterinsights_sitenote_note":"","_monsterinsights_sitenote_category":0},"product_brand":[],"product_cat":[14902,13365],"product_tag":[],"class_list":{"0":"post-754906","1":"product","2":"type-product","3":"status-publish","5":"product_cat-annelik-ve-cocuk-bakimi","6":"product_cat-saglik","7":"pa_cilt-ciltsiz","8":"pa_tur-kitap","9":"pa_yayinevi-doksan-dokuz-yayinlari","10":"pa_yazar-baris-gokce","12":"first","13":"instock","14":"sale","15":"shipping-taxable","16":"purchasable","17":"product-type-simple"},"_links":{"self":[{"href":"https:\/\/roveyayinevi.com.tr\/index.php\/wp-json\/wp\/v2\/product\/754906","targetHints":{"allow":["GET"]}}],"collection":[{"href":"https:\/\/roveyayinevi.com.tr\/index.php\/wp-json\/wp\/v2\/product"}],"about":[{"href":"https:\/\/roveyayinevi.com.tr\/index.php\/wp-json\/wp\/v2\/types\/product"}],"wp:attachment":[{"href":"https:\/\/roveyayinevi.com.tr\/index.php\/wp-json\/wp\/v2\/media?parent=754906"}],"wp:term":[{"taxonomy":"product_brand","embeddable":true,"href":"https:\/\/roveyayinevi.com.tr\/index.php\/wp-json\/wp\/v2\/product_brand?post=754906"},{"taxonomy":"product_cat","embeddable":true,"href":"https:\/\/roveyayinevi.com.tr\/index.php\/wp-json\/wp\/v2\/product_cat?post=754906"},{"taxonomy":"product_tag","embeddable":true,"href":"https:\/\/roveyayinevi.com.tr\/index.php\/wp-json\/wp\/v2\/product_tag?post=754906"}],"curies":[{"name":"wp","href":"https:\/\/api.w.org\/{rel}","templated":true}]}}