{"id":754904,"date":"2025-08-28T06:24:57","date_gmt":"2025-08-28T03:24:57","guid":{"rendered":"https:\/\/roveyayinevi.com.tr\/index.php\/urun\/geyve-bogazindan-esintiler\/"},"modified":"2026-04-16T03:08:16","modified_gmt":"2026-04-16T00:08:16","slug":"geyve-bogazindan-esintiler","status":"publish","type":"product","link":"https:\/\/roveyayinevi.com.tr\/index.php\/urun\/geyve-bogazindan-esintiler\/","title":{"rendered":"Geyve Bo\u011faz\u0131\u2019ndan Esintiler"},"content":{"rendered":"<p>Hayallerimde bedenime s\u0131\u011famaz ruhum. Kendimi bulut misali g\u00f6klerde bulurum. R\u00fczg\u00e2r\u0131n \u00f6n\u00fcnde gezerim b\u00fct\u00fcn asuman\u0131, Vatan\u0131na \u00e2\u015f\u0131k bir garip mecnun olurum. \u015eiirlerimin \u00e7o\u011funun ilham kayna\u011f\u0131, ya\u015fad\u0131\u011f\u0131m Geyve Alifuatpa\u015fa civar\u0131ndaki do\u011fa ve karakterlerdir. Sakarya\u2019n\u0131n en eski il\u00e7elerinden Geyve\u2019den ismini alan Geyve Bo\u011faz\u0131\u2019n\u0131n ve yak\u0131n \u00e7evrenim g\u00fczelliklerini hik\u00e2ye ve \u015fiirlerle anlatan bir kitaba ihtiya\u00e7 olabilece\u011fini d\u00fc\u015f\u00fcnd\u00fcm. Onun i\u00e7in kitab\u0131m\u0131n ad\u0131n\u0131 GEYVE BO\u011eAZI\u2019NDAN ES\u0130NT\u0130LER olarak koymay\u0131 uygun buldum. Kitab\u0131m\u0131 yazarken insani davran\u0131\u015flara, \u00f6rnek olabilecek karakterlere, felsefi g\u00f6zlemlere, gelenek ve g\u00f6reneklerimizin toplumdaki de\u011ferlerinin ya\u015fam\u0131m\u0131zdaki \u00f6nemine ve do\u011fa g\u00fczelliklerine dikkatleri \u00e7ekmeye \u00e7al\u0131\u015ft\u0131m. Bu arada daha \u00f6nce yazm\u0131\u015f oldu\u011fum Damlalar \u015fiir kitab\u0131mdan bu kitapta da bulunmas\u0131n\u0131 uygun buldu\u011fum, yak\u0131n \u00e7evre, \u00fclkemizin de\u011ferleri ve g\u00fczellikleri ile ilgili \u015fiirlere de yer verdim. <\/p>\n","protected":false},"excerpt":{"rendered":"<p>Hayallerimde bedenime s\u0131\u011famaz ruhum. Kendimi bulut misali g\u00f6klerde bulurum. R\u00fczg\u00e2r\u0131n \u00f6n\u00fcnde gezerim b\u00fct\u00fcn asuman\u0131, Vatan\u0131na \u00e2\u015f\u0131k bir garip mecnun olurum. \u015eiirlerimin \u00e7o\u011funun ilham kayna\u011f\u0131, ya\u015fad\u0131\u011f\u0131m Geyve<span class=\"excerpt-hellip\"> [\u2026]<\/span><\/p>\n","protected":false},"featured_media":0,"template":"","meta":{"_monsterinsights_skip_tracking":false,"_monsterinsights_sitenote_active":false,"_monsterinsights_sitenote_note":"","_monsterinsights_sitenote_category":0},"product_brand":[],"product_cat":[12291,12509],"product_tag":[],"class_list":{"0":"post-754904","1":"product","2":"type-product","3":"status-publish","5":"product_cat-edebiyat","6":"product_cat-siir","7":"pa_cilt-ciltsiz","8":"pa_tur-kitap","9":"pa_yayinevi-zet-yayinlari","10":"pa_yazar-ismet-ziya","12":"first","13":"instock","14":"sale","15":"shipping-taxable","16":"purchasable","17":"product-type-simple"},"_links":{"self":[{"href":"https:\/\/roveyayinevi.com.tr\/index.php\/wp-json\/wp\/v2\/product\/754904","targetHints":{"allow":["GET"]}}],"collection":[{"href":"https:\/\/roveyayinevi.com.tr\/index.php\/wp-json\/wp\/v2\/product"}],"about":[{"href":"https:\/\/roveyayinevi.com.tr\/index.php\/wp-json\/wp\/v2\/types\/product"}],"wp:attachment":[{"href":"https:\/\/roveyayinevi.com.tr\/index.php\/wp-json\/wp\/v2\/media?parent=754904"}],"wp:term":[{"taxonomy":"product_brand","embeddable":true,"href":"https:\/\/roveyayinevi.com.tr\/index.php\/wp-json\/wp\/v2\/product_brand?post=754904"},{"taxonomy":"product_cat","embeddable":true,"href":"https:\/\/roveyayinevi.com.tr\/index.php\/wp-json\/wp\/v2\/product_cat?post=754904"},{"taxonomy":"product_tag","embeddable":true,"href":"https:\/\/roveyayinevi.com.tr\/index.php\/wp-json\/wp\/v2\/product_tag?post=754904"}],"curies":[{"name":"wp","href":"https:\/\/api.w.org\/{rel}","templated":true}]}}