{"id":754902,"date":"2025-08-28T06:24:53","date_gmt":"2025-08-28T03:24:53","guid":{"rendered":"https:\/\/roveyayinevi.com.tr\/index.php\/urun\/ucuncu-yol\/"},"modified":"2026-04-16T03:08:16","modified_gmt":"2026-04-16T00:08:16","slug":"ucuncu-yol","status":"publish","type":"product","link":"https:\/\/roveyayinevi.com.tr\/index.php\/urun\/ucuncu-yol\/","title":{"rendered":"\u00dc\u00e7\u00fcnc\u00fc Yol"},"content":{"rendered":"<p>Bu kitap ne ilmi ne de akademik bir \u00f6zellik ta\u015f\u0131m\u0131yor. Yazar\u0131n baz\u0131 kavramlar \u00fczerinde d\u00fc\u015f\u00fcncelerinin biraz da edebi bir \u00fcslup ile anlat\u0131m\u0131ndan ibaret metinlerden olu\u015fmu\u015ftur. \u0130slam inan\u00e7, ibadet, fikir, zikir siyaset, e\u011fitim gibi hayata dair kavramlar\u0131 anlamsal olarak bar\u0131nd\u0131ran \u00e7a\u011fda\u015f hatta \u00e7a\u011flar \u00fcst\u00fc bir nizamd\u0131r. Bu dinin temel kavramlar\u0131 tevhid, ibadet, adalet, cihad vd. yeni nesiller taraf\u0131ndan anla\u015f\u0131lmas\u0131 dini ve toplumsal olarak \u00f6nem ta\u015f\u0131yan temel bir olgudur. Aile, ahlak, helal kazan\u00e7, gibi kavramlarda toplumsal hayatta hayati \u00f6nem ta\u015f\u0131yan pozitif etkenlerdir.  M\u00fcsl\u00fcman toplumu ve gelece\u011fimizi tehdit eden \u015firk, ateizm, deizm ve agnostizim gibi bat\u0131l kavramlar \u00e7a\u011fda\u015f ink\u00e2r kavramlar\u0131 olarak g\u00f6ze \u00e7arpmakta ve kitap i\u00e7inde yer almaktad\u0131r. Okur bu kitapta, dereden tepeye kavramlar ars\u0131nda gezinti yaparken b\u00fct\u00fcn yollar\u0131n \u0130slam\u2019la kesi\u015fti\u011fini sa\u011f ve sol ideolojilerin iflas etti\u011fi bir zaman diliminde \u00fc\u00e7\u00fcnc\u00fc bir yolla tan\u0131\u015fman\u0131n heyecan\u0131n\u0131 ya\u015fayacakt\u0131r. Bu y\u00fcz y\u0131l,  hibrit ve suni etkenlerin gayri tabi form\u00fclazisyonu ile M\u00fcsl\u00fcmanlara bir deh\u015fet \u00e7a\u011f\u0131n\u0131 ya\u015fatt\u0131. Art\u0131s\u0131yla eksisiyle bu sistemin t\u00fcm\u00fcyle ink\u00e2r edilmesi ve kurtar\u0131c\u0131 nam\u0131yla takdim edilen emperyalist t\u00fcm yakla\u015f\u0131mlara kar\u015f\u0131 kurtulu\u015f m\u00fccadelesi verilmesi \u015fartt\u0131r. <\/p>\n","protected":false},"excerpt":{"rendered":"<p>Bu kitap ne ilmi ne de akademik bir \u00f6zellik ta\u015f\u0131m\u0131yor. Yazar\u0131n baz\u0131 kavramlar \u00fczerinde d\u00fc\u015f\u00fcncelerinin biraz da edebi bir \u00fcslup ile anlat\u0131m\u0131ndan ibaret metinlerden olu\u015fmu\u015ftur. \u0130slam<span class=\"excerpt-hellip\"> [\u2026]<\/span><\/p>\n","protected":false},"featured_media":0,"template":"","meta":{"_monsterinsights_skip_tracking":false,"_monsterinsights_sitenote_active":false,"_monsterinsights_sitenote_note":"","_monsterinsights_sitenote_category":0},"product_brand":[],"product_cat":[12777,12291],"product_tag":[],"class_list":{"0":"post-754902","1":"product","2":"type-product","3":"status-publish","5":"product_cat-deneme","6":"product_cat-edebiyat","7":"pa_cilt-ciltsiz","8":"pa_tur-kitap","9":"pa_yayinevi-zet-yayinlari","10":"pa_yazar-mustafa-oztekin","12":"first","13":"instock","14":"sale","15":"shipping-taxable","16":"purchasable","17":"product-type-simple"},"_links":{"self":[{"href":"https:\/\/roveyayinevi.com.tr\/index.php\/wp-json\/wp\/v2\/product\/754902","targetHints":{"allow":["GET"]}}],"collection":[{"href":"https:\/\/roveyayinevi.com.tr\/index.php\/wp-json\/wp\/v2\/product"}],"about":[{"href":"https:\/\/roveyayinevi.com.tr\/index.php\/wp-json\/wp\/v2\/types\/product"}],"wp:attachment":[{"href":"https:\/\/roveyayinevi.com.tr\/index.php\/wp-json\/wp\/v2\/media?parent=754902"}],"wp:term":[{"taxonomy":"product_brand","embeddable":true,"href":"https:\/\/roveyayinevi.com.tr\/index.php\/wp-json\/wp\/v2\/product_brand?post=754902"},{"taxonomy":"product_cat","embeddable":true,"href":"https:\/\/roveyayinevi.com.tr\/index.php\/wp-json\/wp\/v2\/product_cat?post=754902"},{"taxonomy":"product_tag","embeddable":true,"href":"https:\/\/roveyayinevi.com.tr\/index.php\/wp-json\/wp\/v2\/product_tag?post=754902"}],"curies":[{"name":"wp","href":"https:\/\/api.w.org\/{rel}","templated":true}]}}