{"id":754901,"date":"2025-08-28T06:24:51","date_gmt":"2025-08-28T03:24:51","guid":{"rendered":"https:\/\/roveyayinevi.com.tr\/index.php\/urun\/dorian-grayin-portresi-livaneli-kitapligi\/"},"modified":"2026-04-12T03:12:16","modified_gmt":"2026-04-12T00:12:16","slug":"dorian-grayin-portresi-livaneli-kitapligi","status":"publish","type":"product","link":"https:\/\/roveyayinevi.com.tr\/index.php\/urun\/dorian-grayin-portresi-livaneli-kitapligi\/","title":{"rendered":"Dorian Gray&#8217;in Portresi &#8211; Livaneli Kitapl\u0131\u011f\u0131"},"content":{"rendered":"<p>Dorian Gray; etkileyici bir g\u00fczelli\u011fe sahip gen\u00e7 bir adamd\u0131r. Ressam Basil Hallward, ba\u015fyap\u0131t\u0131 olarak nitelendirdi\u011fi portreyi tamamlad\u0131\u011f\u0131nda, Dorian bir dilekte bulunur: \u201cKe\u015fke ba\u015fka t\u00fcrl\u00fc olabilseydi! Ke\u015fke sonsuza kadar gen\u00e7 kalan ben, ihtiyarlayansa \u015fu tablodaki ki\u015fi olsayd\u0131!\u201d Dile\u011fi ger\u00e7ek olan Dorian ya\u015fl\u0131l\u0131k, hastal\u0131k, vicdan azab\u0131 gibi ya\u015fam\u0131n ger\u00e7eklerinden etkilenmezken, portre t\u00fcm bu ger\u00e7eklerin izlerini yans\u0131tan bir ayna haline gelir. \u0130lk zamanlarda bu durumdan olduk\u00e7a memnun olsa da giderek rahats\u0131zl\u0131k duymaya ba\u015flar Dorian Gray.Portresinin kendisine yans\u0131tt\u0131\u011f\u0131 ger\u00e7ekleri yok etmeye \u00e7al\u0131\u015f\u0131rken, t\u0131pk\u0131 yozla\u015fan benli\u011fine ayna tutan Basil Hallward\u2019\u0131 yok etti\u011fi gibi, kendisini de yok edecektir. Oscar Wilde\u2019\u0131n okurlar\u0131 insan\u0131n arzular\u0131n\u0131n ve h\u0131rslar\u0131n\u0131n labirentinde bir yolculu\u011fa \u00e7\u0131kartt\u0131\u011f\u0131 Dorian Gray\u2019in Portresi\u2019ni Solmaz K\u00e2muran \u00e7evirisiyle, Livaneli Kitapl\u0131\u011f\u0131 i\u00e7erisinde sizlere sunuyoruz. <\/p>\n","protected":false},"excerpt":{"rendered":"<p>Dorian Gray; etkileyici bir g\u00fczelli\u011fe sahip gen\u00e7 bir adamd\u0131r. Ressam Basil Hallward, ba\u015fyap\u0131t\u0131 olarak nitelendirdi\u011fi portreyi tamamlad\u0131\u011f\u0131nda, Dorian bir dilekte bulunur: \u201cKe\u015fke ba\u015fka t\u00fcrl\u00fc olabilseydi! Ke\u015fke<span class=\"excerpt-hellip\"> [\u2026]<\/span><\/p>\n","protected":false},"featured_media":0,"template":"","meta":{"_monsterinsights_skip_tracking":false,"_monsterinsights_sitenote_active":false,"_monsterinsights_sitenote_note":"","_monsterinsights_sitenote_category":0},"product_brand":[],"product_cat":[12291,12711],"product_tag":[],"class_list":{"0":"post-754901","1":"product","2":"type-product","3":"status-publish","5":"product_cat-edebiyat","6":"product_cat-roman-oyku","7":"pa_cilt-ciltsiz","8":"pa_tur-kitap","9":"pa_yayinevi-inkilap-kitabevi","10":"pa_yazar-oscar-wilde","12":"first","13":"instock","14":"sale","15":"shipping-taxable","16":"purchasable","17":"product-type-simple"},"_links":{"self":[{"href":"https:\/\/roveyayinevi.com.tr\/index.php\/wp-json\/wp\/v2\/product\/754901","targetHints":{"allow":["GET"]}}],"collection":[{"href":"https:\/\/roveyayinevi.com.tr\/index.php\/wp-json\/wp\/v2\/product"}],"about":[{"href":"https:\/\/roveyayinevi.com.tr\/index.php\/wp-json\/wp\/v2\/types\/product"}],"wp:attachment":[{"href":"https:\/\/roveyayinevi.com.tr\/index.php\/wp-json\/wp\/v2\/media?parent=754901"}],"wp:term":[{"taxonomy":"product_brand","embeddable":true,"href":"https:\/\/roveyayinevi.com.tr\/index.php\/wp-json\/wp\/v2\/product_brand?post=754901"},{"taxonomy":"product_cat","embeddable":true,"href":"https:\/\/roveyayinevi.com.tr\/index.php\/wp-json\/wp\/v2\/product_cat?post=754901"},{"taxonomy":"product_tag","embeddable":true,"href":"https:\/\/roveyayinevi.com.tr\/index.php\/wp-json\/wp\/v2\/product_tag?post=754901"}],"curies":[{"name":"wp","href":"https:\/\/api.w.org\/{rel}","templated":true}]}}