{"id":754899,"date":"2025-08-28T06:24:47","date_gmt":"2025-08-28T03:24:47","guid":{"rendered":"https:\/\/roveyayinevi.com.tr\/index.php\/urun\/anneme-ve-kizima\/"},"modified":"2026-04-16T03:08:16","modified_gmt":"2026-04-16T00:08:16","slug":"anneme-ve-kizima","status":"publish","type":"product","link":"https:\/\/roveyayinevi.com.tr\/index.php\/urun\/anneme-ve-kizima\/","title":{"rendered":"Anneme ve K\u0131z\u0131ma"},"content":{"rendered":"<p>Bu kez emekleri ve haklar\u0131 asla \u00f6denemeyecek olan annelerimize\u2026 Ve bu kez\u2026 Annelerinden biricik k\u0131zlar\u0131na\u2026 Yine maddi imk\u00e2ns\u0131zl\u0131klar nedeniyle okuyamayan \u00e7ocuklar\u0131m\u0131z\u0131n e\u011fitimi i\u00e7in yola \u00e7\u0131kt\u0131k. \u00dcnl\u00fc isimler annelerine ve k\u0131z evlatlar\u0131na mektup yazd\u0131lar. Hepimizi b\u00fcy\u00fck \u00fcz\u00fcnt\u00fcye bo\u011fan 6 \u015eubat depremi ve sonras\u0131\u2026 \u015eimdi oradaki okullara ve \u00f6\u011frencilerimize ula\u015fmak istiyoruz. Ald\u0131\u011f\u0131n\u0131z her kitap \u00e7ocuklar\u0131m\u0131z\u0131n e\u011fitimine destek olacak. Bade \u0130\u015f\u00e7il Derya ve Zeynep Be\u015ferler Evrim Alasya \u0130dil F\u0131rat Melis Sezen Meryem Uzerli Murat Boz Nesli\u015fah Alko\u00e7lar D\u00fczyatan \u00d6zge G\u00fcrel \u00d6zge \u00d6zder Reyhan \u0130pekel Seda Bakan Selen Ke\u00e7eli Serkan Altunorak T\u00fbba B\u00fcy\u00fck\u00fcst\u00fcn Zuhal Olcay <\/p>\n","protected":false},"excerpt":{"rendered":"<p>Bu kez emekleri ve haklar\u0131 asla \u00f6denemeyecek olan annelerimize\u2026 Ve bu kez\u2026 Annelerinden biricik k\u0131zlar\u0131na\u2026 Yine maddi imk\u00e2ns\u0131zl\u0131klar nedeniyle okuyamayan \u00e7ocuklar\u0131m\u0131z\u0131n e\u011fitimi i\u00e7in yola \u00e7\u0131kt\u0131k. \u00dcnl\u00fc<span class=\"excerpt-hellip\"> [\u2026]<\/span><\/p>\n","protected":false},"featured_media":0,"template":"","meta":{"_monsterinsights_skip_tracking":false,"_monsterinsights_sitenote_active":false,"_monsterinsights_sitenote_note":"","_monsterinsights_sitenote_category":0},"product_brand":[],"product_cat":[12291,18202],"product_tag":[],"class_list":{"0":"post-754899","1":"product","2":"type-product","3":"status-publish","5":"product_cat-edebiyat","6":"product_cat-hikaye","7":"pa_cilt-ciltsiz","8":"pa_tur-kitap","9":"pa_yayinevi-inkilap-kitabevi","10":"pa_yazar-omur-sabuncuoglu","12":"first","13":"instock","14":"sale","15":"shipping-taxable","16":"purchasable","17":"product-type-simple"},"_links":{"self":[{"href":"https:\/\/roveyayinevi.com.tr\/index.php\/wp-json\/wp\/v2\/product\/754899","targetHints":{"allow":["GET"]}}],"collection":[{"href":"https:\/\/roveyayinevi.com.tr\/index.php\/wp-json\/wp\/v2\/product"}],"about":[{"href":"https:\/\/roveyayinevi.com.tr\/index.php\/wp-json\/wp\/v2\/types\/product"}],"wp:attachment":[{"href":"https:\/\/roveyayinevi.com.tr\/index.php\/wp-json\/wp\/v2\/media?parent=754899"}],"wp:term":[{"taxonomy":"product_brand","embeddable":true,"href":"https:\/\/roveyayinevi.com.tr\/index.php\/wp-json\/wp\/v2\/product_brand?post=754899"},{"taxonomy":"product_cat","embeddable":true,"href":"https:\/\/roveyayinevi.com.tr\/index.php\/wp-json\/wp\/v2\/product_cat?post=754899"},{"taxonomy":"product_tag","embeddable":true,"href":"https:\/\/roveyayinevi.com.tr\/index.php\/wp-json\/wp\/v2\/product_tag?post=754899"}],"curies":[{"name":"wp","href":"https:\/\/api.w.org\/{rel}","templated":true}]}}