{"id":754896,"date":"2025-08-28T06:24:41","date_gmt":"2025-08-28T03:24:41","guid":{"rendered":"https:\/\/roveyayinevi.com.tr\/index.php\/urun\/namaka\/"},"modified":"2026-04-16T03:08:16","modified_gmt":"2026-04-16T00:08:16","slug":"namaka","status":"publish","type":"product","link":"https:\/\/roveyayinevi.com.tr\/index.php\/urun\/namaka\/","title":{"rendered":"Namaka"},"content":{"rendered":"<p>&#8220;Ba\u015flang\u0131\u00e7ta sadece hi\u00e7lik ve karanl\u0131k vard\u0131. Evren diye nitelendirilecek bir yer ve mek\u00e2n yoktu. T\u00fcm kavramlar bir damlada toplanm\u0131\u015ft\u0131 ve damla ilk olarak d\u00fc\u015f\u00fcnce formuna b\u00fcr\u00fcnd\u00fc. D\u00fc\u015f\u00fcnce karanl\u0131\u011f\u0131n i\u00e7inde var olu\u015funu fark etti ve yaln\u0131zl\u0131k duygusuyla y\u00fczle\u015fti. Sonras\u0131nda bilinmek i\u00e7in sese d\u00f6n\u00fc\u015ft\u00fc ve ilk \u00e7\u0131kan kelime &#8220;Ol,&#8221; oldu&#8230; Damla kocaman bir \u0131\u015f\u0131k ve renk ile ortaya \u00e7\u0131kt\u0131. Alemler yarat\u0131ld\u0131, zerreler bedene b\u00fcr\u00fcnd\u00fc ve y\u0131ld\u0131zlara d\u00f6n\u00fc\u015ft\u00fc. Y\u0131ld\u0131zlar karanl\u0131\u011f\u0131n h\u00fck\u00fcmranl\u0131\u011f\u0131na son verdiler ve bilinmek isteyen damla her bir toz zerresinde ve y\u0131ld\u0131z \u0131\u015f\u0131\u011f\u0131nda kendisini var etti.&#8221;   Murat Tali Namaka Suyun Bilgeli\u011fini Ta\u015f\u0131yan kitab\u0131nda olgun anlat\u0131m\u0131yla derinlikli meseleleri tart\u0131\u015fmaya a\u00e7\u0131yor. Yazar bir su damlas\u0131n\u0131n bilgeli\u011finin \u0131\u015f\u0131\u011f\u0131nda kibriyle, h\u0131rs\u0131yla, a\u00e7g\u00f6zl\u00fcl\u00fc\u011f\u00fcyle d\u00fcnyay\u0131 kas\u0131p kavuran insana sesleniyor ve ona \u00e7ok \u00f6nemli sorular y\u00f6neltiyor.   Namaka Suyun Bilgeli\u011fini Ta\u015f\u0131yan kitab\u0131 her kelimesiyle var olu\u015fun \u0131\u015f\u0131\u011f\u0131n\u0131 ta\u015f\u0131yor. &#8216;D\u00fcnya hakikaten bu kadar k\u00f6t\u00fc, \u015fekilsiz ve kederiyle kaderine terk edilmi\u015f olabilir mi? Yoksa bunu yapan bizler miyiz? Ger\u00e7ek bir &#8216;ben&#8217;e ula\u015fabilir, &#8216;\u00f6z&#8217;e d\u00f6nebilirsek bu k\u00f6t\u00fc gidi\u015fat\u0131 durdurabilir miyiz? <\/p>\n","protected":false},"excerpt":{"rendered":"<p>&#8220;Ba\u015flang\u0131\u00e7ta sadece hi\u00e7lik ve karanl\u0131k vard\u0131. Evren diye nitelendirilecek bir yer ve mek\u00e2n yoktu. T\u00fcm kavramlar bir damlada toplanm\u0131\u015ft\u0131 ve damla ilk olarak d\u00fc\u015f\u00fcnce formuna b\u00fcr\u00fcnd\u00fc.<span class=\"excerpt-hellip\"> [\u2026]<\/span><\/p>\n","protected":false},"featured_media":0,"template":"","meta":{"_monsterinsights_skip_tracking":false,"_monsterinsights_sitenote_active":false,"_monsterinsights_sitenote_note":"","_monsterinsights_sitenote_category":0},"product_brand":[],"product_cat":[12777,12291],"product_tag":[],"class_list":{"0":"post-754896","1":"product","2":"type-product","3":"status-publish","5":"product_cat-deneme","6":"product_cat-edebiyat","7":"pa_cilt-ciltsiz","8":"pa_tur-kitap","9":"pa_yayinevi-platanus-publishing","10":"pa_yazar-murat-tali","12":"first","13":"instock","14":"sale","15":"shipping-taxable","16":"purchasable","17":"product-type-simple"},"_links":{"self":[{"href":"https:\/\/roveyayinevi.com.tr\/index.php\/wp-json\/wp\/v2\/product\/754896","targetHints":{"allow":["GET"]}}],"collection":[{"href":"https:\/\/roveyayinevi.com.tr\/index.php\/wp-json\/wp\/v2\/product"}],"about":[{"href":"https:\/\/roveyayinevi.com.tr\/index.php\/wp-json\/wp\/v2\/types\/product"}],"wp:attachment":[{"href":"https:\/\/roveyayinevi.com.tr\/index.php\/wp-json\/wp\/v2\/media?parent=754896"}],"wp:term":[{"taxonomy":"product_brand","embeddable":true,"href":"https:\/\/roveyayinevi.com.tr\/index.php\/wp-json\/wp\/v2\/product_brand?post=754896"},{"taxonomy":"product_cat","embeddable":true,"href":"https:\/\/roveyayinevi.com.tr\/index.php\/wp-json\/wp\/v2\/product_cat?post=754896"},{"taxonomy":"product_tag","embeddable":true,"href":"https:\/\/roveyayinevi.com.tr\/index.php\/wp-json\/wp\/v2\/product_tag?post=754896"}],"curies":[{"name":"wp","href":"https:\/\/api.w.org\/{rel}","templated":true}]}}