{"id":754889,"date":"2025-08-28T06:24:29","date_gmt":"2025-08-28T03:24:29","guid":{"rendered":"https:\/\/roveyayinevi.com.tr\/index.php\/urun\/kirik-hayal-kerkuk\/"},"modified":"2026-04-16T03:08:15","modified_gmt":"2026-04-16T00:08:15","slug":"kirik-hayal-kerkuk","status":"publish","type":"product","link":"https:\/\/roveyayinevi.com.tr\/index.php\/urun\/kirik-hayal-kerkuk\/","title":{"rendered":"K\u0131r\u0131k Hayal Kerk\u00fck"},"content":{"rendered":"<p>Bin dokuz y\u00fcz yirmi yedi. Ekim. Gece. Ya\u011fmur ve r\u00fczg\u00e2r. Y\u00fcksek a\u011fa\u00e7larla kapl\u0131 bir arazi, \u00e7evrede belli aral\u0131klarla Muhaf\u0131z Alay\u0131 n\u00f6bet\u00e7ilerinin kul\u00fcbeleri. Bir g\u00f6zetleme noktas\u0131n\u0131n \u0131slak sac kaplamalar\u0131 donuk donuk parl\u0131yor. Tek t\u00fck \u0131\u015f\u0131klar vuruyor. Kal\u0131n perdelerine ra\u011fmen k\u00f6\u015fk\u00fcn sadece bir odas\u0131ndan bah\u00e7eye belli belirsiz bir \u0131\u015f\u0131k s\u0131z\u0131yor. Falih R\u0131fk\u0131\u2019y\u0131 (Atay) k\u00f6\u015fk\u00fcn ana giri\u015f kap\u0131s\u0131nda Ba\u015fyaver Salih (Bozok) kar\u015f\u0131lad\u0131. \u015eemsiyesini kapatan Falih R\u0131fk\u0131 saatine bakt\u0131: 02.00\u2019ydi. \u201cHayrola Salih, bu saatte \u00e7a\u011fr\u0131lmam\u0131n sebebi nedir?\u201d \u201cHi\u00e7bir malumat verilmedi. Sadece te\u015frifiniz talep edildi.\u201d Mustafa Kemal Pa\u015fa, Falih R\u0131fk\u0131\u2019dan sessiz ve gizli kalmas\u0131 kayd\u0131yla Musul-Kerk\u00fck hakk\u0131nda bir dosya haz\u0131rlamas\u0131n\u0131 istedi. Falih R\u0131fk\u0131 zeki adamd\u0131. Bu istek ve masan\u0131n \u00fczerine boydan boya serilmi\u015f haritadan meselenin nereye do\u011fru gitti\u011fini hemen kavrad\u0131. K\u00f6\u015fkten ayr\u0131l\u0131rken \u00c7ankaya sabah\u0131 a\u011farmak \u00fczereydi. Epey zamand\u0131r kesilmi\u015f olan ya\u011fmur yeniden ba\u015flad\u0131. Falih R\u0131fk\u0131 bu kez \u015femsiyesini a\u00e7mad\u0131! Islanmaya, s\u0131r\u0131ls\u0131klam olmaya ihtiyac\u0131 vard\u0131\u2026 Kafas\u0131n\u0131n i\u00e7inde ise Pa\u015fa\u2019n\u0131n \u015fu s\u00f6z\u00fc d\u00f6n\u00fcp dola\u015f\u0131yordu: \u2018\u2019Tarih bizi \u00e7a\u011f\u0131r\u0131yor!\u2019\u2019<\/p>\n","protected":false},"excerpt":{"rendered":"<p>Bin dokuz y\u00fcz yirmi yedi. Ekim. Gece. Ya\u011fmur ve r\u00fczg\u00e2r. Y\u00fcksek a\u011fa\u00e7larla kapl\u0131 bir arazi, \u00e7evrede belli aral\u0131klarla Muhaf\u0131z Alay\u0131 n\u00f6bet\u00e7ilerinin kul\u00fcbeleri. Bir g\u00f6zetleme noktas\u0131n\u0131n \u0131slak<span class=\"excerpt-hellip\"> [\u2026]<\/span><\/p>\n","protected":false},"featured_media":0,"template":"","meta":{"_monsterinsights_skip_tracking":false,"_monsterinsights_sitenote_active":false,"_monsterinsights_sitenote_note":"","_monsterinsights_sitenote_category":0},"product_brand":[],"product_cat":[12291,12711],"product_tag":[],"class_list":{"0":"post-754889","1":"product","2":"type-product","3":"status-publish","5":"product_cat-edebiyat","6":"product_cat-roman-oyku","7":"pa_cilt-ciltsiz","8":"pa_tur-kitap","9":"pa_yayinevi-inkilap-kitabevi","10":"pa_yazar-osman-pamukoglu","12":"first","13":"instock","14":"sale","15":"shipping-taxable","16":"purchasable","17":"product-type-simple"},"_links":{"self":[{"href":"https:\/\/roveyayinevi.com.tr\/index.php\/wp-json\/wp\/v2\/product\/754889","targetHints":{"allow":["GET"]}}],"collection":[{"href":"https:\/\/roveyayinevi.com.tr\/index.php\/wp-json\/wp\/v2\/product"}],"about":[{"href":"https:\/\/roveyayinevi.com.tr\/index.php\/wp-json\/wp\/v2\/types\/product"}],"wp:attachment":[{"href":"https:\/\/roveyayinevi.com.tr\/index.php\/wp-json\/wp\/v2\/media?parent=754889"}],"wp:term":[{"taxonomy":"product_brand","embeddable":true,"href":"https:\/\/roveyayinevi.com.tr\/index.php\/wp-json\/wp\/v2\/product_brand?post=754889"},{"taxonomy":"product_cat","embeddable":true,"href":"https:\/\/roveyayinevi.com.tr\/index.php\/wp-json\/wp\/v2\/product_cat?post=754889"},{"taxonomy":"product_tag","embeddable":true,"href":"https:\/\/roveyayinevi.com.tr\/index.php\/wp-json\/wp\/v2\/product_tag?post=754889"}],"curies":[{"name":"wp","href":"https:\/\/api.w.org\/{rel}","templated":true}]}}