{"id":754888,"date":"2025-08-28T06:24:28","date_gmt":"2025-08-28T03:24:28","guid":{"rendered":"https:\/\/roveyayinevi.com.tr\/index.php\/urun\/turkiyede-dijital-medya-ve-feminizm\/"},"modified":"2026-04-16T03:08:15","modified_gmt":"2026-04-16T00:08:15","slug":"turkiyede-dijital-medya-ve-feminizm","status":"publish","type":"product","link":"https:\/\/roveyayinevi.com.tr\/index.php\/urun\/turkiyede-dijital-medya-ve-feminizm\/","title":{"rendered":"T\u00fcrkiye\u2019de Dijital Medya ve Feminizm"},"content":{"rendered":"<p>Dijitalle\u015fme, b\u00fct\u00fcn di\u011fer yeni toplumsal hareketlerde oldu\u011fu gibi feminist hareketler ve eylem bi\u00e7imlerinde de \u00e7e\u015fitli d\u00f6n\u00fc\u015f\u00fcmlere yol a\u00e7t\u0131. Bu d\u00f6n\u00fc\u015f\u00fcmleri anlamland\u0131rabilmek ve iyi yorumlayabilmek i\u00e7in sosyolojiden psikolojiye, ileti\u015fim bilimlerinden siyaset bilimine kadar uzanan geni\u015f spektrumlu bir disiplinleraras\u0131 bak\u0131\u015fa ihtiya\u00e7 vard\u0131r. Bu kitap \u00f6ncelikle b\u00f6ylesi geni\u015f bir disiplinleraras\u0131 bak\u0131\u015f\u0131n \u0131\u015f\u0131\u011f\u0131nda haz\u0131rland\u0131. Feminist m\u00fccadelenin \u00f6nemli ara\u00e7lar\u0131ndan ve alanlar\u0131ndan biri olan dijital medyada, feminist mesajlar\u0131n \u00fcretimi ve y\u00f6netimi, takip\u00e7ilerle etkile\u015fim, hashtag kampanyalar\u0131, if\u015fa hareketleri, video aktivizm, veri aktivizmi, sokak protestolar\u0131n\u0131n \u00f6rg\u00fctlenmesi, kad\u0131nlar aras\u0131 dayan\u0131\u015fman\u0131n g\u00fc\u00e7lendirilmesi ve k\u00fcresel feminist hareketlerle dayan\u0131\u015fma gibi \u00e7e\u015fitli feminist taktikler geli\u015ftiriliyor. Bu kitap, feminist hareketler, feminist medya, kad\u0131n eme\u011fi, kad\u0131na y\u00f6nelik \u015fiddet ve if\u015fa gibi konularda dijital medyan\u0131n rol\u00fcn\u00fc inceleyen yaz\u0131lardan olu\u015fuyor. Kitapta ayn\u0131 zamanda, feminizm ve ileti\u015fimin dijitalle\u015fmesi aras\u0131ndaki etkile\u015fimle ilgili yeni kavramlar\u0131 tart\u0131\u015fabilmek ve ortaya yeni sorular atabilmek i\u00e7in bir perspektif sunulmaya \u00e7al\u0131\u015f\u0131l\u0131yor. <\/p>\n","protected":false},"excerpt":{"rendered":"<p>Dijitalle\u015fme, b\u00fct\u00fcn di\u011fer yeni toplumsal hareketlerde oldu\u011fu gibi feminist hareketler ve eylem bi\u00e7imlerinde de \u00e7e\u015fitli d\u00f6n\u00fc\u015f\u00fcmlere yol a\u00e7t\u0131. Bu d\u00f6n\u00fc\u015f\u00fcmleri anlamland\u0131rabilmek ve iyi yorumlayabilmek i\u00e7in sosyolojiden<span class=\"excerpt-hellip\"> [\u2026]<\/span><\/p>\n","protected":false},"featured_media":0,"template":"","meta":{"_monsterinsights_skip_tracking":false,"_monsterinsights_sitenote_active":false,"_monsterinsights_sitenote_note":"","_monsterinsights_sitenote_category":0},"product_brand":[],"product_cat":[15983,13488],"product_tag":[],"class_list":{"0":"post-754888","1":"product","2":"type-product","3":"status-publish","5":"product_cat-iletisim-ve-medya","6":"product_cat-toplum-ve-insan","7":"pa_cilt-ciltsiz","8":"pa_tur-kitap","9":"pa_yayinevi-umag-yayinevi","10":"pa_yazar-gulum-sener-asli-kotaman","12":"first","13":"instock","14":"sale","15":"shipping-taxable","16":"purchasable","17":"product-type-simple"},"_links":{"self":[{"href":"https:\/\/roveyayinevi.com.tr\/index.php\/wp-json\/wp\/v2\/product\/754888","targetHints":{"allow":["GET"]}}],"collection":[{"href":"https:\/\/roveyayinevi.com.tr\/index.php\/wp-json\/wp\/v2\/product"}],"about":[{"href":"https:\/\/roveyayinevi.com.tr\/index.php\/wp-json\/wp\/v2\/types\/product"}],"wp:attachment":[{"href":"https:\/\/roveyayinevi.com.tr\/index.php\/wp-json\/wp\/v2\/media?parent=754888"}],"wp:term":[{"taxonomy":"product_brand","embeddable":true,"href":"https:\/\/roveyayinevi.com.tr\/index.php\/wp-json\/wp\/v2\/product_brand?post=754888"},{"taxonomy":"product_cat","embeddable":true,"href":"https:\/\/roveyayinevi.com.tr\/index.php\/wp-json\/wp\/v2\/product_cat?post=754888"},{"taxonomy":"product_tag","embeddable":true,"href":"https:\/\/roveyayinevi.com.tr\/index.php\/wp-json\/wp\/v2\/product_tag?post=754888"}],"curies":[{"name":"wp","href":"https:\/\/api.w.org\/{rel}","templated":true}]}}