{"id":754881,"date":"2025-08-28T06:24:14","date_gmt":"2025-08-28T03:24:14","guid":{"rendered":"https:\/\/roveyayinevi.com.tr\/index.php\/urun\/kizil-elma-6\/"},"modified":"2026-03-10T03:32:03","modified_gmt":"2026-03-10T00:32:03","slug":"kizil-elma-6","status":"publish","type":"product","link":"https:\/\/roveyayinevi.com.tr\/index.php\/urun\/kizil-elma-6\/","title":{"rendered":"K\u0131z\u0131l Elma"},"content":{"rendered":"<p>K\u0131z\u0131l Elma, Ziya G\u00f6kalp\u2019in b\u00fcy\u00fck bir \u00e7o\u011funlu\u011funu \u201cGen\u00e7 Kalemler\u201d, \u201cT\u00fcrk Yurdu\u201d, \u201cHalka Do\u011fru\u201d, \u201cT\u00fcrk S\u00f6z\u00fc\u201d gibi dergilerde yay\u0131mlad\u0131\u011f\u0131 \u015fiirlerinden olu\u015fmaktad\u0131r. Buradaki \u201cK\u0131z\u0131lelma\u201d \u015fiiri, kitab\u0131n ad\u0131n\u0131 ve kitapta yer alan \u015fiirler hakk\u0131nda bir \u00f6n bilgi vermektedir. \u201cTuran\u201d, \u201c\u00d6t\u00fcken \u00dclkesi\u201d, \u201cAlt\u0131n Yurt\u201d, \u201cAlt\u0131n Destan\u201d, \u201cErgenekon\u201d, \u201cBalkanlar Destan\u0131\u201d ve \u201cK\u0131z\u0131l Destan\u201d gibi \u015fiirler K\u0131z\u0131lelma fikri ile de \u00f6rt\u00fc\u015fen \u015fiirlerdir.  Buradaki \u201cK\u0131z\u0131lelma\u201d ve \u201cTuran\u201d adl\u0131 \u015fiirleri onun hayat\u0131 boyunca savundu\u011fu temel d\u00fc\u015f\u00fcncelerini dile getirmektedir.   <\/p>\n","protected":false},"excerpt":{"rendered":"<p>K\u0131z\u0131l Elma, Ziya G\u00f6kalp\u2019in b\u00fcy\u00fck bir \u00e7o\u011funlu\u011funu \u201cGen\u00e7 Kalemler\u201d, \u201cT\u00fcrk Yurdu\u201d, \u201cHalka Do\u011fru\u201d, \u201cT\u00fcrk S\u00f6z\u00fc\u201d gibi dergilerde yay\u0131mlad\u0131\u011f\u0131 \u015fiirlerinden olu\u015fmaktad\u0131r. Buradaki \u201cK\u0131z\u0131lelma\u201d \u015fiiri, kitab\u0131n ad\u0131n\u0131 ve<span class=\"excerpt-hellip\"> [\u2026]<\/span><\/p>\n","protected":false},"featured_media":0,"template":"","meta":{"_monsterinsights_skip_tracking":false,"_monsterinsights_sitenote_active":false,"_monsterinsights_sitenote_note":"","_monsterinsights_sitenote_category":0},"product_brand":[],"product_cat":[12291,12509],"product_tag":[],"class_list":{"0":"post-754881","1":"product","2":"type-product","3":"status-publish","5":"product_cat-edebiyat","6":"product_cat-siir","7":"pa_cilt-ciltsiz","8":"pa_tur-kitap","9":"pa_yayinevi-myrina-yayinlari","10":"pa_yazar-ziya-gokalp","12":"first","13":"instock","14":"sale","15":"shipping-taxable","16":"purchasable","17":"product-type-simple"},"_links":{"self":[{"href":"https:\/\/roveyayinevi.com.tr\/index.php\/wp-json\/wp\/v2\/product\/754881","targetHints":{"allow":["GET"]}}],"collection":[{"href":"https:\/\/roveyayinevi.com.tr\/index.php\/wp-json\/wp\/v2\/product"}],"about":[{"href":"https:\/\/roveyayinevi.com.tr\/index.php\/wp-json\/wp\/v2\/types\/product"}],"wp:attachment":[{"href":"https:\/\/roveyayinevi.com.tr\/index.php\/wp-json\/wp\/v2\/media?parent=754881"}],"wp:term":[{"taxonomy":"product_brand","embeddable":true,"href":"https:\/\/roveyayinevi.com.tr\/index.php\/wp-json\/wp\/v2\/product_brand?post=754881"},{"taxonomy":"product_cat","embeddable":true,"href":"https:\/\/roveyayinevi.com.tr\/index.php\/wp-json\/wp\/v2\/product_cat?post=754881"},{"taxonomy":"product_tag","embeddable":true,"href":"https:\/\/roveyayinevi.com.tr\/index.php\/wp-json\/wp\/v2\/product_tag?post=754881"}],"curies":[{"name":"wp","href":"https:\/\/api.w.org\/{rel}","templated":true}]}}