{"id":754880,"date":"2025-08-28T06:24:12","date_gmt":"2025-08-28T03:24:12","guid":{"rendered":"https:\/\/roveyayinevi.com.tr\/index.php\/urun\/butun-siirleri-10\/"},"modified":"2026-04-16T03:08:15","modified_gmt":"2026-04-16T00:08:15","slug":"butun-siirleri-10","status":"publish","type":"product","link":"https:\/\/roveyayinevi.com.tr\/index.php\/urun\/butun-siirleri-10\/","title":{"rendered":"B\u00fct\u00fcn \u015eiirleri"},"content":{"rendered":"<p>Orhan Veli Kan\u0131k, 13 Nisan 1914\u2019te do\u011fdu. Galatasaray Lisesi, Ankara Gazi \u0130lkokulu ve Ankara Erkek Lisesi\u2019nde okudu. Bir s\u00fcre \u0130\u00dcEF Felsefe B\u00f6l\u00fcm\u00fc\u2019nde e\u011fitimine devam etti. Ankara\u2019da PTT Genel M\u00fcd\u00fcrl\u00fc\u011f\u00fcndeki memuriyetten sonra askerli\u011fini Gelibolu\u2019da yapt\u0131. 1945\u2019te girdi\u011fi MEB Terc\u00fcme B\u00fcrosu\u2019ndan istifa ederek yeniden \u0130stanbul\u2019a d\u00f6nd\u00fc ve edebiyat hayat\u0131na ba\u015flad\u0131. Oktay Rifat ve Melih Cevdet Anday ile Garip \u015fiir ak\u0131m\u0131n\u0131n \u00f6nc\u00fcs\u00fc oldu.        Myrina Yay\u0131nlar\u0131 taraf\u0131ndan yay\u0131mlanan ve Aylin Peksert taraf\u0131ndan yay\u0131na haz\u0131rlanan bu kitap, Orhan Veli\u2019nin kitaplar\u0131nda olan, dergilerde yay\u0131mlanan ve yay\u0131mlanmayan b\u00fct\u00fcn eserlerinden olu\u015fmaktad\u0131r. <\/p>\n","protected":false},"excerpt":{"rendered":"<p>Orhan Veli Kan\u0131k, 13 Nisan 1914\u2019te do\u011fdu. Galatasaray Lisesi, Ankara Gazi \u0130lkokulu ve Ankara Erkek Lisesi\u2019nde okudu. Bir s\u00fcre \u0130\u00dcEF Felsefe B\u00f6l\u00fcm\u00fc\u2019nde e\u011fitimine devam etti. Ankara\u2019da<span class=\"excerpt-hellip\"> [\u2026]<\/span><\/p>\n","protected":false},"featured_media":0,"template":"","meta":{"_monsterinsights_skip_tracking":false,"_monsterinsights_sitenote_active":false,"_monsterinsights_sitenote_note":"","_monsterinsights_sitenote_category":0},"product_brand":[],"product_cat":[12291,12509],"product_tag":[],"class_list":{"0":"post-754880","1":"product","2":"type-product","3":"status-publish","5":"product_cat-edebiyat","6":"product_cat-siir","7":"pa_cilt-ciltsiz","8":"pa_tur-kitap","9":"pa_yayinevi-myrina-yayinlari","10":"pa_yazar-orhan-veli-kanik","12":"first","13":"instock","14":"sale","15":"shipping-taxable","16":"purchasable","17":"product-type-simple"},"_links":{"self":[{"href":"https:\/\/roveyayinevi.com.tr\/index.php\/wp-json\/wp\/v2\/product\/754880","targetHints":{"allow":["GET"]}}],"collection":[{"href":"https:\/\/roveyayinevi.com.tr\/index.php\/wp-json\/wp\/v2\/product"}],"about":[{"href":"https:\/\/roveyayinevi.com.tr\/index.php\/wp-json\/wp\/v2\/types\/product"}],"wp:attachment":[{"href":"https:\/\/roveyayinevi.com.tr\/index.php\/wp-json\/wp\/v2\/media?parent=754880"}],"wp:term":[{"taxonomy":"product_brand","embeddable":true,"href":"https:\/\/roveyayinevi.com.tr\/index.php\/wp-json\/wp\/v2\/product_brand?post=754880"},{"taxonomy":"product_cat","embeddable":true,"href":"https:\/\/roveyayinevi.com.tr\/index.php\/wp-json\/wp\/v2\/product_cat?post=754880"},{"taxonomy":"product_tag","embeddable":true,"href":"https:\/\/roveyayinevi.com.tr\/index.php\/wp-json\/wp\/v2\/product_tag?post=754880"}],"curies":[{"name":"wp","href":"https:\/\/api.w.org\/{rel}","templated":true}]}}