{"id":754878,"date":"2025-08-28T06:24:07","date_gmt":"2025-08-28T03:24:07","guid":{"rendered":"https:\/\/roveyayinevi.com.tr\/index.php\/urun\/yudum-yudum-ask\/"},"modified":"2026-04-16T03:08:15","modified_gmt":"2026-04-16T00:08:15","slug":"yudum-yudum-ask","status":"publish","type":"product","link":"https:\/\/roveyayinevi.com.tr\/index.php\/urun\/yudum-yudum-ask\/","title":{"rendered":"Yudum Yudum A\u015fk"},"content":{"rendered":"<p>\u015eair Mustafa Zincirk\u0131ran, 1956 y\u0131l\u0131nda Adana\u2019n\u0131n Ceyhan il\u00e7esi Ye\u015filbah\u00e7e k\u00f6y\u00fcnde k\u00f6yl\u00fc vatanda\u015f dedi\u011fimiz bir ailenin son \u00e7ocu\u011fu olarak d\u00fcnyaya gelmi\u015f olup ilk ve orta \u00f6\u011frenimini memleketinde, y\u00fcksek\u00f6\u011frenimini de Konya Sel\u00e7uk E\u011fitim Enstit\u00fcs\u00fcnde tamamlam\u0131\u015ft\u0131r. Okuma yazma bilmedi\u011fi halde, \u00e7ocuklu\u011funda dinledi\u011fi Arzu-Kamber, Kerem-Asl\u0131 hik\u00e2yelerini, i\u00e7indeki s\u00f6ylenen \u015fiirleriyle birlikte son ya\u015flar\u0131na kadar unutmadan anlatabilen bir anne ile \u00f6ks\u00fcz ve yetim oldu\u011fu i\u00e7in okula hi\u00e7 gitmedi\u011fi halde arkada\u015flar\u0131ndan \u00f6\u011frenebildi\u011fi kadar okuma yazma \u00f6\u011frenebilen bir baban\u0131n dizlerinin dibinde b\u00fcy\u00fcm\u00fc\u015f ve k\u00fc\u00e7\u00fck ya\u015flarda \u015fiir yazmaya ba\u015flam\u0131\u015ft\u0131r. \u00d6\u011fretmen olarak ilk g\u00f6reve ba\u015flad\u0131\u011f\u0131 1982 y\u0131l\u0131ndan g\u00fcn\u00fcm\u00fcze kadar Bolu (Merkez ve Mengen), Kahramanmara\u015f (Merkez, \u00c7a\u011flayancerit ve G\u00f6ksun), Mardin (\u0130l MEM), Adana (\u0130l MEM) ve Afyon Emirda\u011f\u2019da \u00f6\u011fretmenlik ve idarecilik yapm\u0131\u015ft\u0131r. Osmaniye Kadirli il\u00e7e milli e\u011fitim m\u00fcd\u00fcrl\u00fc\u011f\u00fcnde \u015fube m\u00fcd\u00fcr\u00fc olarak g\u00f6rev yaparken 10 \u015eubat 2021 tarihinde emekli olmu\u015f ve halen Kadirli\u2019de ya\u015famaktad\u0131r. Okudu\u011fu menk\u0131belerinden etkilendi\u011fi Behl\u00fcl D\u00e2na Hazretleri\u2019nin ad\u0131na izafeten \u015fiirlerinde Behl\u00fcl mahl\u00e2s\u0131n\u0131 kullanmaktad\u0131r. Yazm\u0131\u015f oldu\u011fu \u015fiirleri ve yaz\u0131lar\u0131 Antoloji.com, Edebiyatdefteri ve Edebiyat Evi gibi \u00e7e\u015fitli \u015fiir sitelerinde yer almaktad\u0131r. \u015eiirleri, g\u00f6rev yapt\u0131\u011f\u0131 yerlerdeki mahall\u00ee gazete, dergi, \u015fiir antolojileri ile kendi sosyal medya hesab\u0131 ve \u00e7e\u015fitli dijital \u015fiir grup sayfalar\u0131nda yay\u0131nland\u0131\u011f\u0131 halde elinizdeki bu kitap ilk eseridir. Kitap okumak i\u00e7in her f\u0131rsatta zaman olu\u015fturmakta ve evindeki kam\u0131\u015f NEY saz\u0131ndan ses \u00e7\u0131karabilmektedir. AKSED, Hece Hece Aksed\u2019ce program\u0131 ve B\u0130R\u2019\u0130Z EDEB\u0130YAT Fasl-\u0131 Muhabbet program\u0131na d\u00f6rtl\u00fcklerle kat\u0131lmakta ve 2021-22 sezonunda Fasl-\u0131 Muhabbet Program\u0131\u2019n\u0131n moderat\u00f6rl\u00fc\u011f\u00fcn\u00fc y\u00fcr\u00fctm\u00fc\u015ft\u00fcr. Akdeniz Esintisi \u015eiir ve Sanat Platformu y\u00f6neticilerindendir. \u015eairimiz, evli ve \u00fc\u00e7 \u00e7ocuk babas\u0131 olup d\u00f6rt torunun da dedesidir. <\/p>\n","protected":false},"excerpt":{"rendered":"<p>\u015eair Mustafa Zincirk\u0131ran, 1956 y\u0131l\u0131nda Adana\u2019n\u0131n Ceyhan il\u00e7esi Ye\u015filbah\u00e7e k\u00f6y\u00fcnde k\u00f6yl\u00fc vatanda\u015f dedi\u011fimiz bir ailenin son \u00e7ocu\u011fu olarak d\u00fcnyaya gelmi\u015f olup ilk ve orta \u00f6\u011frenimini memleketinde,<span class=\"excerpt-hellip\"> [\u2026]<\/span><\/p>\n","protected":false},"featured_media":0,"template":"","meta":{"_monsterinsights_skip_tracking":false,"_monsterinsights_sitenote_active":false,"_monsterinsights_sitenote_note":"","_monsterinsights_sitenote_category":0},"product_brand":[],"product_cat":[12291,12509],"product_tag":[],"class_list":{"0":"post-754878","1":"product","2":"type-product","3":"status-publish","5":"product_cat-edebiyat","6":"product_cat-siir","7":"pa_cilt-ciltsiz","8":"pa_tur-kitap","9":"pa_yayinevi-gulnar-yayinlari","10":"pa_yazar-mustafa-zincirkiran-behlul","12":"first","13":"instock","14":"sale","15":"shipping-taxable","16":"purchasable","17":"product-type-simple"},"_links":{"self":[{"href":"https:\/\/roveyayinevi.com.tr\/index.php\/wp-json\/wp\/v2\/product\/754878","targetHints":{"allow":["GET"]}}],"collection":[{"href":"https:\/\/roveyayinevi.com.tr\/index.php\/wp-json\/wp\/v2\/product"}],"about":[{"href":"https:\/\/roveyayinevi.com.tr\/index.php\/wp-json\/wp\/v2\/types\/product"}],"wp:attachment":[{"href":"https:\/\/roveyayinevi.com.tr\/index.php\/wp-json\/wp\/v2\/media?parent=754878"}],"wp:term":[{"taxonomy":"product_brand","embeddable":true,"href":"https:\/\/roveyayinevi.com.tr\/index.php\/wp-json\/wp\/v2\/product_brand?post=754878"},{"taxonomy":"product_cat","embeddable":true,"href":"https:\/\/roveyayinevi.com.tr\/index.php\/wp-json\/wp\/v2\/product_cat?post=754878"},{"taxonomy":"product_tag","embeddable":true,"href":"https:\/\/roveyayinevi.com.tr\/index.php\/wp-json\/wp\/v2\/product_tag?post=754878"}],"curies":[{"name":"wp","href":"https:\/\/api.w.org\/{rel}","templated":true}]}}